{"id":10350,"date":"2023-08-16T12:10:55","date_gmt":"2023-08-16T12:10:55","guid":{"rendered":"https:\/\/pioneer-paper.com\/?page_id=10350"},"modified":"2024-09-14T15:27:58","modified_gmt":"2024-09-14T15:27:58","slug":"pioneer-paper","status":"publish","type":"page","link":"https:\/\/pioneer-paper.com\/de\/","title":{"rendered":"Pioneer Papier"},"content":{"rendered":"<h1>Wie bei Pioneer Papier gibt es nichts, was Sie nicht tun k\u00f6nnen.<\/h1>\n<h5>Lassen Sie sich inspirieren und gl\u00e4nzen Sie in allen Lebenslagen \u2013 mit einem Papier so vielseitig wie Sie selbst. Mit Papier von Pioneer wird Normales genial und Gew\u00f6hnliches au\u00dfergew\u00f6hnlich.<\/h5>\n<p><a class=\"btn\" href=\"\/de\/hier-erhaeltlich\/haendler\/\">Hier erh\u00e4ltlich<\/a>\u00a0<a class=\"btn btn--outline\" href=\"\/de\/uber\/leistung-und-ergebnisse\/\">Mehr erfahren<\/a><\/p>\n","protected":false},"excerpt":{"rendered":"<p>Wie bei Pioneer Papier gibt es nichts, was Sie nicht tun k\u00f6nnen. Lassen Sie sich inspirieren und gl\u00e4nzen Sie in allen Lebenslagen \u2013 mit einem Papier so vielseitig wie Sie selbst. Mit Papier von Pioneer wird Normales genial und Gew\u00f6hnliches au\u00dfergew\u00f6hnlich. Hier erh\u00e4ltlich\u00a0Mehr erfahren<\/p>\n","protected":false},"author":3,"featured_media":6615,"parent":0,"menu_order":0,"comment_status":"closed","ping_status":"closed","template":"","meta":{"inline_featured_image":false,"footnotes":""},"class_list":["post-10350","page","type-page","status-publish","has-post-thumbnail","hentry"],"acf":[],"yoast_head":"<!-- This site is optimized with the Yoast SEO plugin v26.8 - https:\/\/yoast.com\/product\/yoast-seo-wordpress\/ -->\n<title>Pioneer Papier<\/title>\n<meta name=\"description\" content=\"Pioneer B\u00fcropapier bietet ein komplettes Sortiment an hochwertigen L\u00f6sungen f\u00fcr den t\u00e4glichen Bedarf und anspruchsvolle Anwendungen.\" \/>\n<meta name=\"robots\" content=\"index, follow, max-snippet:-1, max-image-preview:large, max-video-preview:-1\" \/>\n<link rel=\"canonical\" href=\"https:\/\/pioneer-paper.com\/de\/\" \/>\n<meta property=\"og:locale\" content=\"de_DE\" \/>\n<meta property=\"og:type\" content=\"article\" \/>\n<meta property=\"og:title\" content=\"Pioneer Papier\" \/>\n<meta property=\"og:description\" content=\"Pioneer B\u00fcropapier bietet ein komplettes Sortiment an hochwertigen L\u00f6sungen f\u00fcr den t\u00e4glichen Bedarf und anspruchsvolle Anwendungen.\" \/>\n<meta property=\"og:url\" content=\"https:\/\/pioneer-paper.com\/de\/\" \/>\n<meta property=\"og:site_name\" content=\"Pioneer Paper\" \/>\n<meta property=\"article:modified_time\" content=\"2024-09-14T15:27:58+00:00\" \/>\n<meta property=\"og:image\" content=\"https:\/\/pioneer-paper.com\/wp-content\/uploads\/2023\/01\/Pioneer-Website-Img-Home-Hero-WomanBusiness.jpg\" \/>\n\t<meta property=\"og:image:width\" content=\"1920\" \/>\n\t<meta property=\"og:image:height\" content=\"970\" \/>\n\t<meta property=\"og:image:type\" content=\"image\/jpeg\" \/>\n<meta name=\"twitter:card\" content=\"summary_large_image\" \/>\n<meta name=\"twitter:label1\" content=\"Gesch\u00e4tzte Lesezeit\" \/>\n\t<meta name=\"twitter:data1\" content=\"1\u00a0Minute\" \/>\n<script type=\"application\/ld+json\" class=\"yoast-schema-graph\">{\"@context\":\"https:\/\/schema.org\",\"@graph\":[{\"@type\":\"WebPage\",\"@id\":\"https:\/\/pioneer-paper.com\/de\/\",\"url\":\"https:\/\/pioneer-paper.com\/de\/\",\"name\":\"Pioneer Papier\",\"isPartOf\":{\"@id\":\"https:\/\/pioneer-paper.com\/de\/#website\"},\"primaryImageOfPage\":{\"@id\":\"https:\/\/pioneer-paper.com\/de\/#primaryimage\"},\"image\":{\"@id\":\"https:\/\/pioneer-paper.com\/de\/#primaryimage\"},\"thumbnailUrl\":\"https:\/\/pioneer-paper.com\/wp-content\/uploads\/2023\/01\/Pioneer-Website-Img-Home-Hero-WomanBusiness.jpg\",\"datePublished\":\"2023-08-16T12:10:55+00:00\",\"dateModified\":\"2024-09-14T15:27:58+00:00\",\"description\":\"Pioneer B\u00fcropapier bietet ein komplettes Sortiment an hochwertigen L\u00f6sungen f\u00fcr den t\u00e4glichen Bedarf und anspruchsvolle Anwendungen.\",\"inLanguage\":\"de\",\"potentialAction\":[{\"@type\":\"ReadAction\",\"target\":[\"https:\/\/pioneer-paper.com\/de\/\"]}]},{\"@type\":\"ImageObject\",\"inLanguage\":\"de\",\"@id\":\"https:\/\/pioneer-paper.com\/de\/#primaryimage\",\"url\":\"https:\/\/pioneer-paper.com\/wp-content\/uploads\/2023\/01\/Pioneer-Website-Img-Home-Hero-WomanBusiness.jpg\",\"contentUrl\":\"https:\/\/pioneer-paper.com\/wp-content\/uploads\/2023\/01\/Pioneer-Website-Img-Home-Hero-WomanBusiness.jpg\",\"width\":1920,\"height\":970},{\"@type\":\"WebSite\",\"@id\":\"https:\/\/pioneer-paper.com\/de\/#website\",\"url\":\"https:\/\/pioneer-paper.com\/de\/\",\"name\":\"Pioneer Paper\",\"description\":\"Get Inspired\",\"potentialAction\":[{\"@type\":\"SearchAction\",\"target\":{\"@type\":\"EntryPoint\",\"urlTemplate\":\"https:\/\/pioneer-paper.com\/de\/?s={search_term_string}\"},\"query-input\":{\"@type\":\"PropertyValueSpecification\",\"valueRequired\":true,\"valueName\":\"search_term_string\"}}],\"inLanguage\":\"de\"}]}<\/script>\n<!-- \/ Yoast SEO plugin. -->","yoast_head_json":{"title":"Pioneer Papier","description":"Pioneer B\u00fcropapier bietet ein komplettes Sortiment an hochwertigen L\u00f6sungen f\u00fcr den t\u00e4glichen Bedarf und anspruchsvolle Anwendungen.","robots":{"index":"index","follow":"follow","max-snippet":"max-snippet:-1","max-image-preview":"max-image-preview:large","max-video-preview":"max-video-preview:-1"},"canonical":"https:\/\/pioneer-paper.com\/de\/","og_locale":"de_DE","og_type":"article","og_title":"Pioneer Papier","og_description":"Pioneer B\u00fcropapier bietet ein komplettes Sortiment an hochwertigen L\u00f6sungen f\u00fcr den t\u00e4glichen Bedarf und anspruchsvolle Anwendungen.","og_url":"https:\/\/pioneer-paper.com\/de\/","og_site_name":"Pioneer Paper","article_modified_time":"2024-09-14T15:27:58+00:00","og_image":[{"width":1920,"height":970,"url":"https:\/\/pioneer-paper.com\/wp-content\/uploads\/2023\/01\/Pioneer-Website-Img-Home-Hero-WomanBusiness.jpg","type":"image\/jpeg"}],"twitter_card":"summary_large_image","twitter_misc":{"Gesch\u00e4tzte Lesezeit":"1\u00a0Minute"},"schema":{"@context":"https:\/\/schema.org","@graph":[{"@type":"WebPage","@id":"https:\/\/pioneer-paper.com\/de\/","url":"https:\/\/pioneer-paper.com\/de\/","name":"Pioneer Papier","isPartOf":{"@id":"https:\/\/pioneer-paper.com\/de\/#website"},"primaryImageOfPage":{"@id":"https:\/\/pioneer-paper.com\/de\/#primaryimage"},"image":{"@id":"https:\/\/pioneer-paper.com\/de\/#primaryimage"},"thumbnailUrl":"https:\/\/pioneer-paper.com\/wp-content\/uploads\/2023\/01\/Pioneer-Website-Img-Home-Hero-WomanBusiness.jpg","datePublished":"2023-08-16T12:10:55+00:00","dateModified":"2024-09-14T15:27:58+00:00","description":"Pioneer B\u00fcropapier bietet ein komplettes Sortiment an hochwertigen L\u00f6sungen f\u00fcr den t\u00e4glichen Bedarf und anspruchsvolle Anwendungen.","inLanguage":"de","potentialAction":[{"@type":"ReadAction","target":["https:\/\/pioneer-paper.com\/de\/"]}]},{"@type":"ImageObject","inLanguage":"de","@id":"https:\/\/pioneer-paper.com\/de\/#primaryimage","url":"https:\/\/pioneer-paper.com\/wp-content\/uploads\/2023\/01\/Pioneer-Website-Img-Home-Hero-WomanBusiness.jpg","contentUrl":"https:\/\/pioneer-paper.com\/wp-content\/uploads\/2023\/01\/Pioneer-Website-Img-Home-Hero-WomanBusiness.jpg","width":1920,"height":970},{"@type":"WebSite","@id":"https:\/\/pioneer-paper.com\/de\/#website","url":"https:\/\/pioneer-paper.com\/de\/","name":"Pioneer Paper","description":"Get Inspired","potentialAction":[{"@type":"SearchAction","target":{"@type":"EntryPoint","urlTemplate":"https:\/\/pioneer-paper.com\/de\/?s={search_term_string}"},"query-input":{"@type":"PropertyValueSpecification","valueRequired":true,"valueName":"search_term_string"}}],"inLanguage":"de"}]}},"_links":{"self":[{"href":"https:\/\/pioneer-paper.com\/de\/wp-json\/wp\/v2\/pages\/10350","targetHints":{"allow":["GET"]}}],"collection":[{"href":"https:\/\/pioneer-paper.com\/de\/wp-json\/wp\/v2\/pages"}],"about":[{"href":"https:\/\/pioneer-paper.com\/de\/wp-json\/wp\/v2\/types\/page"}],"author":[{"embeddable":true,"href":"https:\/\/pioneer-paper.com\/de\/wp-json\/wp\/v2\/users\/3"}],"replies":[{"embeddable":true,"href":"https:\/\/pioneer-paper.com\/de\/wp-json\/wp\/v2\/comments?post=10350"}],"version-history":[{"count":6,"href":"https:\/\/pioneer-paper.com\/de\/wp-json\/wp\/v2\/pages\/10350\/revisions"}],"predecessor-version":[{"id":11274,"href":"https:\/\/pioneer-paper.com\/de\/wp-json\/wp\/v2\/pages\/10350\/revisions\/11274"}],"wp:featuredmedia":[{"embeddable":true,"href":"https:\/\/pioneer-paper.com\/de\/wp-json\/wp\/v2\/media\/6615"}],"wp:attachment":[{"href":"https:\/\/pioneer-paper.com\/de\/wp-json\/wp\/v2\/media?parent=10350"}],"curies":[{"name":"wp","href":"https:\/\/api.w.org\/{rel}","templated":true}]}}