{"id":10420,"date":"2023-09-07T10:55:04","date_gmt":"2023-09-07T10:55:04","guid":{"rendered":"https:\/\/pioneer-paper.com\/?page_id=10420"},"modified":"2023-09-12T08:50:56","modified_gmt":"2023-09-12T08:50:56","slug":"haendler","status":"publish","type":"page","link":"https:\/\/pioneer-paper.com\/de\/graphic\/hier-erhaeltlich\/haendler\/","title":{"rendered":"H\u00e4ndler"},"content":{"rendered":"<h2>H\u00e4ndler<\/h2>\n<h5><b data-stringify-type=\"bold\">Pioneer-Papier ist weltweit in \u00fcber 60 L\u00e4ndern erh\u00e4ltlich.<\/b><\/h5>\n<p>W\u00e4hlen Sie einen Ort und finden Sie einen H\u00e4ndler in Ihrer N\u00e4he.<\/p>\n","protected":false},"excerpt":{"rendered":"<p>H\u00e4ndler Pioneer-Papier ist weltweit in \u00fcber 60 L\u00e4ndern erh\u00e4ltlich. W\u00e4hlen Sie einen Ort und finden Sie einen H\u00e4ndler in Ihrer N\u00e4he.<\/p>\n","protected":false},"author":3,"featured_media":0,"parent":10416,"menu_order":0,"comment_status":"closed","ping_status":"closed","template":"","meta":{"inline_featured_image":false,"footnotes":""},"class_list":["post-10420","page","type-page","status-publish","hentry"],"acf":[],"yoast_head":"<!-- This site is optimized with the Yoast SEO plugin v26.8 - https:\/\/yoast.com\/product\/yoast-seo-wordpress\/ -->\n<title>H\u00e4ndler - Pioneer Paper<\/title>\n<meta name=\"description\" content=\"Pioneer-Papier ist weltweit in \u00fcber 60 L\u00e4ndern erh\u00e4ltlich. W\u00e4hlen Sie einen Ort und finden Sie einen H\u00e4ndler in Ihrer N\u00e4he.\" \/>\n<meta name=\"robots\" content=\"index, follow, max-snippet:-1, max-image-preview:large, max-video-preview:-1\" \/>\n<link rel=\"canonical\" href=\"https:\/\/pioneer-paper.com\/de\/graphic\/hier-erhaeltlich\/haendler\/\" \/>\n<meta property=\"og:locale\" content=\"de_DE\" \/>\n<meta property=\"og:type\" content=\"article\" \/>\n<meta property=\"og:title\" content=\"H\u00e4ndler - Pioneer Paper\" \/>\n<meta property=\"og:description\" content=\"Pioneer-Papier ist weltweit in \u00fcber 60 L\u00e4ndern erh\u00e4ltlich. W\u00e4hlen Sie einen Ort und finden Sie einen H\u00e4ndler in Ihrer N\u00e4he.\" \/>\n<meta property=\"og:url\" content=\"https:\/\/pioneer-paper.com\/de\/graphic\/hier-erhaeltlich\/haendler\/\" \/>\n<meta property=\"og:site_name\" content=\"Pioneer Paper\" \/>\n<meta property=\"article:modified_time\" content=\"2023-09-12T08:50:56+00:00\" \/>\n<meta name=\"twitter:card\" content=\"summary_large_image\" \/>\n<meta name=\"twitter:label1\" content=\"Gesch\u00e4tzte Lesezeit\" \/>\n\t<meta name=\"twitter:data1\" content=\"1\u00a0Minute\" \/>\n<script type=\"application\/ld+json\" class=\"yoast-schema-graph\">{\"@context\":\"https:\/\/schema.org\",\"@graph\":[{\"@type\":\"WebPage\",\"@id\":\"https:\/\/pioneer-paper.com\/de\/graphic\/hier-erhaeltlich\/haendler\/\",\"url\":\"https:\/\/pioneer-paper.com\/de\/graphic\/hier-erhaeltlich\/haendler\/\",\"name\":\"H\u00e4ndler - Pioneer Paper\",\"isPartOf\":{\"@id\":\"https:\/\/pioneer-paper.com\/de\/#website\"},\"datePublished\":\"2023-09-07T10:55:04+00:00\",\"dateModified\":\"2023-09-12T08:50:56+00:00\",\"description\":\"Pioneer-Papier ist weltweit in \u00fcber 60 L\u00e4ndern erh\u00e4ltlich. W\u00e4hlen Sie einen Ort und finden Sie einen H\u00e4ndler in Ihrer N\u00e4he.\",\"breadcrumb\":{\"@id\":\"https:\/\/pioneer-paper.com\/de\/graphic\/hier-erhaeltlich\/haendler\/#breadcrumb\"},\"inLanguage\":\"de\",\"potentialAction\":[{\"@type\":\"ReadAction\",\"target\":[\"https:\/\/pioneer-paper.com\/de\/graphic\/hier-erhaeltlich\/haendler\/\"]}]},{\"@type\":\"BreadcrumbList\",\"@id\":\"https:\/\/pioneer-paper.com\/de\/graphic\/hier-erhaeltlich\/haendler\/#breadcrumb\",\"itemListElement\":[{\"@type\":\"ListItem\",\"position\":1,\"name\":\"Pioneer Graphic\",\"item\":\"https:\/\/pioneer-paper.com\/de\/graphic\/\"},{\"@type\":\"ListItem\",\"position\":2,\"name\":\"Hier erh\u00e4ltlich\",\"item\":\"https:\/\/pioneer-paper.com\/de\/graphic\/where-to-buy\/\"},{\"@type\":\"ListItem\",\"position\":3,\"name\":\"H\u00e4ndler\"}]},{\"@type\":\"WebSite\",\"@id\":\"https:\/\/pioneer-paper.com\/de\/#website\",\"url\":\"https:\/\/pioneer-paper.com\/de\/\",\"name\":\"Pioneer Paper\",\"description\":\"Get Inspired\",\"potentialAction\":[{\"@type\":\"SearchAction\",\"target\":{\"@type\":\"EntryPoint\",\"urlTemplate\":\"https:\/\/pioneer-paper.com\/de\/?s={search_term_string}\"},\"query-input\":{\"@type\":\"PropertyValueSpecification\",\"valueRequired\":true,\"valueName\":\"search_term_string\"}}],\"inLanguage\":\"de\"}]}<\/script>\n<!-- \/ Yoast SEO plugin. -->","yoast_head_json":{"title":"H\u00e4ndler - Pioneer Paper","description":"Pioneer-Papier ist weltweit in \u00fcber 60 L\u00e4ndern erh\u00e4ltlich. W\u00e4hlen Sie einen Ort und finden Sie einen H\u00e4ndler in Ihrer N\u00e4he.","robots":{"index":"index","follow":"follow","max-snippet":"max-snippet:-1","max-image-preview":"max-image-preview:large","max-video-preview":"max-video-preview:-1"},"canonical":"https:\/\/pioneer-paper.com\/de\/graphic\/hier-erhaeltlich\/haendler\/","og_locale":"de_DE","og_type":"article","og_title":"H\u00e4ndler - Pioneer Paper","og_description":"Pioneer-Papier ist weltweit in \u00fcber 60 L\u00e4ndern erh\u00e4ltlich. W\u00e4hlen Sie einen Ort und finden Sie einen H\u00e4ndler in Ihrer N\u00e4he.","og_url":"https:\/\/pioneer-paper.com\/de\/graphic\/hier-erhaeltlich\/haendler\/","og_site_name":"Pioneer Paper","article_modified_time":"2023-09-12T08:50:56+00:00","twitter_card":"summary_large_image","twitter_misc":{"Gesch\u00e4tzte Lesezeit":"1\u00a0Minute"},"schema":{"@context":"https:\/\/schema.org","@graph":[{"@type":"WebPage","@id":"https:\/\/pioneer-paper.com\/de\/graphic\/hier-erhaeltlich\/haendler\/","url":"https:\/\/pioneer-paper.com\/de\/graphic\/hier-erhaeltlich\/haendler\/","name":"H\u00e4ndler - Pioneer Paper","isPartOf":{"@id":"https:\/\/pioneer-paper.com\/de\/#website"},"datePublished":"2023-09-07T10:55:04+00:00","dateModified":"2023-09-12T08:50:56+00:00","description":"Pioneer-Papier ist weltweit in \u00fcber 60 L\u00e4ndern erh\u00e4ltlich. W\u00e4hlen Sie einen Ort und finden Sie einen H\u00e4ndler in Ihrer N\u00e4he.","breadcrumb":{"@id":"https:\/\/pioneer-paper.com\/de\/graphic\/hier-erhaeltlich\/haendler\/#breadcrumb"},"inLanguage":"de","potentialAction":[{"@type":"ReadAction","target":["https:\/\/pioneer-paper.com\/de\/graphic\/hier-erhaeltlich\/haendler\/"]}]},{"@type":"BreadcrumbList","@id":"https:\/\/pioneer-paper.com\/de\/graphic\/hier-erhaeltlich\/haendler\/#breadcrumb","itemListElement":[{"@type":"ListItem","position":1,"name":"Pioneer Graphic","item":"https:\/\/pioneer-paper.com\/de\/graphic\/"},{"@type":"ListItem","position":2,"name":"Hier erh\u00e4ltlich","item":"https:\/\/pioneer-paper.com\/de\/graphic\/where-to-buy\/"},{"@type":"ListItem","position":3,"name":"H\u00e4ndler"}]},{"@type":"WebSite","@id":"https:\/\/pioneer-paper.com\/de\/#website","url":"https:\/\/pioneer-paper.com\/de\/","name":"Pioneer Paper","description":"Get Inspired","potentialAction":[{"@type":"SearchAction","target":{"@type":"EntryPoint","urlTemplate":"https:\/\/pioneer-paper.com\/de\/?s={search_term_string}"},"query-input":{"@type":"PropertyValueSpecification","valueRequired":true,"valueName":"search_term_string"}}],"inLanguage":"de"}]}},"_links":{"self":[{"href":"https:\/\/pioneer-paper.com\/de\/wp-json\/wp\/v2\/pages\/10420","targetHints":{"allow":["GET"]}}],"collection":[{"href":"https:\/\/pioneer-paper.com\/de\/wp-json\/wp\/v2\/pages"}],"about":[{"href":"https:\/\/pioneer-paper.com\/de\/wp-json\/wp\/v2\/types\/page"}],"author":[{"embeddable":true,"href":"https:\/\/pioneer-paper.com\/de\/wp-json\/wp\/v2\/users\/3"}],"replies":[{"embeddable":true,"href":"https:\/\/pioneer-paper.com\/de\/wp-json\/wp\/v2\/comments?post=10420"}],"version-history":[{"count":3,"href":"https:\/\/pioneer-paper.com\/de\/wp-json\/wp\/v2\/pages\/10420\/revisions"}],"predecessor-version":[{"id":10896,"href":"https:\/\/pioneer-paper.com\/de\/wp-json\/wp\/v2\/pages\/10420\/revisions\/10896"}],"up":[{"embeddable":true,"href":"https:\/\/pioneer-paper.com\/de\/wp-json\/wp\/v2\/pages\/10416"}],"wp:attachment":[{"href":"https:\/\/pioneer-paper.com\/de\/wp-json\/wp\/v2\/media?parent=10420"}],"curies":[{"name":"wp","href":"https:\/\/api.w.org\/{rel}","templated":true}]}}