{"id":10426,"date":"2023-09-07T11:02:22","date_gmt":"2023-09-07T11:02:22","guid":{"rendered":"https:\/\/pioneer-paper.com\/?page_id=10426"},"modified":"2023-09-14T09:00:36","modified_gmt":"2023-09-14T09:00:36","slug":"bezugsquellen","status":"publish","type":"page","link":"https:\/\/pioneer-paper.com\/de\/graphic\/hier-erhaeltlich\/bezugsquellen\/","title":{"rendered":"Bezugsquellen"},"content":{"rendered":"<h2>Bezugsquellen<\/h2>\n<h5>Pioneer-Papier ist weltweit in \u00fcber 60 L\u00e4ndern erh\u00e4ltlich.<\/h5>\n<p>W\u00e4hlen Sie einen Ort und finden Sie eine Verkaufsstelle in Ihrer N\u00e4he.<\/p>\n","protected":false},"excerpt":{"rendered":"<p>Bezugsquellen Pioneer-Papier ist weltweit in \u00fcber 60 L\u00e4ndern erh\u00e4ltlich. W\u00e4hlen Sie einen Ort und finden Sie eine Verkaufsstelle in Ihrer N\u00e4he.<\/p>\n","protected":false},"author":3,"featured_media":0,"parent":10416,"menu_order":0,"comment_status":"closed","ping_status":"closed","template":"","meta":{"inline_featured_image":false,"footnotes":""},"class_list":["post-10426","page","type-page","status-publish","hentry"],"acf":[],"yoast_head":"<!-- This site is optimized with the Yoast SEO plugin v26.8 - https:\/\/yoast.com\/product\/yoast-seo-wordpress\/ -->\n<title>Bezugsquellen - Pioneer Paper<\/title>\n<meta name=\"description\" content=\"Pioneer-B\u00fcropapier ist weltweit in \u00fcber 60 L\u00e4ndern erh\u00e4ltlich. W\u00e4hlen Sie einen Ort und finden Sie eine Verkaufsstelle in Ihrer N\u00e4he.\" \/>\n<meta name=\"robots\" content=\"index, follow, max-snippet:-1, max-image-preview:large, max-video-preview:-1\" \/>\n<link rel=\"canonical\" href=\"https:\/\/pioneer-paper.com\/de\/graphic\/hier-erhaeltlich\/bezugsquellen\/\" \/>\n<meta property=\"og:locale\" content=\"de_DE\" \/>\n<meta property=\"og:type\" content=\"article\" \/>\n<meta property=\"og:title\" content=\"Bezugsquellen - Pioneer Paper\" \/>\n<meta property=\"og:description\" content=\"Pioneer-B\u00fcropapier ist weltweit in \u00fcber 60 L\u00e4ndern erh\u00e4ltlich. W\u00e4hlen Sie einen Ort und finden Sie eine Verkaufsstelle in Ihrer N\u00e4he.\" \/>\n<meta property=\"og:url\" content=\"https:\/\/pioneer-paper.com\/de\/graphic\/hier-erhaeltlich\/bezugsquellen\/\" \/>\n<meta property=\"og:site_name\" content=\"Pioneer Paper\" \/>\n<meta property=\"article:modified_time\" content=\"2023-09-14T09:00:36+00:00\" \/>\n<meta name=\"twitter:card\" content=\"summary_large_image\" \/>\n<meta name=\"twitter:label1\" content=\"Gesch\u00e4tzte Lesezeit\" \/>\n\t<meta name=\"twitter:data1\" content=\"1\u00a0Minute\" \/>\n<script type=\"application\/ld+json\" class=\"yoast-schema-graph\">{\"@context\":\"https:\/\/schema.org\",\"@graph\":[{\"@type\":\"WebPage\",\"@id\":\"https:\/\/pioneer-paper.com\/de\/graphic\/hier-erhaeltlich\/bezugsquellen\/\",\"url\":\"https:\/\/pioneer-paper.com\/de\/graphic\/hier-erhaeltlich\/bezugsquellen\/\",\"name\":\"Bezugsquellen - Pioneer Paper\",\"isPartOf\":{\"@id\":\"https:\/\/pioneer-paper.com\/de\/#website\"},\"datePublished\":\"2023-09-07T11:02:22+00:00\",\"dateModified\":\"2023-09-14T09:00:36+00:00\",\"description\":\"Pioneer-B\u00fcropapier ist weltweit in \u00fcber 60 L\u00e4ndern erh\u00e4ltlich. W\u00e4hlen Sie einen Ort und finden Sie eine Verkaufsstelle in Ihrer N\u00e4he.\",\"breadcrumb\":{\"@id\":\"https:\/\/pioneer-paper.com\/de\/graphic\/hier-erhaeltlich\/bezugsquellen\/#breadcrumb\"},\"inLanguage\":\"de\",\"potentialAction\":[{\"@type\":\"ReadAction\",\"target\":[\"https:\/\/pioneer-paper.com\/de\/graphic\/hier-erhaeltlich\/bezugsquellen\/\"]}]},{\"@type\":\"BreadcrumbList\",\"@id\":\"https:\/\/pioneer-paper.com\/de\/graphic\/hier-erhaeltlich\/bezugsquellen\/#breadcrumb\",\"itemListElement\":[{\"@type\":\"ListItem\",\"position\":1,\"name\":\"Pioneer Graphic\",\"item\":\"https:\/\/pioneer-paper.com\/de\/graphic\/\"},{\"@type\":\"ListItem\",\"position\":2,\"name\":\"Hier erh\u00e4ltlich\",\"item\":\"https:\/\/pioneer-paper.com\/de\/graphic\/where-to-buy\/\"},{\"@type\":\"ListItem\",\"position\":3,\"name\":\"Bezugsquellen\"}]},{\"@type\":\"WebSite\",\"@id\":\"https:\/\/pioneer-paper.com\/de\/#website\",\"url\":\"https:\/\/pioneer-paper.com\/de\/\",\"name\":\"Pioneer Paper\",\"description\":\"Get Inspired\",\"potentialAction\":[{\"@type\":\"SearchAction\",\"target\":{\"@type\":\"EntryPoint\",\"urlTemplate\":\"https:\/\/pioneer-paper.com\/de\/?s={search_term_string}\"},\"query-input\":{\"@type\":\"PropertyValueSpecification\",\"valueRequired\":true,\"valueName\":\"search_term_string\"}}],\"inLanguage\":\"de\"}]}<\/script>\n<!-- \/ Yoast SEO plugin. -->","yoast_head_json":{"title":"Bezugsquellen - Pioneer Paper","description":"Pioneer-B\u00fcropapier ist weltweit in \u00fcber 60 L\u00e4ndern erh\u00e4ltlich. W\u00e4hlen Sie einen Ort und finden Sie eine Verkaufsstelle in Ihrer N\u00e4he.","robots":{"index":"index","follow":"follow","max-snippet":"max-snippet:-1","max-image-preview":"max-image-preview:large","max-video-preview":"max-video-preview:-1"},"canonical":"https:\/\/pioneer-paper.com\/de\/graphic\/hier-erhaeltlich\/bezugsquellen\/","og_locale":"de_DE","og_type":"article","og_title":"Bezugsquellen - Pioneer Paper","og_description":"Pioneer-B\u00fcropapier ist weltweit in \u00fcber 60 L\u00e4ndern erh\u00e4ltlich. W\u00e4hlen Sie einen Ort und finden Sie eine Verkaufsstelle in Ihrer N\u00e4he.","og_url":"https:\/\/pioneer-paper.com\/de\/graphic\/hier-erhaeltlich\/bezugsquellen\/","og_site_name":"Pioneer Paper","article_modified_time":"2023-09-14T09:00:36+00:00","twitter_card":"summary_large_image","twitter_misc":{"Gesch\u00e4tzte Lesezeit":"1\u00a0Minute"},"schema":{"@context":"https:\/\/schema.org","@graph":[{"@type":"WebPage","@id":"https:\/\/pioneer-paper.com\/de\/graphic\/hier-erhaeltlich\/bezugsquellen\/","url":"https:\/\/pioneer-paper.com\/de\/graphic\/hier-erhaeltlich\/bezugsquellen\/","name":"Bezugsquellen - Pioneer Paper","isPartOf":{"@id":"https:\/\/pioneer-paper.com\/de\/#website"},"datePublished":"2023-09-07T11:02:22+00:00","dateModified":"2023-09-14T09:00:36+00:00","description":"Pioneer-B\u00fcropapier ist weltweit in \u00fcber 60 L\u00e4ndern erh\u00e4ltlich. W\u00e4hlen Sie einen Ort und finden Sie eine Verkaufsstelle in Ihrer N\u00e4he.","breadcrumb":{"@id":"https:\/\/pioneer-paper.com\/de\/graphic\/hier-erhaeltlich\/bezugsquellen\/#breadcrumb"},"inLanguage":"de","potentialAction":[{"@type":"ReadAction","target":["https:\/\/pioneer-paper.com\/de\/graphic\/hier-erhaeltlich\/bezugsquellen\/"]}]},{"@type":"BreadcrumbList","@id":"https:\/\/pioneer-paper.com\/de\/graphic\/hier-erhaeltlich\/bezugsquellen\/#breadcrumb","itemListElement":[{"@type":"ListItem","position":1,"name":"Pioneer Graphic","item":"https:\/\/pioneer-paper.com\/de\/graphic\/"},{"@type":"ListItem","position":2,"name":"Hier erh\u00e4ltlich","item":"https:\/\/pioneer-paper.com\/de\/graphic\/where-to-buy\/"},{"@type":"ListItem","position":3,"name":"Bezugsquellen"}]},{"@type":"WebSite","@id":"https:\/\/pioneer-paper.com\/de\/#website","url":"https:\/\/pioneer-paper.com\/de\/","name":"Pioneer Paper","description":"Get Inspired","potentialAction":[{"@type":"SearchAction","target":{"@type":"EntryPoint","urlTemplate":"https:\/\/pioneer-paper.com\/de\/?s={search_term_string}"},"query-input":{"@type":"PropertyValueSpecification","valueRequired":true,"valueName":"search_term_string"}}],"inLanguage":"de"}]}},"_links":{"self":[{"href":"https:\/\/pioneer-paper.com\/de\/wp-json\/wp\/v2\/pages\/10426","targetHints":{"allow":["GET"]}}],"collection":[{"href":"https:\/\/pioneer-paper.com\/de\/wp-json\/wp\/v2\/pages"}],"about":[{"href":"https:\/\/pioneer-paper.com\/de\/wp-json\/wp\/v2\/types\/page"}],"author":[{"embeddable":true,"href":"https:\/\/pioneer-paper.com\/de\/wp-json\/wp\/v2\/users\/3"}],"replies":[{"embeddable":true,"href":"https:\/\/pioneer-paper.com\/de\/wp-json\/wp\/v2\/comments?post=10426"}],"version-history":[{"count":3,"href":"https:\/\/pioneer-paper.com\/de\/wp-json\/wp\/v2\/pages\/10426\/revisions"}],"predecessor-version":[{"id":11205,"href":"https:\/\/pioneer-paper.com\/de\/wp-json\/wp\/v2\/pages\/10426\/revisions\/11205"}],"up":[{"embeddable":true,"href":"https:\/\/pioneer-paper.com\/de\/wp-json\/wp\/v2\/pages\/10416"}],"wp:attachment":[{"href":"https:\/\/pioneer-paper.com\/de\/wp-json\/wp\/v2\/media?parent=10426"}],"curies":[{"name":"wp","href":"https:\/\/api.w.org\/{rel}","templated":true}]}}