{"id":10434,"date":"2023-09-07T12:28:16","date_gmt":"2023-09-07T12:28:16","guid":{"rendered":"https:\/\/pioneer-paper.com\/?page_id=10434"},"modified":"2023-09-20T15:15:59","modified_gmt":"2023-09-20T15:15:59","slug":"markenziel","status":"publish","type":"page","link":"https:\/\/pioneer-paper.com\/de\/graphic\/uber\/markenziel\/","title":{"rendered":"Markenziel"},"content":{"rendered":"<p>&nbsp;<\/p>\n<h2>Lassen Sie sich inspirieren. Erledigen Sie es.<\/h2>\n<h5>Die Marke Pioneer steht f\u00fcr die Wertsch\u00e4tzung von Frauen und f\u00fcr die erstaunlichen Dinge, die man erreichen kann, wenn man seine Ziele in die Realit\u00e4t umsetzt.<\/h5>\n<p>Mit Pioneer ist die Zukunft gl\u00e4nzend. Auf geht\u00b4s!<\/p>\n","protected":false},"excerpt":{"rendered":"<p>&nbsp; Lassen Sie sich inspirieren. Erledigen Sie es. Die Marke Pioneer steht f\u00fcr die Wertsch\u00e4tzung von Frauen und f\u00fcr die erstaunlichen Dinge, die man erreichen kann, wenn man seine Ziele in die Realit\u00e4t umsetzt. Mit Pioneer ist die Zukunft gl\u00e4nzend. Auf geht\u00b4s!<\/p>\n","protected":false},"author":3,"featured_media":0,"parent":9620,"menu_order":0,"comment_status":"closed","ping_status":"closed","template":"","meta":{"inline_featured_image":false,"footnotes":""},"class_list":["post-10434","page","type-page","status-publish","hentry"],"acf":[],"yoast_head":"<!-- This site is optimized with the Yoast SEO plugin v26.8 - https:\/\/yoast.com\/product\/yoast-seo-wordpress\/ -->\n<title>Markenziel - Pioneer Paper<\/title>\n<meta name=\"description\" content=\"Mit dem f\u00fcr seine Qualit\u00e4t und Vielseitigkeit bekannten Papier von Pioneer k\u00f6nnen Sie aus jeder Idee etwas Besonderes machen.\" \/>\n<meta name=\"robots\" content=\"index, follow, max-snippet:-1, max-image-preview:large, max-video-preview:-1\" \/>\n<link rel=\"canonical\" href=\"https:\/\/pioneer-paper.com\/de\/graphic\/uber\/markenziel\/\" \/>\n<meta property=\"og:locale\" content=\"de_DE\" \/>\n<meta property=\"og:type\" content=\"article\" \/>\n<meta property=\"og:title\" content=\"Markenziel - Pioneer Paper\" \/>\n<meta property=\"og:description\" content=\"Mit dem f\u00fcr seine Qualit\u00e4t und Vielseitigkeit bekannten Papier von Pioneer k\u00f6nnen Sie aus jeder Idee etwas Besonderes machen.\" \/>\n<meta property=\"og:url\" content=\"https:\/\/pioneer-paper.com\/de\/graphic\/uber\/markenziel\/\" \/>\n<meta property=\"og:site_name\" content=\"Pioneer Paper\" \/>\n<meta property=\"article:modified_time\" content=\"2023-09-20T15:15:59+00:00\" \/>\n<meta name=\"twitter:card\" content=\"summary_large_image\" \/>\n<meta name=\"twitter:label1\" content=\"Gesch\u00e4tzte Lesezeit\" \/>\n\t<meta name=\"twitter:data1\" content=\"1\u00a0Minute\" \/>\n<script type=\"application\/ld+json\" class=\"yoast-schema-graph\">{\"@context\":\"https:\/\/schema.org\",\"@graph\":[{\"@type\":\"WebPage\",\"@id\":\"https:\/\/pioneer-paper.com\/de\/graphic\/uber\/markenziel\/\",\"url\":\"https:\/\/pioneer-paper.com\/de\/graphic\/uber\/markenziel\/\",\"name\":\"Markenziel - Pioneer Paper\",\"isPartOf\":{\"@id\":\"https:\/\/pioneer-paper.com\/de\/#website\"},\"datePublished\":\"2023-09-07T12:28:16+00:00\",\"dateModified\":\"2023-09-20T15:15:59+00:00\",\"description\":\"Mit dem f\u00fcr seine Qualit\u00e4t und Vielseitigkeit bekannten Papier von Pioneer k\u00f6nnen Sie aus jeder Idee etwas Besonderes machen.\",\"breadcrumb\":{\"@id\":\"https:\/\/pioneer-paper.com\/de\/graphic\/uber\/markenziel\/#breadcrumb\"},\"inLanguage\":\"de\",\"potentialAction\":[{\"@type\":\"ReadAction\",\"target\":[\"https:\/\/pioneer-paper.com\/de\/graphic\/uber\/markenziel\/\"]}]},{\"@type\":\"BreadcrumbList\",\"@id\":\"https:\/\/pioneer-paper.com\/de\/graphic\/uber\/markenziel\/#breadcrumb\",\"itemListElement\":[{\"@type\":\"ListItem\",\"position\":1,\"name\":\"Pioneer Graphic\",\"item\":\"https:\/\/pioneer-paper.com\/de\/graphic\/\"},{\"@type\":\"ListItem\",\"position\":2,\"name\":\"\u00dcber\",\"item\":\"https:\/\/pioneer-paper.com\/de\/graphic\/about\/\"},{\"@type\":\"ListItem\",\"position\":3,\"name\":\"Markenziel\"}]},{\"@type\":\"WebSite\",\"@id\":\"https:\/\/pioneer-paper.com\/de\/#website\",\"url\":\"https:\/\/pioneer-paper.com\/de\/\",\"name\":\"Pioneer Paper\",\"description\":\"Get Inspired\",\"potentialAction\":[{\"@type\":\"SearchAction\",\"target\":{\"@type\":\"EntryPoint\",\"urlTemplate\":\"https:\/\/pioneer-paper.com\/de\/?s={search_term_string}\"},\"query-input\":{\"@type\":\"PropertyValueSpecification\",\"valueRequired\":true,\"valueName\":\"search_term_string\"}}],\"inLanguage\":\"de\"}]}<\/script>\n<!-- \/ Yoast SEO plugin. -->","yoast_head_json":{"title":"Markenziel - Pioneer Paper","description":"Mit dem f\u00fcr seine Qualit\u00e4t und Vielseitigkeit bekannten Papier von Pioneer k\u00f6nnen Sie aus jeder Idee etwas Besonderes machen.","robots":{"index":"index","follow":"follow","max-snippet":"max-snippet:-1","max-image-preview":"max-image-preview:large","max-video-preview":"max-video-preview:-1"},"canonical":"https:\/\/pioneer-paper.com\/de\/graphic\/uber\/markenziel\/","og_locale":"de_DE","og_type":"article","og_title":"Markenziel - Pioneer Paper","og_description":"Mit dem f\u00fcr seine Qualit\u00e4t und Vielseitigkeit bekannten Papier von Pioneer k\u00f6nnen Sie aus jeder Idee etwas Besonderes machen.","og_url":"https:\/\/pioneer-paper.com\/de\/graphic\/uber\/markenziel\/","og_site_name":"Pioneer Paper","article_modified_time":"2023-09-20T15:15:59+00:00","twitter_card":"summary_large_image","twitter_misc":{"Gesch\u00e4tzte Lesezeit":"1\u00a0Minute"},"schema":{"@context":"https:\/\/schema.org","@graph":[{"@type":"WebPage","@id":"https:\/\/pioneer-paper.com\/de\/graphic\/uber\/markenziel\/","url":"https:\/\/pioneer-paper.com\/de\/graphic\/uber\/markenziel\/","name":"Markenziel - Pioneer Paper","isPartOf":{"@id":"https:\/\/pioneer-paper.com\/de\/#website"},"datePublished":"2023-09-07T12:28:16+00:00","dateModified":"2023-09-20T15:15:59+00:00","description":"Mit dem f\u00fcr seine Qualit\u00e4t und Vielseitigkeit bekannten Papier von Pioneer k\u00f6nnen Sie aus jeder Idee etwas Besonderes machen.","breadcrumb":{"@id":"https:\/\/pioneer-paper.com\/de\/graphic\/uber\/markenziel\/#breadcrumb"},"inLanguage":"de","potentialAction":[{"@type":"ReadAction","target":["https:\/\/pioneer-paper.com\/de\/graphic\/uber\/markenziel\/"]}]},{"@type":"BreadcrumbList","@id":"https:\/\/pioneer-paper.com\/de\/graphic\/uber\/markenziel\/#breadcrumb","itemListElement":[{"@type":"ListItem","position":1,"name":"Pioneer Graphic","item":"https:\/\/pioneer-paper.com\/de\/graphic\/"},{"@type":"ListItem","position":2,"name":"\u00dcber","item":"https:\/\/pioneer-paper.com\/de\/graphic\/about\/"},{"@type":"ListItem","position":3,"name":"Markenziel"}]},{"@type":"WebSite","@id":"https:\/\/pioneer-paper.com\/de\/#website","url":"https:\/\/pioneer-paper.com\/de\/","name":"Pioneer Paper","description":"Get Inspired","potentialAction":[{"@type":"SearchAction","target":{"@type":"EntryPoint","urlTemplate":"https:\/\/pioneer-paper.com\/de\/?s={search_term_string}"},"query-input":{"@type":"PropertyValueSpecification","valueRequired":true,"valueName":"search_term_string"}}],"inLanguage":"de"}]}},"_links":{"self":[{"href":"https:\/\/pioneer-paper.com\/de\/wp-json\/wp\/v2\/pages\/10434","targetHints":{"allow":["GET"]}}],"collection":[{"href":"https:\/\/pioneer-paper.com\/de\/wp-json\/wp\/v2\/pages"}],"about":[{"href":"https:\/\/pioneer-paper.com\/de\/wp-json\/wp\/v2\/types\/page"}],"author":[{"embeddable":true,"href":"https:\/\/pioneer-paper.com\/de\/wp-json\/wp\/v2\/users\/3"}],"replies":[{"embeddable":true,"href":"https:\/\/pioneer-paper.com\/de\/wp-json\/wp\/v2\/comments?post=10434"}],"version-history":[{"count":3,"href":"https:\/\/pioneer-paper.com\/de\/wp-json\/wp\/v2\/pages\/10434\/revisions"}],"predecessor-version":[{"id":11235,"href":"https:\/\/pioneer-paper.com\/de\/wp-json\/wp\/v2\/pages\/10434\/revisions\/11235"}],"up":[{"embeddable":true,"href":"https:\/\/pioneer-paper.com\/de\/wp-json\/wp\/v2\/pages\/9620"}],"wp:attachment":[{"href":"https:\/\/pioneer-paper.com\/de\/wp-json\/wp\/v2\/media?parent=10434"}],"curies":[{"name":"wp","href":"https:\/\/api.w.org\/{rel}","templated":true}]}}