{"id":10438,"date":"2023-09-07T13:39:54","date_gmt":"2023-09-07T13:39:54","guid":{"rendered":"https:\/\/pioneer-paper.com\/?page_id=10438"},"modified":"2023-09-12T09:14:37","modified_gmt":"2023-09-12T09:14:37","slug":"produktion-und-zertifizierungen","status":"publish","type":"page","link":"https:\/\/pioneer-paper.com\/de\/graphic\/uber\/produktion-und-zertifizierungen\/","title":{"rendered":"Produktion und Zertifizierungen"},"content":{"rendered":"<h2>Produktion und Zertifizierungen.<\/h2>\n<h5>Pioneer-Papier geht mit zwei Begriffen einher: Innovation und Nachhaltigkeit.<\/h5>\n<p>Hochmoderne Technologie, einzigartige Rohstoffe und optimierte Fertigungsprozesse sorgen in der Summe f\u00fcr  beste Druckergebnisse. Dank seines ausgepr\u00e4gten Verantwortungsbewusstseins f\u00fcr die Umwelt und seines Engagements f\u00fcr Qualit\u00e4t hat Pioneer Papier zahlreiche Zertifizierungen erhalten.<\/p>\n","protected":false},"excerpt":{"rendered":"<p>Produktion und Zertifizierungen. Pioneer-Papier geht mit zwei Begriffen einher: Innovation und Nachhaltigkeit. Hochmoderne Technologie, einzigartige Rohstoffe und optimierte Fertigungsprozesse sorgen in der Summe f\u00fcr beste Druckergebnisse. Dank seines ausgepr\u00e4gten Verantwortungsbewusstseins f\u00fcr die Umwelt und seines Engagements f\u00fcr Qualit\u00e4t hat Pioneer Papier zahlreiche Zertifizierungen erhalten.<\/p>\n","protected":false},"author":3,"featured_media":0,"parent":9620,"menu_order":0,"comment_status":"closed","ping_status":"closed","template":"","meta":{"inline_featured_image":false,"footnotes":""},"class_list":["post-10438","page","type-page","status-publish","hentry"],"acf":[],"yoast_head":"<!-- This site is optimized with the Yoast SEO plugin v26.8 - https:\/\/yoast.com\/product\/yoast-seo-wordpress\/ -->\n<title>Produktion und Zertifizierungen - Pioneer Paper<\/title>\n<meta name=\"description\" content=\"Verschiedene Zertifizierungen des Pioneer-Papiers best\u00e4tigen das starke Engagement f\u00fcr Qualit\u00e4t und \u00f6kologische Verantwortung.\" \/>\n<meta name=\"robots\" content=\"index, follow, max-snippet:-1, max-image-preview:large, max-video-preview:-1\" \/>\n<link rel=\"canonical\" href=\"https:\/\/pioneer-paper.com\/de\/graphic\/uber\/produktion-und-zertifizierungen\/\" \/>\n<meta property=\"og:locale\" content=\"de_DE\" \/>\n<meta property=\"og:type\" content=\"article\" \/>\n<meta property=\"og:title\" content=\"Produktion und Zertifizierungen - Pioneer Paper\" \/>\n<meta property=\"og:description\" content=\"Verschiedene Zertifizierungen des Pioneer-Papiers best\u00e4tigen das starke Engagement f\u00fcr Qualit\u00e4t und \u00f6kologische Verantwortung.\" \/>\n<meta property=\"og:url\" content=\"https:\/\/pioneer-paper.com\/de\/graphic\/uber\/produktion-und-zertifizierungen\/\" \/>\n<meta property=\"og:site_name\" content=\"Pioneer Paper\" \/>\n<meta property=\"article:modified_time\" content=\"2023-09-12T09:14:37+00:00\" \/>\n<meta name=\"twitter:card\" content=\"summary_large_image\" \/>\n<meta name=\"twitter:label1\" content=\"Gesch\u00e4tzte Lesezeit\" \/>\n\t<meta name=\"twitter:data1\" content=\"1\u00a0Minute\" \/>\n<script type=\"application\/ld+json\" class=\"yoast-schema-graph\">{\"@context\":\"https:\/\/schema.org\",\"@graph\":[{\"@type\":\"WebPage\",\"@id\":\"https:\/\/pioneer-paper.com\/de\/graphic\/uber\/produktion-und-zertifizierungen\/\",\"url\":\"https:\/\/pioneer-paper.com\/de\/graphic\/uber\/produktion-und-zertifizierungen\/\",\"name\":\"Produktion und Zertifizierungen - Pioneer Paper\",\"isPartOf\":{\"@id\":\"https:\/\/pioneer-paper.com\/de\/#website\"},\"datePublished\":\"2023-09-07T13:39:54+00:00\",\"dateModified\":\"2023-09-12T09:14:37+00:00\",\"description\":\"Verschiedene Zertifizierungen des Pioneer-Papiers best\u00e4tigen das starke Engagement f\u00fcr Qualit\u00e4t und \u00f6kologische Verantwortung.\",\"breadcrumb\":{\"@id\":\"https:\/\/pioneer-paper.com\/de\/graphic\/uber\/produktion-und-zertifizierungen\/#breadcrumb\"},\"inLanguage\":\"de\",\"potentialAction\":[{\"@type\":\"ReadAction\",\"target\":[\"https:\/\/pioneer-paper.com\/de\/graphic\/uber\/produktion-und-zertifizierungen\/\"]}]},{\"@type\":\"BreadcrumbList\",\"@id\":\"https:\/\/pioneer-paper.com\/de\/graphic\/uber\/produktion-und-zertifizierungen\/#breadcrumb\",\"itemListElement\":[{\"@type\":\"ListItem\",\"position\":1,\"name\":\"Pioneer Graphic\",\"item\":\"https:\/\/pioneer-paper.com\/de\/graphic\/\"},{\"@type\":\"ListItem\",\"position\":2,\"name\":\"\u00dcber\",\"item\":\"https:\/\/pioneer-paper.com\/de\/graphic\/about\/\"},{\"@type\":\"ListItem\",\"position\":3,\"name\":\"Produktion und Zertifizierungen\"}]},{\"@type\":\"WebSite\",\"@id\":\"https:\/\/pioneer-paper.com\/de\/#website\",\"url\":\"https:\/\/pioneer-paper.com\/de\/\",\"name\":\"Pioneer Paper\",\"description\":\"Get Inspired\",\"potentialAction\":[{\"@type\":\"SearchAction\",\"target\":{\"@type\":\"EntryPoint\",\"urlTemplate\":\"https:\/\/pioneer-paper.com\/de\/?s={search_term_string}\"},\"query-input\":{\"@type\":\"PropertyValueSpecification\",\"valueRequired\":true,\"valueName\":\"search_term_string\"}}],\"inLanguage\":\"de\"}]}<\/script>\n<!-- \/ Yoast SEO plugin. -->","yoast_head_json":{"title":"Produktion und Zertifizierungen - Pioneer Paper","description":"Verschiedene Zertifizierungen des Pioneer-Papiers best\u00e4tigen das starke Engagement f\u00fcr Qualit\u00e4t und \u00f6kologische Verantwortung.","robots":{"index":"index","follow":"follow","max-snippet":"max-snippet:-1","max-image-preview":"max-image-preview:large","max-video-preview":"max-video-preview:-1"},"canonical":"https:\/\/pioneer-paper.com\/de\/graphic\/uber\/produktion-und-zertifizierungen\/","og_locale":"de_DE","og_type":"article","og_title":"Produktion und Zertifizierungen - Pioneer Paper","og_description":"Verschiedene Zertifizierungen des Pioneer-Papiers best\u00e4tigen das starke Engagement f\u00fcr Qualit\u00e4t und \u00f6kologische Verantwortung.","og_url":"https:\/\/pioneer-paper.com\/de\/graphic\/uber\/produktion-und-zertifizierungen\/","og_site_name":"Pioneer Paper","article_modified_time":"2023-09-12T09:14:37+00:00","twitter_card":"summary_large_image","twitter_misc":{"Gesch\u00e4tzte Lesezeit":"1\u00a0Minute"},"schema":{"@context":"https:\/\/schema.org","@graph":[{"@type":"WebPage","@id":"https:\/\/pioneer-paper.com\/de\/graphic\/uber\/produktion-und-zertifizierungen\/","url":"https:\/\/pioneer-paper.com\/de\/graphic\/uber\/produktion-und-zertifizierungen\/","name":"Produktion und Zertifizierungen - Pioneer Paper","isPartOf":{"@id":"https:\/\/pioneer-paper.com\/de\/#website"},"datePublished":"2023-09-07T13:39:54+00:00","dateModified":"2023-09-12T09:14:37+00:00","description":"Verschiedene Zertifizierungen des Pioneer-Papiers best\u00e4tigen das starke Engagement f\u00fcr Qualit\u00e4t und \u00f6kologische Verantwortung.","breadcrumb":{"@id":"https:\/\/pioneer-paper.com\/de\/graphic\/uber\/produktion-und-zertifizierungen\/#breadcrumb"},"inLanguage":"de","potentialAction":[{"@type":"ReadAction","target":["https:\/\/pioneer-paper.com\/de\/graphic\/uber\/produktion-und-zertifizierungen\/"]}]},{"@type":"BreadcrumbList","@id":"https:\/\/pioneer-paper.com\/de\/graphic\/uber\/produktion-und-zertifizierungen\/#breadcrumb","itemListElement":[{"@type":"ListItem","position":1,"name":"Pioneer Graphic","item":"https:\/\/pioneer-paper.com\/de\/graphic\/"},{"@type":"ListItem","position":2,"name":"\u00dcber","item":"https:\/\/pioneer-paper.com\/de\/graphic\/about\/"},{"@type":"ListItem","position":3,"name":"Produktion und Zertifizierungen"}]},{"@type":"WebSite","@id":"https:\/\/pioneer-paper.com\/de\/#website","url":"https:\/\/pioneer-paper.com\/de\/","name":"Pioneer Paper","description":"Get Inspired","potentialAction":[{"@type":"SearchAction","target":{"@type":"EntryPoint","urlTemplate":"https:\/\/pioneer-paper.com\/de\/?s={search_term_string}"},"query-input":{"@type":"PropertyValueSpecification","valueRequired":true,"valueName":"search_term_string"}}],"inLanguage":"de"}]}},"_links":{"self":[{"href":"https:\/\/pioneer-paper.com\/de\/wp-json\/wp\/v2\/pages\/10438","targetHints":{"allow":["GET"]}}],"collection":[{"href":"https:\/\/pioneer-paper.com\/de\/wp-json\/wp\/v2\/pages"}],"about":[{"href":"https:\/\/pioneer-paper.com\/de\/wp-json\/wp\/v2\/types\/page"}],"author":[{"embeddable":true,"href":"https:\/\/pioneer-paper.com\/de\/wp-json\/wp\/v2\/users\/3"}],"replies":[{"embeddable":true,"href":"https:\/\/pioneer-paper.com\/de\/wp-json\/wp\/v2\/comments?post=10438"}],"version-history":[{"count":2,"href":"https:\/\/pioneer-paper.com\/de\/wp-json\/wp\/v2\/pages\/10438\/revisions"}],"predecessor-version":[{"id":10901,"href":"https:\/\/pioneer-paper.com\/de\/wp-json\/wp\/v2\/pages\/10438\/revisions\/10901"}],"up":[{"embeddable":true,"href":"https:\/\/pioneer-paper.com\/de\/wp-json\/wp\/v2\/pages\/9620"}],"wp:attachment":[{"href":"https:\/\/pioneer-paper.com\/de\/wp-json\/wp\/v2\/media?parent=10438"}],"curies":[{"name":"wp","href":"https:\/\/api.w.org\/{rel}","templated":true}]}}