{"id":10446,"date":"2022-12-22T12:37:31","date_gmt":"2022-12-22T12:37:31","guid":{"rendered":"https:\/\/pioneer-paper.com\/pioneer-graphic\/produkte\/pre-print\/"},"modified":"2023-09-12T08:53:56","modified_gmt":"2023-09-12T08:53:56","slug":"pre-print","status":"publish","type":"page","link":"https:\/\/pioneer-paper.com\/de\/graphic\/produkte\/pre-print\/","title":{"rendered":"Pioneer Graphic Pre-Print"},"content":{"rendered":"<h1>Meistert jede Druckherausforderung.<\/h1>\n<h5>Speziell entwickelt f\u00fcr die nachtr\u00e4gliche Individualisierung mit Laser- und Inkjetdruckern, Kopierern und Faxdruckern.<\/h5>\n","protected":false},"excerpt":{"rendered":"<p>Meistert jede Druckherausforderung. Speziell entwickelt f\u00fcr die nachtr\u00e4gliche Individualisierung mit Laser- und Inkjetdruckern, Kopierern und Faxdruckern.<\/p>\n","protected":false},"author":3,"featured_media":6211,"parent":10411,"menu_order":1,"comment_status":"closed","ping_status":"closed","template":"templates\/product-graphic.php","meta":{"inline_featured_image":false,"footnotes":""},"class_list":["post-10446","page","type-page","status-publish","has-post-thumbnail","hentry"],"acf":[],"yoast_head":"<!-- This site is optimized with the Yoast SEO plugin v26.8 - https:\/\/yoast.com\/product\/yoast-seo-wordpress\/ -->\n<title>Pioneer Graphic Pre-Print - Pioneer Paper<\/title>\n<meta name=\"description\" content=\"Pioneer Graphic Pre-Print-Papier ist f\u00fcr zwei separate Prozesse gedacht: zuerst f\u00fcr den Offsetdruck und danach f\u00fcr den Inkjet- oder Laserdruck im B\u00fcro.\" \/>\n<meta name=\"robots\" content=\"index, follow, max-snippet:-1, max-image-preview:large, max-video-preview:-1\" \/>\n<link rel=\"canonical\" href=\"https:\/\/pioneer-paper.com\/de\/graphic\/produkte\/pre-print\/\" \/>\n<meta property=\"og:locale\" content=\"de_DE\" \/>\n<meta property=\"og:type\" content=\"article\" \/>\n<meta property=\"og:title\" content=\"Pioneer Graphic Pre-Print - Pioneer Paper\" \/>\n<meta property=\"og:description\" content=\"Pioneer Graphic Pre-Print-Papier ist f\u00fcr zwei separate Prozesse gedacht: zuerst f\u00fcr den Offsetdruck und danach f\u00fcr den Inkjet- oder Laserdruck im B\u00fcro.\" \/>\n<meta property=\"og:url\" content=\"https:\/\/pioneer-paper.com\/de\/graphic\/produkte\/pre-print\/\" \/>\n<meta property=\"og:site_name\" content=\"Pioneer Paper\" \/>\n<meta property=\"article:modified_time\" content=\"2023-09-12T08:53:56+00:00\" \/>\n<meta property=\"og:image\" content=\"https:\/\/pioneer-paper.com\/wp-content\/uploads\/2023\/01\/Pioneer-Website-Graphic-Img-Product-PrePrint-Reams-Tiles.png\" \/>\n\t<meta property=\"og:image:width\" content=\"460\" \/>\n\t<meta property=\"og:image:height\" content=\"632\" \/>\n\t<meta property=\"og:image:type\" content=\"image\/png\" \/>\n<meta name=\"twitter:card\" content=\"summary_large_image\" \/>\n<meta name=\"twitter:label1\" content=\"Gesch\u00e4tzte Lesezeit\" \/>\n\t<meta name=\"twitter:data1\" content=\"1\u00a0Minute\" \/>\n<script type=\"application\/ld+json\" class=\"yoast-schema-graph\">{\"@context\":\"https:\/\/schema.org\",\"@graph\":[{\"@type\":\"WebPage\",\"@id\":\"https:\/\/pioneer-paper.com\/de\/graphic\/produkte\/pre-print\/\",\"url\":\"https:\/\/pioneer-paper.com\/de\/graphic\/produkte\/pre-print\/\",\"name\":\"Pioneer Graphic Pre-Print - Pioneer Paper\",\"isPartOf\":{\"@id\":\"https:\/\/pioneer-paper.com\/de\/#website\"},\"primaryImageOfPage\":{\"@id\":\"https:\/\/pioneer-paper.com\/de\/graphic\/produkte\/pre-print\/#primaryimage\"},\"image\":{\"@id\":\"https:\/\/pioneer-paper.com\/de\/graphic\/produkte\/pre-print\/#primaryimage\"},\"thumbnailUrl\":\"https:\/\/pioneer-paper.com\/wp-content\/uploads\/2023\/01\/Pioneer-Website-Graphic-Img-Product-PrePrint-Reams-Tiles.png\",\"datePublished\":\"2022-12-22T12:37:31+00:00\",\"dateModified\":\"2023-09-12T08:53:56+00:00\",\"description\":\"Pioneer Graphic Pre-Print-Papier ist f\u00fcr zwei separate Prozesse gedacht: zuerst f\u00fcr den Offsetdruck und danach f\u00fcr den Inkjet- oder Laserdruck im B\u00fcro.\",\"breadcrumb\":{\"@id\":\"https:\/\/pioneer-paper.com\/de\/graphic\/produkte\/pre-print\/#breadcrumb\"},\"inLanguage\":\"de\",\"potentialAction\":[{\"@type\":\"ReadAction\",\"target\":[\"https:\/\/pioneer-paper.com\/de\/graphic\/produkte\/pre-print\/\"]}]},{\"@type\":\"ImageObject\",\"inLanguage\":\"de\",\"@id\":\"https:\/\/pioneer-paper.com\/de\/graphic\/produkte\/pre-print\/#primaryimage\",\"url\":\"https:\/\/pioneer-paper.com\/wp-content\/uploads\/2023\/01\/Pioneer-Website-Graphic-Img-Product-PrePrint-Reams-Tiles.png\",\"contentUrl\":\"https:\/\/pioneer-paper.com\/wp-content\/uploads\/2023\/01\/Pioneer-Website-Graphic-Img-Product-PrePrint-Reams-Tiles.png\",\"width\":460,\"height\":632},{\"@type\":\"BreadcrumbList\",\"@id\":\"https:\/\/pioneer-paper.com\/de\/graphic\/produkte\/pre-print\/#breadcrumb\",\"itemListElement\":[{\"@type\":\"ListItem\",\"position\":1,\"name\":\"Pioneer Graphic\",\"item\":\"https:\/\/pioneer-paper.com\/de\/graphic\/\"},{\"@type\":\"ListItem\",\"position\":2,\"name\":\"Produkte\",\"item\":\"https:\/\/pioneer-paper.com\/de\/graphic\/products\/\"},{\"@type\":\"ListItem\",\"position\":3,\"name\":\"Pioneer Graphic Pre-Print\"}]},{\"@type\":\"WebSite\",\"@id\":\"https:\/\/pioneer-paper.com\/de\/#website\",\"url\":\"https:\/\/pioneer-paper.com\/de\/\",\"name\":\"Pioneer Paper\",\"description\":\"Get Inspired\",\"potentialAction\":[{\"@type\":\"SearchAction\",\"target\":{\"@type\":\"EntryPoint\",\"urlTemplate\":\"https:\/\/pioneer-paper.com\/de\/?s={search_term_string}\"},\"query-input\":{\"@type\":\"PropertyValueSpecification\",\"valueRequired\":true,\"valueName\":\"search_term_string\"}}],\"inLanguage\":\"de\"}]}<\/script>\n<!-- \/ Yoast SEO plugin. -->","yoast_head_json":{"title":"Pioneer Graphic Pre-Print - Pioneer Paper","description":"Pioneer Graphic Pre-Print-Papier ist f\u00fcr zwei separate Prozesse gedacht: zuerst f\u00fcr den Offsetdruck und danach f\u00fcr den Inkjet- oder Laserdruck im B\u00fcro.","robots":{"index":"index","follow":"follow","max-snippet":"max-snippet:-1","max-image-preview":"max-image-preview:large","max-video-preview":"max-video-preview:-1"},"canonical":"https:\/\/pioneer-paper.com\/de\/graphic\/produkte\/pre-print\/","og_locale":"de_DE","og_type":"article","og_title":"Pioneer Graphic Pre-Print - Pioneer Paper","og_description":"Pioneer Graphic Pre-Print-Papier ist f\u00fcr zwei separate Prozesse gedacht: zuerst f\u00fcr den Offsetdruck und danach f\u00fcr den Inkjet- oder Laserdruck im B\u00fcro.","og_url":"https:\/\/pioneer-paper.com\/de\/graphic\/produkte\/pre-print\/","og_site_name":"Pioneer Paper","article_modified_time":"2023-09-12T08:53:56+00:00","og_image":[{"width":460,"height":632,"url":"https:\/\/pioneer-paper.com\/wp-content\/uploads\/2023\/01\/Pioneer-Website-Graphic-Img-Product-PrePrint-Reams-Tiles.png","type":"image\/png"}],"twitter_card":"summary_large_image","twitter_misc":{"Gesch\u00e4tzte Lesezeit":"1\u00a0Minute"},"schema":{"@context":"https:\/\/schema.org","@graph":[{"@type":"WebPage","@id":"https:\/\/pioneer-paper.com\/de\/graphic\/produkte\/pre-print\/","url":"https:\/\/pioneer-paper.com\/de\/graphic\/produkte\/pre-print\/","name":"Pioneer Graphic Pre-Print - Pioneer Paper","isPartOf":{"@id":"https:\/\/pioneer-paper.com\/de\/#website"},"primaryImageOfPage":{"@id":"https:\/\/pioneer-paper.com\/de\/graphic\/produkte\/pre-print\/#primaryimage"},"image":{"@id":"https:\/\/pioneer-paper.com\/de\/graphic\/produkte\/pre-print\/#primaryimage"},"thumbnailUrl":"https:\/\/pioneer-paper.com\/wp-content\/uploads\/2023\/01\/Pioneer-Website-Graphic-Img-Product-PrePrint-Reams-Tiles.png","datePublished":"2022-12-22T12:37:31+00:00","dateModified":"2023-09-12T08:53:56+00:00","description":"Pioneer Graphic Pre-Print-Papier ist f\u00fcr zwei separate Prozesse gedacht: zuerst f\u00fcr den Offsetdruck und danach f\u00fcr den Inkjet- oder Laserdruck im B\u00fcro.","breadcrumb":{"@id":"https:\/\/pioneer-paper.com\/de\/graphic\/produkte\/pre-print\/#breadcrumb"},"inLanguage":"de","potentialAction":[{"@type":"ReadAction","target":["https:\/\/pioneer-paper.com\/de\/graphic\/produkte\/pre-print\/"]}]},{"@type":"ImageObject","inLanguage":"de","@id":"https:\/\/pioneer-paper.com\/de\/graphic\/produkte\/pre-print\/#primaryimage","url":"https:\/\/pioneer-paper.com\/wp-content\/uploads\/2023\/01\/Pioneer-Website-Graphic-Img-Product-PrePrint-Reams-Tiles.png","contentUrl":"https:\/\/pioneer-paper.com\/wp-content\/uploads\/2023\/01\/Pioneer-Website-Graphic-Img-Product-PrePrint-Reams-Tiles.png","width":460,"height":632},{"@type":"BreadcrumbList","@id":"https:\/\/pioneer-paper.com\/de\/graphic\/produkte\/pre-print\/#breadcrumb","itemListElement":[{"@type":"ListItem","position":1,"name":"Pioneer Graphic","item":"https:\/\/pioneer-paper.com\/de\/graphic\/"},{"@type":"ListItem","position":2,"name":"Produkte","item":"https:\/\/pioneer-paper.com\/de\/graphic\/products\/"},{"@type":"ListItem","position":3,"name":"Pioneer Graphic Pre-Print"}]},{"@type":"WebSite","@id":"https:\/\/pioneer-paper.com\/de\/#website","url":"https:\/\/pioneer-paper.com\/de\/","name":"Pioneer Paper","description":"Get Inspired","potentialAction":[{"@type":"SearchAction","target":{"@type":"EntryPoint","urlTemplate":"https:\/\/pioneer-paper.com\/de\/?s={search_term_string}"},"query-input":{"@type":"PropertyValueSpecification","valueRequired":true,"valueName":"search_term_string"}}],"inLanguage":"de"}]}},"_links":{"self":[{"href":"https:\/\/pioneer-paper.com\/de\/wp-json\/wp\/v2\/pages\/10446","targetHints":{"allow":["GET"]}}],"collection":[{"href":"https:\/\/pioneer-paper.com\/de\/wp-json\/wp\/v2\/pages"}],"about":[{"href":"https:\/\/pioneer-paper.com\/de\/wp-json\/wp\/v2\/types\/page"}],"author":[{"embeddable":true,"href":"https:\/\/pioneer-paper.com\/de\/wp-json\/wp\/v2\/users\/3"}],"replies":[{"embeddable":true,"href":"https:\/\/pioneer-paper.com\/de\/wp-json\/wp\/v2\/comments?post=10446"}],"version-history":[{"count":3,"href":"https:\/\/pioneer-paper.com\/de\/wp-json\/wp\/v2\/pages\/10446\/revisions"}],"predecessor-version":[{"id":10898,"href":"https:\/\/pioneer-paper.com\/de\/wp-json\/wp\/v2\/pages\/10446\/revisions\/10898"}],"up":[{"embeddable":true,"href":"https:\/\/pioneer-paper.com\/de\/wp-json\/wp\/v2\/pages\/10411"}],"wp:featuredmedia":[{"embeddable":true,"href":"https:\/\/pioneer-paper.com\/de\/wp-json\/wp\/v2\/media\/6211"}],"wp:attachment":[{"href":"https:\/\/pioneer-paper.com\/de\/wp-json\/wp\/v2\/media?parent=10446"}],"curies":[{"name":"wp","href":"https:\/\/api.w.org\/{rel}","templated":true}]}}