{"id":11136,"date":"2023-09-13T14:23:46","date_gmt":"2023-09-13T14:23:46","guid":{"rendered":"https:\/\/pioneer-paper.com\/?page_id=11136"},"modified":"2023-09-13T16:00:46","modified_gmt":"2023-09-13T16:00:46","slug":"pioneer-office","status":"publish","type":"page","link":"https:\/\/pioneer-paper.com\/de\/produkte\/pioneer-office\/","title":{"rendered":"Pioneer Office"},"content":{"rendered":"<h2>Ein Papier f\u00fcr jede Herausforderung.<\/h2>\n<h5>Pioneer-Papier ist ein ultrawei\u00dfes B\u00fcropapier, das speziell entwickelt wurde, um stets hervorragende Ergebnisse zu erzielen.<\/h5>\n<p>Mit der richtigen Einstellung und den richtigen Werkzeugen lassen sich unbegrenzte Ergebnisse erzielen.<\/p>\n","protected":false},"excerpt":{"rendered":"<p>Ein Papier f\u00fcr jede Herausforderung. Pioneer-Papier ist ein ultrawei\u00dfes B\u00fcropapier, das speziell entwickelt wurde, um stets hervorragende Ergebnisse zu erzielen. Mit der richtigen Einstellung und den richtigen Werkzeugen lassen sich unbegrenzte Ergebnisse erzielen.<\/p>\n","protected":false},"author":3,"featured_media":4026,"parent":10334,"menu_order":0,"comment_status":"closed","ping_status":"closed","template":"templates\/range.php","meta":{"inline_featured_image":false,"footnotes":""},"class_list":["post-11136","page","type-page","status-publish","has-post-thumbnail","hentry"],"acf":[],"yoast_head":"<!-- This site is optimized with the Yoast SEO plugin v26.8 - https:\/\/yoast.com\/product\/yoast-seo-wordpress\/ -->\n<title>Pioneer Office - Pioneer Paper<\/title>\n<meta name=\"description\" content=\"Ihre besten Ideen verdienen das beste Papier. Pioneer-Papier wurde auf zuverl\u00e4ssig erstklassige Resultate ausgelegt.\" \/>\n<meta name=\"robots\" content=\"index, follow, max-snippet:-1, max-image-preview:large, max-video-preview:-1\" \/>\n<link rel=\"canonical\" href=\"https:\/\/pioneer-paper.com\/de\/produkte\/pioneer-office\/\" \/>\n<meta property=\"og:locale\" content=\"de_DE\" \/>\n<meta property=\"og:type\" content=\"article\" \/>\n<meta property=\"og:title\" content=\"Pioneer Office - Pioneer Paper\" \/>\n<meta property=\"og:description\" content=\"Ihre besten Ideen verdienen das beste Papier. Pioneer-Papier wurde auf zuverl\u00e4ssig erstklassige Resultate ausgelegt.\" \/>\n<meta property=\"og:url\" content=\"https:\/\/pioneer-paper.com\/de\/produkte\/pioneer-office\/\" \/>\n<meta property=\"og:site_name\" content=\"Pioneer Paper\" \/>\n<meta property=\"article:modified_time\" content=\"2023-09-13T16:00:46+00:00\" \/>\n<meta property=\"og:image\" content=\"https:\/\/pioneer-paper.com\/wp-content\/uploads\/2022\/11\/Pioneer-Website-Img-Ream-Range-comp-3.png\" \/>\n\t<meta property=\"og:image:width\" content=\"690\" \/>\n\t<meta property=\"og:image:height\" content=\"503\" \/>\n\t<meta property=\"og:image:type\" content=\"image\/png\" \/>\n<meta name=\"twitter:card\" content=\"summary_large_image\" \/>\n<meta name=\"twitter:label1\" content=\"Gesch\u00e4tzte Lesezeit\" \/>\n\t<meta name=\"twitter:data1\" content=\"1\u00a0Minute\" \/>\n<script type=\"application\/ld+json\" class=\"yoast-schema-graph\">{\"@context\":\"https:\/\/schema.org\",\"@graph\":[{\"@type\":\"WebPage\",\"@id\":\"https:\/\/pioneer-paper.com\/de\/produkte\/pioneer-office\/\",\"url\":\"https:\/\/pioneer-paper.com\/de\/produkte\/pioneer-office\/\",\"name\":\"Pioneer Office - Pioneer Paper\",\"isPartOf\":{\"@id\":\"https:\/\/pioneer-paper.com\/de\/#website\"},\"primaryImageOfPage\":{\"@id\":\"https:\/\/pioneer-paper.com\/de\/produkte\/pioneer-office\/#primaryimage\"},\"image\":{\"@id\":\"https:\/\/pioneer-paper.com\/de\/produkte\/pioneer-office\/#primaryimage\"},\"thumbnailUrl\":\"https:\/\/pioneer-paper.com\/wp-content\/uploads\/2022\/11\/Pioneer-Website-Img-Ream-Range-comp-3.png\",\"datePublished\":\"2023-09-13T14:23:46+00:00\",\"dateModified\":\"2023-09-13T16:00:46+00:00\",\"description\":\"Ihre besten Ideen verdienen das beste Papier. Pioneer-Papier wurde auf zuverl\u00e4ssig erstklassige Resultate ausgelegt.\",\"breadcrumb\":{\"@id\":\"https:\/\/pioneer-paper.com\/de\/produkte\/pioneer-office\/#breadcrumb\"},\"inLanguage\":\"de\",\"potentialAction\":[{\"@type\":\"ReadAction\",\"target\":[\"https:\/\/pioneer-paper.com\/de\/produkte\/pioneer-office\/\"]}]},{\"@type\":\"ImageObject\",\"inLanguage\":\"de\",\"@id\":\"https:\/\/pioneer-paper.com\/de\/produkte\/pioneer-office\/#primaryimage\",\"url\":\"https:\/\/pioneer-paper.com\/wp-content\/uploads\/2022\/11\/Pioneer-Website-Img-Ream-Range-comp-3.png\",\"contentUrl\":\"https:\/\/pioneer-paper.com\/wp-content\/uploads\/2022\/11\/Pioneer-Website-Img-Ream-Range-comp-3.png\",\"width\":690,\"height\":503},{\"@type\":\"BreadcrumbList\",\"@id\":\"https:\/\/pioneer-paper.com\/de\/produkte\/pioneer-office\/#breadcrumb\",\"itemListElement\":[{\"@type\":\"ListItem\",\"position\":1,\"name\":\"Produkte\",\"item\":\"https:\/\/pioneer-paper.com\/de\/products\/\"},{\"@type\":\"ListItem\",\"position\":2,\"name\":\"Pioneer Office\"}]},{\"@type\":\"WebSite\",\"@id\":\"https:\/\/pioneer-paper.com\/de\/#website\",\"url\":\"https:\/\/pioneer-paper.com\/de\/\",\"name\":\"Pioneer Paper\",\"description\":\"Get Inspired\",\"potentialAction\":[{\"@type\":\"SearchAction\",\"target\":{\"@type\":\"EntryPoint\",\"urlTemplate\":\"https:\/\/pioneer-paper.com\/de\/?s={search_term_string}\"},\"query-input\":{\"@type\":\"PropertyValueSpecification\",\"valueRequired\":true,\"valueName\":\"search_term_string\"}}],\"inLanguage\":\"de\"}]}<\/script>\n<!-- \/ Yoast SEO plugin. -->","yoast_head_json":{"title":"Pioneer Office - Pioneer Paper","description":"Ihre besten Ideen verdienen das beste Papier. Pioneer-Papier wurde auf zuverl\u00e4ssig erstklassige Resultate ausgelegt.","robots":{"index":"index","follow":"follow","max-snippet":"max-snippet:-1","max-image-preview":"max-image-preview:large","max-video-preview":"max-video-preview:-1"},"canonical":"https:\/\/pioneer-paper.com\/de\/produkte\/pioneer-office\/","og_locale":"de_DE","og_type":"article","og_title":"Pioneer Office - Pioneer Paper","og_description":"Ihre besten Ideen verdienen das beste Papier. Pioneer-Papier wurde auf zuverl\u00e4ssig erstklassige Resultate ausgelegt.","og_url":"https:\/\/pioneer-paper.com\/de\/produkte\/pioneer-office\/","og_site_name":"Pioneer Paper","article_modified_time":"2023-09-13T16:00:46+00:00","og_image":[{"width":690,"height":503,"url":"https:\/\/pioneer-paper.com\/wp-content\/uploads\/2022\/11\/Pioneer-Website-Img-Ream-Range-comp-3.png","type":"image\/png"}],"twitter_card":"summary_large_image","twitter_misc":{"Gesch\u00e4tzte Lesezeit":"1\u00a0Minute"},"schema":{"@context":"https:\/\/schema.org","@graph":[{"@type":"WebPage","@id":"https:\/\/pioneer-paper.com\/de\/produkte\/pioneer-office\/","url":"https:\/\/pioneer-paper.com\/de\/produkte\/pioneer-office\/","name":"Pioneer Office - Pioneer Paper","isPartOf":{"@id":"https:\/\/pioneer-paper.com\/de\/#website"},"primaryImageOfPage":{"@id":"https:\/\/pioneer-paper.com\/de\/produkte\/pioneer-office\/#primaryimage"},"image":{"@id":"https:\/\/pioneer-paper.com\/de\/produkte\/pioneer-office\/#primaryimage"},"thumbnailUrl":"https:\/\/pioneer-paper.com\/wp-content\/uploads\/2022\/11\/Pioneer-Website-Img-Ream-Range-comp-3.png","datePublished":"2023-09-13T14:23:46+00:00","dateModified":"2023-09-13T16:00:46+00:00","description":"Ihre besten Ideen verdienen das beste Papier. Pioneer-Papier wurde auf zuverl\u00e4ssig erstklassige Resultate ausgelegt.","breadcrumb":{"@id":"https:\/\/pioneer-paper.com\/de\/produkte\/pioneer-office\/#breadcrumb"},"inLanguage":"de","potentialAction":[{"@type":"ReadAction","target":["https:\/\/pioneer-paper.com\/de\/produkte\/pioneer-office\/"]}]},{"@type":"ImageObject","inLanguage":"de","@id":"https:\/\/pioneer-paper.com\/de\/produkte\/pioneer-office\/#primaryimage","url":"https:\/\/pioneer-paper.com\/wp-content\/uploads\/2022\/11\/Pioneer-Website-Img-Ream-Range-comp-3.png","contentUrl":"https:\/\/pioneer-paper.com\/wp-content\/uploads\/2022\/11\/Pioneer-Website-Img-Ream-Range-comp-3.png","width":690,"height":503},{"@type":"BreadcrumbList","@id":"https:\/\/pioneer-paper.com\/de\/produkte\/pioneer-office\/#breadcrumb","itemListElement":[{"@type":"ListItem","position":1,"name":"Produkte","item":"https:\/\/pioneer-paper.com\/de\/products\/"},{"@type":"ListItem","position":2,"name":"Pioneer Office"}]},{"@type":"WebSite","@id":"https:\/\/pioneer-paper.com\/de\/#website","url":"https:\/\/pioneer-paper.com\/de\/","name":"Pioneer Paper","description":"Get Inspired","potentialAction":[{"@type":"SearchAction","target":{"@type":"EntryPoint","urlTemplate":"https:\/\/pioneer-paper.com\/de\/?s={search_term_string}"},"query-input":{"@type":"PropertyValueSpecification","valueRequired":true,"valueName":"search_term_string"}}],"inLanguage":"de"}]}},"_links":{"self":[{"href":"https:\/\/pioneer-paper.com\/de\/wp-json\/wp\/v2\/pages\/11136","targetHints":{"allow":["GET"]}}],"collection":[{"href":"https:\/\/pioneer-paper.com\/de\/wp-json\/wp\/v2\/pages"}],"about":[{"href":"https:\/\/pioneer-paper.com\/de\/wp-json\/wp\/v2\/types\/page"}],"author":[{"embeddable":true,"href":"https:\/\/pioneer-paper.com\/de\/wp-json\/wp\/v2\/users\/3"}],"replies":[{"embeddable":true,"href":"https:\/\/pioneer-paper.com\/de\/wp-json\/wp\/v2\/comments?post=11136"}],"version-history":[{"count":3,"href":"https:\/\/pioneer-paper.com\/de\/wp-json\/wp\/v2\/pages\/11136\/revisions"}],"predecessor-version":[{"id":11189,"href":"https:\/\/pioneer-paper.com\/de\/wp-json\/wp\/v2\/pages\/11136\/revisions\/11189"}],"up":[{"embeddable":true,"href":"https:\/\/pioneer-paper.com\/de\/wp-json\/wp\/v2\/pages\/10334"}],"wp:featuredmedia":[{"embeddable":true,"href":"https:\/\/pioneer-paper.com\/de\/wp-json\/wp\/v2\/media\/4026"}],"wp:attachment":[{"href":"https:\/\/pioneer-paper.com\/de\/wp-json\/wp\/v2\/media?parent=11136"}],"curies":[{"name":"wp","href":"https:\/\/api.w.org\/{rel}","templated":true}]}}