{"id":9638,"date":"2022-07-12T09:24:00","date_gmt":"2022-07-12T09:24:00","guid":{"rendered":"https:\/\/pioneer-paper.com\/100gm2\/"},"modified":"2023-09-13T11:21:33","modified_gmt":"2023-09-13T11:21:33","slug":"100gm2","status":"publish","type":"page","link":"https:\/\/pioneer-paper.com\/de\/produkte\/pioneer-office\/100gm2\/","title":{"rendered":"Pioneer 100 g.m\u207b\u00b2"},"content":{"rendered":"<h1>distinct inspiration<\/h1>\n<h5>Ultrawei\u00dfes B\u00fcropapier f\u00fcr Berichte, Pr\u00e4sentationen, Lebenslauf.<\/h5>\n","protected":false},"excerpt":{"rendered":"<p>distinct inspiration Ultrawei\u00dfes B\u00fcropapier f\u00fcr Berichte, Pr\u00e4sentationen, Lebenslauf.<\/p>\n","protected":false},"author":3,"featured_media":3881,"parent":11136,"menu_order":4,"comment_status":"closed","ping_status":"closed","template":"templates\/product.php","meta":{"inline_featured_image":false,"footnotes":""},"class_list":["post-9638","page","type-page","status-publish","has-post-thumbnail","hentry"],"acf":[],"yoast_head":"<!-- This site is optimized with the Yoast SEO plugin v26.8 - https:\/\/yoast.com\/product\/yoast-seo-wordpress\/ -->\n<title>Pioneer 100 g.m\u207b\u00b2 - Pioneer Paper<\/title>\n<meta name=\"description\" content=\"Distinct Inspiration 100 g.m\u207b\u00b2 eignet sich ideal f\u00fcr Drucke mit brillanten Farben und kr\u00e4ftigen Schwarzt\u00f6nen.\" \/>\n<meta name=\"robots\" content=\"index, follow, max-snippet:-1, max-image-preview:large, max-video-preview:-1\" \/>\n<link rel=\"canonical\" href=\"https:\/\/pioneer-paper.com\/de\/produkte\/pioneer-office\/100gm2\/\" \/>\n<meta property=\"og:locale\" content=\"de_DE\" \/>\n<meta property=\"og:type\" content=\"article\" \/>\n<meta property=\"og:title\" content=\"Pioneer 100 g.m\u207b\u00b2 - Pioneer Paper\" \/>\n<meta property=\"og:description\" content=\"Distinct Inspiration 100 g.m\u207b\u00b2 eignet sich ideal f\u00fcr Drucke mit brillanten Farben und kr\u00e4ftigen Schwarzt\u00f6nen.\" \/>\n<meta property=\"og:url\" content=\"https:\/\/pioneer-paper.com\/de\/produkte\/pioneer-office\/100gm2\/\" \/>\n<meta property=\"og:site_name\" content=\"Pioneer Paper\" \/>\n<meta property=\"article:modified_time\" content=\"2023-09-13T11:21:33+00:00\" \/>\n<meta property=\"og:image\" content=\"https:\/\/pioneer-paper.com\/wp-content\/uploads\/2022\/11\/Pioneer-Website-Img-Ream-100-comp.png\" \/>\n\t<meta property=\"og:image:width\" content=\"549\" \/>\n\t<meta property=\"og:image:height\" content=\"755\" \/>\n\t<meta property=\"og:image:type\" content=\"image\/png\" \/>\n<meta name=\"twitter:card\" content=\"summary_large_image\" \/>\n<meta name=\"twitter:label1\" content=\"Gesch\u00e4tzte Lesezeit\" \/>\n\t<meta name=\"twitter:data1\" content=\"1\u00a0Minute\" \/>\n<script type=\"application\/ld+json\" class=\"yoast-schema-graph\">{\"@context\":\"https:\/\/schema.org\",\"@graph\":[{\"@type\":\"WebPage\",\"@id\":\"https:\/\/pioneer-paper.com\/de\/produkte\/pioneer-office\/100gm2\/\",\"url\":\"https:\/\/pioneer-paper.com\/de\/produkte\/pioneer-office\/100gm2\/\",\"name\":\"Pioneer 100 g.m\u207b\u00b2 - Pioneer Paper\",\"isPartOf\":{\"@id\":\"https:\/\/pioneer-paper.com\/de\/#website\"},\"primaryImageOfPage\":{\"@id\":\"https:\/\/pioneer-paper.com\/de\/produkte\/pioneer-office\/100gm2\/#primaryimage\"},\"image\":{\"@id\":\"https:\/\/pioneer-paper.com\/de\/produkte\/pioneer-office\/100gm2\/#primaryimage\"},\"thumbnailUrl\":\"https:\/\/pioneer-paper.com\/wp-content\/uploads\/2022\/11\/Pioneer-Website-Img-Ream-100-comp.png\",\"datePublished\":\"2022-07-12T09:24:00+00:00\",\"dateModified\":\"2023-09-13T11:21:33+00:00\",\"description\":\"Distinct Inspiration 100 g.m\u207b\u00b2 eignet sich ideal f\u00fcr Drucke mit brillanten Farben und kr\u00e4ftigen Schwarzt\u00f6nen.\",\"breadcrumb\":{\"@id\":\"https:\/\/pioneer-paper.com\/de\/produkte\/pioneer-office\/100gm2\/#breadcrumb\"},\"inLanguage\":\"de\",\"potentialAction\":[{\"@type\":\"ReadAction\",\"target\":[\"https:\/\/pioneer-paper.com\/de\/produkte\/pioneer-office\/100gm2\/\"]}]},{\"@type\":\"ImageObject\",\"inLanguage\":\"de\",\"@id\":\"https:\/\/pioneer-paper.com\/de\/produkte\/pioneer-office\/100gm2\/#primaryimage\",\"url\":\"https:\/\/pioneer-paper.com\/wp-content\/uploads\/2022\/11\/Pioneer-Website-Img-Ream-100-comp.png\",\"contentUrl\":\"https:\/\/pioneer-paper.com\/wp-content\/uploads\/2022\/11\/Pioneer-Website-Img-Ream-100-comp.png\",\"width\":549,\"height\":755},{\"@type\":\"BreadcrumbList\",\"@id\":\"https:\/\/pioneer-paper.com\/de\/produkte\/pioneer-office\/100gm2\/#breadcrumb\",\"itemListElement\":[{\"@type\":\"ListItem\",\"position\":1,\"name\":\"Produkte\",\"item\":\"https:\/\/pioneer-paper.com\/de\/products\/\"},{\"@type\":\"ListItem\",\"position\":2,\"name\":\"Pioneer Office\",\"item\":\"https:\/\/pioneer-paper.com\/de\/products\/pioneer-office\/\"},{\"@type\":\"ListItem\",\"position\":3,\"name\":\"Pioneer 100 g.m\u207b\u00b2\"}]},{\"@type\":\"WebSite\",\"@id\":\"https:\/\/pioneer-paper.com\/de\/#website\",\"url\":\"https:\/\/pioneer-paper.com\/de\/\",\"name\":\"Pioneer Paper\",\"description\":\"Get Inspired\",\"potentialAction\":[{\"@type\":\"SearchAction\",\"target\":{\"@type\":\"EntryPoint\",\"urlTemplate\":\"https:\/\/pioneer-paper.com\/de\/?s={search_term_string}\"},\"query-input\":{\"@type\":\"PropertyValueSpecification\",\"valueRequired\":true,\"valueName\":\"search_term_string\"}}],\"inLanguage\":\"de\"}]}<\/script>\n<!-- \/ Yoast SEO plugin. -->","yoast_head_json":{"title":"Pioneer 100 g.m\u207b\u00b2 - Pioneer Paper","description":"Distinct Inspiration 100 g.m\u207b\u00b2 eignet sich ideal f\u00fcr Drucke mit brillanten Farben und kr\u00e4ftigen Schwarzt\u00f6nen.","robots":{"index":"index","follow":"follow","max-snippet":"max-snippet:-1","max-image-preview":"max-image-preview:large","max-video-preview":"max-video-preview:-1"},"canonical":"https:\/\/pioneer-paper.com\/de\/produkte\/pioneer-office\/100gm2\/","og_locale":"de_DE","og_type":"article","og_title":"Pioneer 100 g.m\u207b\u00b2 - Pioneer Paper","og_description":"Distinct Inspiration 100 g.m\u207b\u00b2 eignet sich ideal f\u00fcr Drucke mit brillanten Farben und kr\u00e4ftigen Schwarzt\u00f6nen.","og_url":"https:\/\/pioneer-paper.com\/de\/produkte\/pioneer-office\/100gm2\/","og_site_name":"Pioneer Paper","article_modified_time":"2023-09-13T11:21:33+00:00","og_image":[{"width":549,"height":755,"url":"https:\/\/pioneer-paper.com\/wp-content\/uploads\/2022\/11\/Pioneer-Website-Img-Ream-100-comp.png","type":"image\/png"}],"twitter_card":"summary_large_image","twitter_misc":{"Gesch\u00e4tzte Lesezeit":"1\u00a0Minute"},"schema":{"@context":"https:\/\/schema.org","@graph":[{"@type":"WebPage","@id":"https:\/\/pioneer-paper.com\/de\/produkte\/pioneer-office\/100gm2\/","url":"https:\/\/pioneer-paper.com\/de\/produkte\/pioneer-office\/100gm2\/","name":"Pioneer 100 g.m\u207b\u00b2 - Pioneer Paper","isPartOf":{"@id":"https:\/\/pioneer-paper.com\/de\/#website"},"primaryImageOfPage":{"@id":"https:\/\/pioneer-paper.com\/de\/produkte\/pioneer-office\/100gm2\/#primaryimage"},"image":{"@id":"https:\/\/pioneer-paper.com\/de\/produkte\/pioneer-office\/100gm2\/#primaryimage"},"thumbnailUrl":"https:\/\/pioneer-paper.com\/wp-content\/uploads\/2022\/11\/Pioneer-Website-Img-Ream-100-comp.png","datePublished":"2022-07-12T09:24:00+00:00","dateModified":"2023-09-13T11:21:33+00:00","description":"Distinct Inspiration 100 g.m\u207b\u00b2 eignet sich ideal f\u00fcr Drucke mit brillanten Farben und kr\u00e4ftigen Schwarzt\u00f6nen.","breadcrumb":{"@id":"https:\/\/pioneer-paper.com\/de\/produkte\/pioneer-office\/100gm2\/#breadcrumb"},"inLanguage":"de","potentialAction":[{"@type":"ReadAction","target":["https:\/\/pioneer-paper.com\/de\/produkte\/pioneer-office\/100gm2\/"]}]},{"@type":"ImageObject","inLanguage":"de","@id":"https:\/\/pioneer-paper.com\/de\/produkte\/pioneer-office\/100gm2\/#primaryimage","url":"https:\/\/pioneer-paper.com\/wp-content\/uploads\/2022\/11\/Pioneer-Website-Img-Ream-100-comp.png","contentUrl":"https:\/\/pioneer-paper.com\/wp-content\/uploads\/2022\/11\/Pioneer-Website-Img-Ream-100-comp.png","width":549,"height":755},{"@type":"BreadcrumbList","@id":"https:\/\/pioneer-paper.com\/de\/produkte\/pioneer-office\/100gm2\/#breadcrumb","itemListElement":[{"@type":"ListItem","position":1,"name":"Produkte","item":"https:\/\/pioneer-paper.com\/de\/products\/"},{"@type":"ListItem","position":2,"name":"Pioneer Office","item":"https:\/\/pioneer-paper.com\/de\/products\/pioneer-office\/"},{"@type":"ListItem","position":3,"name":"Pioneer 100 g.m\u207b\u00b2"}]},{"@type":"WebSite","@id":"https:\/\/pioneer-paper.com\/de\/#website","url":"https:\/\/pioneer-paper.com\/de\/","name":"Pioneer Paper","description":"Get Inspired","potentialAction":[{"@type":"SearchAction","target":{"@type":"EntryPoint","urlTemplate":"https:\/\/pioneer-paper.com\/de\/?s={search_term_string}"},"query-input":{"@type":"PropertyValueSpecification","valueRequired":true,"valueName":"search_term_string"}}],"inLanguage":"de"}]}},"_links":{"self":[{"href":"https:\/\/pioneer-paper.com\/de\/wp-json\/wp\/v2\/pages\/9638","targetHints":{"allow":["GET"]}}],"collection":[{"href":"https:\/\/pioneer-paper.com\/de\/wp-json\/wp\/v2\/pages"}],"about":[{"href":"https:\/\/pioneer-paper.com\/de\/wp-json\/wp\/v2\/types\/page"}],"author":[{"embeddable":true,"href":"https:\/\/pioneer-paper.com\/de\/wp-json\/wp\/v2\/users\/3"}],"replies":[{"embeddable":true,"href":"https:\/\/pioneer-paper.com\/de\/wp-json\/wp\/v2\/comments?post=9638"}],"version-history":[{"count":4,"href":"https:\/\/pioneer-paper.com\/de\/wp-json\/wp\/v2\/pages\/9638\/revisions"}],"predecessor-version":[{"id":11100,"href":"https:\/\/pioneer-paper.com\/de\/wp-json\/wp\/v2\/pages\/9638\/revisions\/11100"}],"up":[{"embeddable":true,"href":"https:\/\/pioneer-paper.com\/de\/wp-json\/wp\/v2\/pages\/11136"}],"wp:featuredmedia":[{"embeddable":true,"href":"https:\/\/pioneer-paper.com\/de\/wp-json\/wp\/v2\/media\/3881"}],"wp:attachment":[{"href":"https:\/\/pioneer-paper.com\/de\/wp-json\/wp\/v2\/media?parent=9638"}],"curies":[{"name":"wp","href":"https:\/\/api.w.org\/{rel}","templated":true}]}}