{"id":10486,"date":"2023-09-08T08:58:18","date_gmt":"2023-09-08T08:58:18","guid":{"rendered":"https:\/\/pioneer-paper.com\/?page_id=10486"},"modified":"2023-09-12T11:43:54","modified_gmt":"2023-09-12T11:43:54","slug":"objetivo-de-marca","status":"publish","type":"page","link":"https:\/\/pioneer-paper.com\/es\/acerca-de\/objetivo-de-marca\/","title":{"rendered":"Objetivo de marca"},"content":{"rendered":"<p>&nbsp;<\/p>\n<h2>Insp\u00edrese. H\u00e1galo.<\/h2>\n<h5>La marca Pioneer valora a las mujeres y las cosas incre\u00edbles que se pueden lograr cuando las aspiraciones se convierten en realidad.<\/h5>\n<p>Con Pioneer, el futuro es brillante. \u00a1Adelante!<\/p>\n","protected":false},"excerpt":{"rendered":"<p>&nbsp; Insp\u00edrese. H\u00e1galo. La marca Pioneer valora a las mujeres y las cosas incre\u00edbles que se pueden lograr cuando las aspiraciones se convierten en realidad. Con Pioneer, el futuro es brillante. \u00a1Adelante!<\/p>\n","protected":false},"author":3,"featured_media":0,"parent":10484,"menu_order":0,"comment_status":"closed","ping_status":"closed","template":"","meta":{"inline_featured_image":false,"footnotes":""},"class_list":["post-10486","page","type-page","status-publish","hentry"],"acf":[],"yoast_head":"<!-- This site is optimized with the Yoast SEO plugin v26.8 - https:\/\/yoast.com\/product\/yoast-seo-wordpress\/ -->\n<title>Objetivo de marca - Pioneer Paper<\/title>\n<meta name=\"description\" content=\"Con el papel Pioneer, conocido por su calidad y su versatilidad, usted puede transformar cualquier idea en algo excepcional.\" \/>\n<meta name=\"robots\" content=\"index, follow, max-snippet:-1, max-image-preview:large, max-video-preview:-1\" \/>\n<link rel=\"canonical\" href=\"https:\/\/pioneer-paper.com\/es\/acerca-de\/objetivo-de-marca\/\" \/>\n<meta property=\"og:locale\" content=\"es_ES\" \/>\n<meta property=\"og:type\" content=\"article\" \/>\n<meta property=\"og:title\" content=\"Objetivo de marca - Pioneer Paper\" \/>\n<meta property=\"og:description\" content=\"Con el papel Pioneer, conocido por su calidad y su versatilidad, usted puede transformar cualquier idea en algo excepcional.\" \/>\n<meta property=\"og:url\" content=\"https:\/\/pioneer-paper.com\/es\/acerca-de\/objetivo-de-marca\/\" \/>\n<meta property=\"og:site_name\" content=\"Pioneer Paper\" \/>\n<meta property=\"article:modified_time\" content=\"2023-09-12T11:43:54+00:00\" \/>\n<meta name=\"twitter:card\" content=\"summary_large_image\" \/>\n<meta name=\"twitter:label1\" content=\"Tiempo de lectura\" \/>\n\t<meta name=\"twitter:data1\" content=\"1 minuto\" \/>\n<script type=\"application\/ld+json\" class=\"yoast-schema-graph\">{\"@context\":\"https:\/\/schema.org\",\"@graph\":[{\"@type\":\"WebPage\",\"@id\":\"https:\/\/pioneer-paper.com\/es\/acerca-de\/objetivo-de-marca\/\",\"url\":\"https:\/\/pioneer-paper.com\/es\/acerca-de\/objetivo-de-marca\/\",\"name\":\"Objetivo de marca - Pioneer Paper\",\"isPartOf\":{\"@id\":\"https:\/\/pioneer-paper.com\/es\/#website\"},\"datePublished\":\"2023-09-08T08:58:18+00:00\",\"dateModified\":\"2023-09-12T11:43:54+00:00\",\"description\":\"Con el papel Pioneer, conocido por su calidad y su versatilidad, usted puede transformar cualquier idea en algo excepcional.\",\"breadcrumb\":{\"@id\":\"https:\/\/pioneer-paper.com\/es\/acerca-de\/objetivo-de-marca\/#breadcrumb\"},\"inLanguage\":\"es\",\"potentialAction\":[{\"@type\":\"ReadAction\",\"target\":[\"https:\/\/pioneer-paper.com\/es\/acerca-de\/objetivo-de-marca\/\"]}]},{\"@type\":\"BreadcrumbList\",\"@id\":\"https:\/\/pioneer-paper.com\/es\/acerca-de\/objetivo-de-marca\/#breadcrumb\",\"itemListElement\":[{\"@type\":\"ListItem\",\"position\":1,\"name\":\"Acerca de\",\"item\":\"https:\/\/pioneer-paper.com\/es\/about\/\"},{\"@type\":\"ListItem\",\"position\":2,\"name\":\"Objetivo de marca\"}]},{\"@type\":\"WebSite\",\"@id\":\"https:\/\/pioneer-paper.com\/es\/#website\",\"url\":\"https:\/\/pioneer-paper.com\/es\/\",\"name\":\"Pioneer Paper\",\"description\":\"Get Inspired\",\"potentialAction\":[{\"@type\":\"SearchAction\",\"target\":{\"@type\":\"EntryPoint\",\"urlTemplate\":\"https:\/\/pioneer-paper.com\/es\/?s={search_term_string}\"},\"query-input\":{\"@type\":\"PropertyValueSpecification\",\"valueRequired\":true,\"valueName\":\"search_term_string\"}}],\"inLanguage\":\"es\"}]}<\/script>\n<!-- \/ Yoast SEO plugin. -->","yoast_head_json":{"title":"Objetivo de marca - Pioneer Paper","description":"Con el papel Pioneer, conocido por su calidad y su versatilidad, usted puede transformar cualquier idea en algo excepcional.","robots":{"index":"index","follow":"follow","max-snippet":"max-snippet:-1","max-image-preview":"max-image-preview:large","max-video-preview":"max-video-preview:-1"},"canonical":"https:\/\/pioneer-paper.com\/es\/acerca-de\/objetivo-de-marca\/","og_locale":"es_ES","og_type":"article","og_title":"Objetivo de marca - Pioneer Paper","og_description":"Con el papel Pioneer, conocido por su calidad y su versatilidad, usted puede transformar cualquier idea en algo excepcional.","og_url":"https:\/\/pioneer-paper.com\/es\/acerca-de\/objetivo-de-marca\/","og_site_name":"Pioneer Paper","article_modified_time":"2023-09-12T11:43:54+00:00","twitter_card":"summary_large_image","twitter_misc":{"Tiempo de lectura":"1 minuto"},"schema":{"@context":"https:\/\/schema.org","@graph":[{"@type":"WebPage","@id":"https:\/\/pioneer-paper.com\/es\/acerca-de\/objetivo-de-marca\/","url":"https:\/\/pioneer-paper.com\/es\/acerca-de\/objetivo-de-marca\/","name":"Objetivo de marca - Pioneer Paper","isPartOf":{"@id":"https:\/\/pioneer-paper.com\/es\/#website"},"datePublished":"2023-09-08T08:58:18+00:00","dateModified":"2023-09-12T11:43:54+00:00","description":"Con el papel Pioneer, conocido por su calidad y su versatilidad, usted puede transformar cualquier idea en algo excepcional.","breadcrumb":{"@id":"https:\/\/pioneer-paper.com\/es\/acerca-de\/objetivo-de-marca\/#breadcrumb"},"inLanguage":"es","potentialAction":[{"@type":"ReadAction","target":["https:\/\/pioneer-paper.com\/es\/acerca-de\/objetivo-de-marca\/"]}]},{"@type":"BreadcrumbList","@id":"https:\/\/pioneer-paper.com\/es\/acerca-de\/objetivo-de-marca\/#breadcrumb","itemListElement":[{"@type":"ListItem","position":1,"name":"Acerca de","item":"https:\/\/pioneer-paper.com\/es\/about\/"},{"@type":"ListItem","position":2,"name":"Objetivo de marca"}]},{"@type":"WebSite","@id":"https:\/\/pioneer-paper.com\/es\/#website","url":"https:\/\/pioneer-paper.com\/es\/","name":"Pioneer Paper","description":"Get Inspired","potentialAction":[{"@type":"SearchAction","target":{"@type":"EntryPoint","urlTemplate":"https:\/\/pioneer-paper.com\/es\/?s={search_term_string}"},"query-input":{"@type":"PropertyValueSpecification","valueRequired":true,"valueName":"search_term_string"}}],"inLanguage":"es"}]}},"_links":{"self":[{"href":"https:\/\/pioneer-paper.com\/es\/wp-json\/wp\/v2\/pages\/10486","targetHints":{"allow":["GET"]}}],"collection":[{"href":"https:\/\/pioneer-paper.com\/es\/wp-json\/wp\/v2\/pages"}],"about":[{"href":"https:\/\/pioneer-paper.com\/es\/wp-json\/wp\/v2\/types\/page"}],"author":[{"embeddable":true,"href":"https:\/\/pioneer-paper.com\/es\/wp-json\/wp\/v2\/users\/3"}],"replies":[{"embeddable":true,"href":"https:\/\/pioneer-paper.com\/es\/wp-json\/wp\/v2\/comments?post=10486"}],"version-history":[{"count":2,"href":"https:\/\/pioneer-paper.com\/es\/wp-json\/wp\/v2\/pages\/10486\/revisions"}],"predecessor-version":[{"id":10948,"href":"https:\/\/pioneer-paper.com\/es\/wp-json\/wp\/v2\/pages\/10486\/revisions\/10948"}],"up":[{"embeddable":true,"href":"https:\/\/pioneer-paper.com\/es\/wp-json\/wp\/v2\/pages\/10484"}],"wp:attachment":[{"href":"https:\/\/pioneer-paper.com\/es\/wp-json\/wp\/v2\/media?parent=10486"}],"curies":[{"name":"wp","href":"https:\/\/api.w.org\/{rel}","templated":true}]}}