{"id":10532,"date":"2023-09-08T10:18:07","date_gmt":"2023-09-08T10:18:07","guid":{"rendered":"https:\/\/pioneer-paper.com\/?page_id=10532"},"modified":"2023-09-12T11:50:16","modified_gmt":"2023-09-12T11:50:16","slug":"distribuidores","status":"publish","type":"page","link":"https:\/\/pioneer-paper.com\/es\/donde-comprar\/distribuidores\/","title":{"rendered":"Distribuidores"},"content":{"rendered":"<h2>Distribuidores<\/h2>\n<h5><b data-stringify-type=\"bold\">\u00a1El papel Pioneer se comercializa en m\u00e1s de 60 pa\u00edses de todo el mundo!<\/b><\/h5>\n<p>Seleccione una ubicaci\u00f3n y localice el distribuidor m\u00e1s pr\u00f3ximo.<\/p>\n","protected":false},"excerpt":{"rendered":"<p>Distribuidores \u00a1El papel Pioneer se comercializa en m\u00e1s de 60 pa\u00edses de todo el mundo! Seleccione una ubicaci\u00f3n y localice el distribuidor m\u00e1s pr\u00f3ximo.<\/p>\n","protected":false},"author":3,"featured_media":0,"parent":10530,"menu_order":0,"comment_status":"closed","ping_status":"closed","template":"","meta":{"inline_featured_image":false,"footnotes":""},"class_list":["post-10532","page","type-page","status-publish","hentry"],"acf":[],"yoast_head":"<!-- This site is optimized with the Yoast SEO plugin v26.8 - https:\/\/yoast.com\/product\/yoast-seo-wordpress\/ -->\n<title>Distribuidores - Pioneer Paper<\/title>\n<meta name=\"description\" content=\"El papel de oficina Pioneer se comercializa en m\u00e1s de 60 pa\u00edses de todo el mundo. Seleccione una ubicaci\u00f3n y localice los distribuidores m\u00e1s pr\u00f3ximos.\" \/>\n<meta name=\"robots\" content=\"index, follow, max-snippet:-1, max-image-preview:large, max-video-preview:-1\" \/>\n<link rel=\"canonical\" href=\"https:\/\/pioneer-paper.com\/es\/donde-comprar\/distribuidores\/\" \/>\n<meta property=\"og:locale\" content=\"es_ES\" \/>\n<meta property=\"og:type\" content=\"article\" \/>\n<meta property=\"og:title\" content=\"Distribuidores - Pioneer Paper\" \/>\n<meta property=\"og:description\" content=\"El papel de oficina Pioneer se comercializa en m\u00e1s de 60 pa\u00edses de todo el mundo. Seleccione una ubicaci\u00f3n y localice los distribuidores m\u00e1s pr\u00f3ximos.\" \/>\n<meta property=\"og:url\" content=\"https:\/\/pioneer-paper.com\/es\/donde-comprar\/distribuidores\/\" \/>\n<meta property=\"og:site_name\" content=\"Pioneer Paper\" \/>\n<meta property=\"article:modified_time\" content=\"2023-09-12T11:50:16+00:00\" \/>\n<meta name=\"twitter:card\" content=\"summary_large_image\" \/>\n<meta name=\"twitter:label1\" content=\"Tiempo de lectura\" \/>\n\t<meta name=\"twitter:data1\" content=\"1 minuto\" \/>\n<script type=\"application\/ld+json\" class=\"yoast-schema-graph\">{\"@context\":\"https:\/\/schema.org\",\"@graph\":[{\"@type\":\"WebPage\",\"@id\":\"https:\/\/pioneer-paper.com\/es\/donde-comprar\/distribuidores\/\",\"url\":\"https:\/\/pioneer-paper.com\/es\/donde-comprar\/distribuidores\/\",\"name\":\"Distribuidores - Pioneer Paper\",\"isPartOf\":{\"@id\":\"https:\/\/pioneer-paper.com\/es\/#website\"},\"datePublished\":\"2023-09-08T10:18:07+00:00\",\"dateModified\":\"2023-09-12T11:50:16+00:00\",\"description\":\"El papel de oficina Pioneer se comercializa en m\u00e1s de 60 pa\u00edses de todo el mundo. Seleccione una ubicaci\u00f3n y localice los distribuidores m\u00e1s pr\u00f3ximos.\",\"breadcrumb\":{\"@id\":\"https:\/\/pioneer-paper.com\/es\/donde-comprar\/distribuidores\/#breadcrumb\"},\"inLanguage\":\"es\",\"potentialAction\":[{\"@type\":\"ReadAction\",\"target\":[\"https:\/\/pioneer-paper.com\/es\/donde-comprar\/distribuidores\/\"]}]},{\"@type\":\"BreadcrumbList\",\"@id\":\"https:\/\/pioneer-paper.com\/es\/donde-comprar\/distribuidores\/#breadcrumb\",\"itemListElement\":[{\"@type\":\"ListItem\",\"position\":1,\"name\":\"D\u00f3nde comprar\",\"item\":\"https:\/\/pioneer-paper.com\/es\/donde-comprar\/\"},{\"@type\":\"ListItem\",\"position\":2,\"name\":\"Distribuidores\"}]},{\"@type\":\"WebSite\",\"@id\":\"https:\/\/pioneer-paper.com\/es\/#website\",\"url\":\"https:\/\/pioneer-paper.com\/es\/\",\"name\":\"Pioneer Paper\",\"description\":\"Get Inspired\",\"potentialAction\":[{\"@type\":\"SearchAction\",\"target\":{\"@type\":\"EntryPoint\",\"urlTemplate\":\"https:\/\/pioneer-paper.com\/es\/?s={search_term_string}\"},\"query-input\":{\"@type\":\"PropertyValueSpecification\",\"valueRequired\":true,\"valueName\":\"search_term_string\"}}],\"inLanguage\":\"es\"}]}<\/script>\n<!-- \/ Yoast SEO plugin. -->","yoast_head_json":{"title":"Distribuidores - Pioneer Paper","description":"El papel de oficina Pioneer se comercializa en m\u00e1s de 60 pa\u00edses de todo el mundo. Seleccione una ubicaci\u00f3n y localice los distribuidores m\u00e1s pr\u00f3ximos.","robots":{"index":"index","follow":"follow","max-snippet":"max-snippet:-1","max-image-preview":"max-image-preview:large","max-video-preview":"max-video-preview:-1"},"canonical":"https:\/\/pioneer-paper.com\/es\/donde-comprar\/distribuidores\/","og_locale":"es_ES","og_type":"article","og_title":"Distribuidores - Pioneer Paper","og_description":"El papel de oficina Pioneer se comercializa en m\u00e1s de 60 pa\u00edses de todo el mundo. Seleccione una ubicaci\u00f3n y localice los distribuidores m\u00e1s pr\u00f3ximos.","og_url":"https:\/\/pioneer-paper.com\/es\/donde-comprar\/distribuidores\/","og_site_name":"Pioneer Paper","article_modified_time":"2023-09-12T11:50:16+00:00","twitter_card":"summary_large_image","twitter_misc":{"Tiempo de lectura":"1 minuto"},"schema":{"@context":"https:\/\/schema.org","@graph":[{"@type":"WebPage","@id":"https:\/\/pioneer-paper.com\/es\/donde-comprar\/distribuidores\/","url":"https:\/\/pioneer-paper.com\/es\/donde-comprar\/distribuidores\/","name":"Distribuidores - Pioneer Paper","isPartOf":{"@id":"https:\/\/pioneer-paper.com\/es\/#website"},"datePublished":"2023-09-08T10:18:07+00:00","dateModified":"2023-09-12T11:50:16+00:00","description":"El papel de oficina Pioneer se comercializa en m\u00e1s de 60 pa\u00edses de todo el mundo. Seleccione una ubicaci\u00f3n y localice los distribuidores m\u00e1s pr\u00f3ximos.","breadcrumb":{"@id":"https:\/\/pioneer-paper.com\/es\/donde-comprar\/distribuidores\/#breadcrumb"},"inLanguage":"es","potentialAction":[{"@type":"ReadAction","target":["https:\/\/pioneer-paper.com\/es\/donde-comprar\/distribuidores\/"]}]},{"@type":"BreadcrumbList","@id":"https:\/\/pioneer-paper.com\/es\/donde-comprar\/distribuidores\/#breadcrumb","itemListElement":[{"@type":"ListItem","position":1,"name":"D\u00f3nde comprar","item":"https:\/\/pioneer-paper.com\/es\/donde-comprar\/"},{"@type":"ListItem","position":2,"name":"Distribuidores"}]},{"@type":"WebSite","@id":"https:\/\/pioneer-paper.com\/es\/#website","url":"https:\/\/pioneer-paper.com\/es\/","name":"Pioneer Paper","description":"Get Inspired","potentialAction":[{"@type":"SearchAction","target":{"@type":"EntryPoint","urlTemplate":"https:\/\/pioneer-paper.com\/es\/?s={search_term_string}"},"query-input":{"@type":"PropertyValueSpecification","valueRequired":true,"valueName":"search_term_string"}}],"inLanguage":"es"}]}},"_links":{"self":[{"href":"https:\/\/pioneer-paper.com\/es\/wp-json\/wp\/v2\/pages\/10532","targetHints":{"allow":["GET"]}}],"collection":[{"href":"https:\/\/pioneer-paper.com\/es\/wp-json\/wp\/v2\/pages"}],"about":[{"href":"https:\/\/pioneer-paper.com\/es\/wp-json\/wp\/v2\/types\/page"}],"author":[{"embeddable":true,"href":"https:\/\/pioneer-paper.com\/es\/wp-json\/wp\/v2\/users\/3"}],"replies":[{"embeddable":true,"href":"https:\/\/pioneer-paper.com\/es\/wp-json\/wp\/v2\/comments?post=10532"}],"version-history":[{"count":2,"href":"https:\/\/pioneer-paper.com\/es\/wp-json\/wp\/v2\/pages\/10532\/revisions"}],"predecessor-version":[{"id":10951,"href":"https:\/\/pioneer-paper.com\/es\/wp-json\/wp\/v2\/pages\/10532\/revisions\/10951"}],"up":[{"embeddable":true,"href":"https:\/\/pioneer-paper.com\/es\/wp-json\/wp\/v2\/pages\/10530"}],"wp:attachment":[{"href":"https:\/\/pioneer-paper.com\/es\/wp-json\/wp\/v2\/media?parent=10532"}],"curies":[{"name":"wp","href":"https:\/\/api.w.org\/{rel}","templated":true}]}}