{"id":10543,"date":"2023-09-08T10:50:23","date_gmt":"2023-09-08T10:50:23","guid":{"rendered":"https:\/\/pioneer-paper.com\/?page_id=10543"},"modified":"2023-09-12T12:04:01","modified_gmt":"2023-09-12T12:04:01","slug":"graphic","status":"publish","type":"page","link":"https:\/\/pioneer-paper.com\/es\/graphic\/","title":{"rendered":"Pioneer Graphic"},"content":{"rendered":"<p><center><\/p>\n<h1>Esto es Pioneer: una gama diversificada, vers\u00e1til y centrada en lo esencial.<\/h1>\n<h5>La excelencia del papel, la perfecci\u00f3n de los resultados.<\/h5>\n<p><a class=\"btn\" href=\"\/es\/graphic\/donde-comprar\/distribuidores\/\">D\u00f3nde comprar<\/a>\u00a0<a class=\"btn btn--outline\" href=\"\/es\/graphic\/acerca-de\/objetivo-de-marca\/\">M\u00e1s informaci\u00f3n<\/a><br \/>\n<\/center><\/p>\n","protected":false},"excerpt":{"rendered":"<p>Esto es Pioneer: una gama diversificada, vers\u00e1til y centrada en lo esencial. La excelencia del papel, la perfecci\u00f3n de los resultados. D\u00f3nde comprar\u00a0M\u00e1s informaci\u00f3n<\/p>\n","protected":false},"author":3,"featured_media":10499,"parent":0,"menu_order":0,"comment_status":"closed","ping_status":"closed","template":"","meta":{"inline_featured_image":false,"footnotes":""},"class_list":["post-10543","page","type-page","status-publish","has-post-thumbnail","hentry"],"acf":[],"yoast_head":"<!-- This site is optimized with the Yoast SEO plugin v26.8 - https:\/\/yoast.com\/product\/yoast-seo-wordpress\/ -->\n<title>Pioneer Graphic - Pioneer Paper<\/title>\n<meta name=\"description\" content=\"El papel Pioneer Graphic ofrece una gama Offset y una gama Pre-Print. Consiga el m\u00e1ximo rendimiento en impresi\u00f3n offset para sus proyectos m\u00e1s impactantes.\" \/>\n<meta name=\"robots\" content=\"index, follow, max-snippet:-1, max-image-preview:large, max-video-preview:-1\" \/>\n<link rel=\"canonical\" href=\"https:\/\/pioneer-paper.com\/es\/graphic\/\" \/>\n<meta property=\"og:locale\" content=\"es_ES\" \/>\n<meta property=\"og:type\" content=\"article\" \/>\n<meta property=\"og:title\" content=\"Pioneer Graphic - Pioneer Paper\" \/>\n<meta property=\"og:description\" content=\"El papel Pioneer Graphic ofrece una gama Offset y una gama Pre-Print. Consiga el m\u00e1ximo rendimiento en impresi\u00f3n offset para sus proyectos m\u00e1s impactantes.\" \/>\n<meta property=\"og:url\" content=\"https:\/\/pioneer-paper.com\/es\/graphic\/\" \/>\n<meta property=\"og:site_name\" content=\"Pioneer Paper\" \/>\n<meta property=\"article:modified_time\" content=\"2023-09-12T12:04:01+00:00\" \/>\n<meta property=\"og:image\" content=\"https:\/\/pioneer-paper.com\/wp-content\/uploads\/2023\/09\/Pioneer-Website-Img-Graphic-Hero-Optimised.jpg\" \/>\n\t<meta property=\"og:image:width\" content=\"1920\" \/>\n\t<meta property=\"og:image:height\" content=\"1273\" \/>\n\t<meta property=\"og:image:type\" content=\"image\/jpeg\" \/>\n<meta name=\"twitter:card\" content=\"summary_large_image\" \/>\n<meta name=\"twitter:label1\" content=\"Tiempo de lectura\" \/>\n\t<meta name=\"twitter:data1\" content=\"1 minuto\" \/>\n<script type=\"application\/ld+json\" class=\"yoast-schema-graph\">{\"@context\":\"https:\/\/schema.org\",\"@graph\":[{\"@type\":\"WebPage\",\"@id\":\"https:\/\/pioneer-paper.com\/es\/graphic\/\",\"url\":\"https:\/\/pioneer-paper.com\/es\/graphic\/\",\"name\":\"Pioneer Graphic - Pioneer Paper\",\"isPartOf\":{\"@id\":\"https:\/\/pioneer-paper.com\/es\/#website\"},\"primaryImageOfPage\":{\"@id\":\"https:\/\/pioneer-paper.com\/es\/graphic\/#primaryimage\"},\"image\":{\"@id\":\"https:\/\/pioneer-paper.com\/es\/graphic\/#primaryimage\"},\"thumbnailUrl\":\"https:\/\/pioneer-paper.com\/wp-content\/uploads\/2023\/09\/Pioneer-Website-Img-Graphic-Hero-Optimised.jpg\",\"datePublished\":\"2023-09-08T10:50:23+00:00\",\"dateModified\":\"2023-09-12T12:04:01+00:00\",\"description\":\"El papel Pioneer Graphic ofrece una gama Offset y una gama Pre-Print. Consiga el m\u00e1ximo rendimiento en impresi\u00f3n offset para sus proyectos m\u00e1s impactantes.\",\"inLanguage\":\"es\",\"potentialAction\":[{\"@type\":\"ReadAction\",\"target\":[\"https:\/\/pioneer-paper.com\/es\/graphic\/\"]}]},{\"@type\":\"ImageObject\",\"inLanguage\":\"es\",\"@id\":\"https:\/\/pioneer-paper.com\/es\/graphic\/#primaryimage\",\"url\":\"https:\/\/pioneer-paper.com\/wp-content\/uploads\/2023\/09\/Pioneer-Website-Img-Graphic-Hero-Optimised.jpg\",\"contentUrl\":\"https:\/\/pioneer-paper.com\/wp-content\/uploads\/2023\/09\/Pioneer-Website-Img-Graphic-Hero-Optimised.jpg\",\"width\":1920,\"height\":1273},{\"@type\":\"WebSite\",\"@id\":\"https:\/\/pioneer-paper.com\/es\/#website\",\"url\":\"https:\/\/pioneer-paper.com\/es\/\",\"name\":\"Pioneer Paper\",\"description\":\"Get Inspired\",\"potentialAction\":[{\"@type\":\"SearchAction\",\"target\":{\"@type\":\"EntryPoint\",\"urlTemplate\":\"https:\/\/pioneer-paper.com\/es\/?s={search_term_string}\"},\"query-input\":{\"@type\":\"PropertyValueSpecification\",\"valueRequired\":true,\"valueName\":\"search_term_string\"}}],\"inLanguage\":\"es\"}]}<\/script>\n<!-- \/ Yoast SEO plugin. -->","yoast_head_json":{"title":"Pioneer Graphic - Pioneer Paper","description":"El papel Pioneer Graphic ofrece una gama Offset y una gama Pre-Print. Consiga el m\u00e1ximo rendimiento en impresi\u00f3n offset para sus proyectos m\u00e1s impactantes.","robots":{"index":"index","follow":"follow","max-snippet":"max-snippet:-1","max-image-preview":"max-image-preview:large","max-video-preview":"max-video-preview:-1"},"canonical":"https:\/\/pioneer-paper.com\/es\/graphic\/","og_locale":"es_ES","og_type":"article","og_title":"Pioneer Graphic - Pioneer Paper","og_description":"El papel Pioneer Graphic ofrece una gama Offset y una gama Pre-Print. Consiga el m\u00e1ximo rendimiento en impresi\u00f3n offset para sus proyectos m\u00e1s impactantes.","og_url":"https:\/\/pioneer-paper.com\/es\/graphic\/","og_site_name":"Pioneer Paper","article_modified_time":"2023-09-12T12:04:01+00:00","og_image":[{"width":1920,"height":1273,"url":"https:\/\/pioneer-paper.com\/wp-content\/uploads\/2023\/09\/Pioneer-Website-Img-Graphic-Hero-Optimised.jpg","type":"image\/jpeg"}],"twitter_card":"summary_large_image","twitter_misc":{"Tiempo de lectura":"1 minuto"},"schema":{"@context":"https:\/\/schema.org","@graph":[{"@type":"WebPage","@id":"https:\/\/pioneer-paper.com\/es\/graphic\/","url":"https:\/\/pioneer-paper.com\/es\/graphic\/","name":"Pioneer Graphic - Pioneer Paper","isPartOf":{"@id":"https:\/\/pioneer-paper.com\/es\/#website"},"primaryImageOfPage":{"@id":"https:\/\/pioneer-paper.com\/es\/graphic\/#primaryimage"},"image":{"@id":"https:\/\/pioneer-paper.com\/es\/graphic\/#primaryimage"},"thumbnailUrl":"https:\/\/pioneer-paper.com\/wp-content\/uploads\/2023\/09\/Pioneer-Website-Img-Graphic-Hero-Optimised.jpg","datePublished":"2023-09-08T10:50:23+00:00","dateModified":"2023-09-12T12:04:01+00:00","description":"El papel Pioneer Graphic ofrece una gama Offset y una gama Pre-Print. Consiga el m\u00e1ximo rendimiento en impresi\u00f3n offset para sus proyectos m\u00e1s impactantes.","inLanguage":"es","potentialAction":[{"@type":"ReadAction","target":["https:\/\/pioneer-paper.com\/es\/graphic\/"]}]},{"@type":"ImageObject","inLanguage":"es","@id":"https:\/\/pioneer-paper.com\/es\/graphic\/#primaryimage","url":"https:\/\/pioneer-paper.com\/wp-content\/uploads\/2023\/09\/Pioneer-Website-Img-Graphic-Hero-Optimised.jpg","contentUrl":"https:\/\/pioneer-paper.com\/wp-content\/uploads\/2023\/09\/Pioneer-Website-Img-Graphic-Hero-Optimised.jpg","width":1920,"height":1273},{"@type":"WebSite","@id":"https:\/\/pioneer-paper.com\/es\/#website","url":"https:\/\/pioneer-paper.com\/es\/","name":"Pioneer Paper","description":"Get Inspired","potentialAction":[{"@type":"SearchAction","target":{"@type":"EntryPoint","urlTemplate":"https:\/\/pioneer-paper.com\/es\/?s={search_term_string}"},"query-input":{"@type":"PropertyValueSpecification","valueRequired":true,"valueName":"search_term_string"}}],"inLanguage":"es"}]}},"_links":{"self":[{"href":"https:\/\/pioneer-paper.com\/es\/wp-json\/wp\/v2\/pages\/10543","targetHints":{"allow":["GET"]}}],"collection":[{"href":"https:\/\/pioneer-paper.com\/es\/wp-json\/wp\/v2\/pages"}],"about":[{"href":"https:\/\/pioneer-paper.com\/es\/wp-json\/wp\/v2\/types\/page"}],"author":[{"embeddable":true,"href":"https:\/\/pioneer-paper.com\/es\/wp-json\/wp\/v2\/users\/3"}],"replies":[{"embeddable":true,"href":"https:\/\/pioneer-paper.com\/es\/wp-json\/wp\/v2\/comments?post=10543"}],"version-history":[{"count":3,"href":"https:\/\/pioneer-paper.com\/es\/wp-json\/wp\/v2\/pages\/10543\/revisions"}],"predecessor-version":[{"id":10958,"href":"https:\/\/pioneer-paper.com\/es\/wp-json\/wp\/v2\/pages\/10543\/revisions\/10958"}],"wp:featuredmedia":[{"embeddable":true,"href":"https:\/\/pioneer-paper.com\/es\/wp-json\/wp\/v2\/media\/10499"}],"wp:attachment":[{"href":"https:\/\/pioneer-paper.com\/es\/wp-json\/wp\/v2\/media?parent=10543"}],"curies":[{"name":"wp","href":"https:\/\/api.w.org\/{rel}","templated":true}]}}