{"id":10868,"date":"2023-09-11T16:34:20","date_gmt":"2023-09-11T16:34:20","guid":{"rendered":"https:\/\/pioneer-paper.com\/?page_id=10868"},"modified":"2023-09-13T10:01:43","modified_gmt":"2023-09-13T10:01:43","slug":"production-et-certifications","status":"publish","type":"page","link":"https:\/\/pioneer-paper.com\/fr\/a-propos\/production-et-certifications\/","title":{"rendered":"Production et certifications"},"content":{"rendered":"<h2>Production et certifications.<\/h2>\n<h5>Le papier Pioneer peut \u00eatre d\u00e9fini en deux mots simples : innovation et durabilit\u00e9.<\/h5>\n<p>Une technologie de pointe, des mati\u00e8res premi\u00e8res uniques et des processus de production optimis\u00e9s sont autant d\u2019\u00e9l\u00e9ments qui assurent les meilleurs r\u00e9sultats d\u2019impression. Gr\u00e2ce \u00e0 son sens aigu de la responsabilit\u00e9 environnementale et \u00e0 son engagement en faveur de la qualit\u00e9, le papier Pioneer a re\u00e7u de nombreuses certifications.<\/p>\n","protected":false},"excerpt":{"rendered":"<p>Production et certifications. Le papier Pioneer peut \u00eatre d\u00e9fini en deux mots simples : innovation et durabilit\u00e9. Une technologie de pointe, des mati\u00e8res premi\u00e8res uniques et des processus de production optimis\u00e9s sont autant d\u2019\u00e9l\u00e9ments qui assurent les meilleurs r\u00e9sultats d\u2019impression. Gr\u00e2ce \u00e0 son sens aigu de la responsabilit\u00e9 environnementale et \u00e0 son engagement en faveur [&hellip;]<\/p>\n","protected":false},"author":3,"featured_media":0,"parent":8535,"menu_order":0,"comment_status":"closed","ping_status":"closed","template":"","meta":{"inline_featured_image":false,"footnotes":""},"class_list":["post-10868","page","type-page","status-publish","hentry"],"acf":[],"yoast_head":"<!-- This site is optimized with the Yoast SEO plugin v26.8 - https:\/\/yoast.com\/product\/yoast-seo-wordpress\/ -->\n<title>Production et certifications - Pioneer Paper<\/title>\n<meta name=\"description\" content=\"Les multiples certifications du papier Pioneer attestent d\u2019un engagement fort en faveur de la qualit\u00e9 et de la responsabilit\u00e9 environnementale.\" \/>\n<meta name=\"robots\" content=\"index, follow, max-snippet:-1, max-image-preview:large, max-video-preview:-1\" \/>\n<link rel=\"canonical\" href=\"https:\/\/pioneer-paper.com\/fr\/a-propos\/production-et-certifications\/\" \/>\n<meta property=\"og:locale\" content=\"fr_FR\" \/>\n<meta property=\"og:type\" content=\"article\" \/>\n<meta property=\"og:title\" content=\"Production et certifications - Pioneer Paper\" \/>\n<meta property=\"og:description\" content=\"Les multiples certifications du papier Pioneer attestent d\u2019un engagement fort en faveur de la qualit\u00e9 et de la responsabilit\u00e9 environnementale.\" \/>\n<meta property=\"og:url\" content=\"https:\/\/pioneer-paper.com\/fr\/a-propos\/production-et-certifications\/\" \/>\n<meta property=\"og:site_name\" content=\"Pioneer Paper\" \/>\n<meta property=\"article:modified_time\" content=\"2023-09-13T10:01:43+00:00\" \/>\n<meta name=\"twitter:card\" content=\"summary_large_image\" \/>\n<meta name=\"twitter:label1\" content=\"Dur\u00e9e de lecture estim\u00e9e\" \/>\n\t<meta name=\"twitter:data1\" content=\"1 minute\" \/>\n<script type=\"application\/ld+json\" class=\"yoast-schema-graph\">{\"@context\":\"https:\/\/schema.org\",\"@graph\":[{\"@type\":\"WebPage\",\"@id\":\"https:\/\/pioneer-paper.com\/fr\/a-propos\/production-et-certifications\/\",\"url\":\"https:\/\/pioneer-paper.com\/fr\/a-propos\/production-et-certifications\/\",\"name\":\"Production et certifications - Pioneer Paper\",\"isPartOf\":{\"@id\":\"https:\/\/pioneer-paper.com\/fr\/#website\"},\"datePublished\":\"2023-09-11T16:34:20+00:00\",\"dateModified\":\"2023-09-13T10:01:43+00:00\",\"description\":\"Les multiples certifications du papier Pioneer attestent d\u2019un engagement fort en faveur de la qualit\u00e9 et de la responsabilit\u00e9 environnementale.\",\"breadcrumb\":{\"@id\":\"https:\/\/pioneer-paper.com\/fr\/a-propos\/production-et-certifications\/#breadcrumb\"},\"inLanguage\":\"fr-FR\",\"potentialAction\":[{\"@type\":\"ReadAction\",\"target\":[\"https:\/\/pioneer-paper.com\/fr\/a-propos\/production-et-certifications\/\"]}]},{\"@type\":\"BreadcrumbList\",\"@id\":\"https:\/\/pioneer-paper.com\/fr\/a-propos\/production-et-certifications\/#breadcrumb\",\"itemListElement\":[{\"@type\":\"ListItem\",\"position\":1,\"name\":\"\u00c0 propos\",\"item\":\"https:\/\/pioneer-paper.com\/fr\/about\/\"},{\"@type\":\"ListItem\",\"position\":2,\"name\":\"Production et certifications\"}]},{\"@type\":\"WebSite\",\"@id\":\"https:\/\/pioneer-paper.com\/fr\/#website\",\"url\":\"https:\/\/pioneer-paper.com\/fr\/\",\"name\":\"Pioneer Paper\",\"description\":\"Get Inspired\",\"potentialAction\":[{\"@type\":\"SearchAction\",\"target\":{\"@type\":\"EntryPoint\",\"urlTemplate\":\"https:\/\/pioneer-paper.com\/fr\/?s={search_term_string}\"},\"query-input\":{\"@type\":\"PropertyValueSpecification\",\"valueRequired\":true,\"valueName\":\"search_term_string\"}}],\"inLanguage\":\"fr-FR\"}]}<\/script>\n<!-- \/ Yoast SEO plugin. -->","yoast_head_json":{"title":"Production et certifications - Pioneer Paper","description":"Les multiples certifications du papier Pioneer attestent d\u2019un engagement fort en faveur de la qualit\u00e9 et de la responsabilit\u00e9 environnementale.","robots":{"index":"index","follow":"follow","max-snippet":"max-snippet:-1","max-image-preview":"max-image-preview:large","max-video-preview":"max-video-preview:-1"},"canonical":"https:\/\/pioneer-paper.com\/fr\/a-propos\/production-et-certifications\/","og_locale":"fr_FR","og_type":"article","og_title":"Production et certifications - Pioneer Paper","og_description":"Les multiples certifications du papier Pioneer attestent d\u2019un engagement fort en faveur de la qualit\u00e9 et de la responsabilit\u00e9 environnementale.","og_url":"https:\/\/pioneer-paper.com\/fr\/a-propos\/production-et-certifications\/","og_site_name":"Pioneer Paper","article_modified_time":"2023-09-13T10:01:43+00:00","twitter_card":"summary_large_image","twitter_misc":{"Dur\u00e9e de lecture estim\u00e9e":"1 minute"},"schema":{"@context":"https:\/\/schema.org","@graph":[{"@type":"WebPage","@id":"https:\/\/pioneer-paper.com\/fr\/a-propos\/production-et-certifications\/","url":"https:\/\/pioneer-paper.com\/fr\/a-propos\/production-et-certifications\/","name":"Production et certifications - Pioneer Paper","isPartOf":{"@id":"https:\/\/pioneer-paper.com\/fr\/#website"},"datePublished":"2023-09-11T16:34:20+00:00","dateModified":"2023-09-13T10:01:43+00:00","description":"Les multiples certifications du papier Pioneer attestent d\u2019un engagement fort en faveur de la qualit\u00e9 et de la responsabilit\u00e9 environnementale.","breadcrumb":{"@id":"https:\/\/pioneer-paper.com\/fr\/a-propos\/production-et-certifications\/#breadcrumb"},"inLanguage":"fr-FR","potentialAction":[{"@type":"ReadAction","target":["https:\/\/pioneer-paper.com\/fr\/a-propos\/production-et-certifications\/"]}]},{"@type":"BreadcrumbList","@id":"https:\/\/pioneer-paper.com\/fr\/a-propos\/production-et-certifications\/#breadcrumb","itemListElement":[{"@type":"ListItem","position":1,"name":"\u00c0 propos","item":"https:\/\/pioneer-paper.com\/fr\/about\/"},{"@type":"ListItem","position":2,"name":"Production et certifications"}]},{"@type":"WebSite","@id":"https:\/\/pioneer-paper.com\/fr\/#website","url":"https:\/\/pioneer-paper.com\/fr\/","name":"Pioneer Paper","description":"Get Inspired","potentialAction":[{"@type":"SearchAction","target":{"@type":"EntryPoint","urlTemplate":"https:\/\/pioneer-paper.com\/fr\/?s={search_term_string}"},"query-input":{"@type":"PropertyValueSpecification","valueRequired":true,"valueName":"search_term_string"}}],"inLanguage":"fr-FR"}]}},"_links":{"self":[{"href":"https:\/\/pioneer-paper.com\/fr\/wp-json\/wp\/v2\/pages\/10868","targetHints":{"allow":["GET"]}}],"collection":[{"href":"https:\/\/pioneer-paper.com\/fr\/wp-json\/wp\/v2\/pages"}],"about":[{"href":"https:\/\/pioneer-paper.com\/fr\/wp-json\/wp\/v2\/types\/page"}],"author":[{"embeddable":true,"href":"https:\/\/pioneer-paper.com\/fr\/wp-json\/wp\/v2\/users\/3"}],"replies":[{"embeddable":true,"href":"https:\/\/pioneer-paper.com\/fr\/wp-json\/wp\/v2\/comments?post=10868"}],"version-history":[{"count":2,"href":"https:\/\/pioneer-paper.com\/fr\/wp-json\/wp\/v2\/pages\/10868\/revisions"}],"predecessor-version":[{"id":11069,"href":"https:\/\/pioneer-paper.com\/fr\/wp-json\/wp\/v2\/pages\/10868\/revisions\/11069"}],"up":[{"embeddable":true,"href":"https:\/\/pioneer-paper.com\/fr\/wp-json\/wp\/v2\/pages\/8535"}],"wp:attachment":[{"href":"https:\/\/pioneer-paper.com\/fr\/wp-json\/wp\/v2\/media?parent=10868"}],"curies":[{"name":"wp","href":"https:\/\/api.w.org\/{rel}","templated":true}]}}