{"id":11131,"date":"2023-09-13T14:11:09","date_gmt":"2023-09-13T14:11:09","guid":{"rendered":"https:\/\/pioneer-paper.com\/?page_id=11131"},"modified":"2023-09-13T15:59:56","modified_gmt":"2023-09-13T15:59:56","slug":"pioneer-office","status":"publish","type":"page","link":"https:\/\/pioneer-paper.com\/fr\/produits\/pioneer-office\/","title":{"rendered":"Pioneer Office"},"content":{"rendered":"<h2>Un papier pour chaque d\u00e9fi.<\/h2>\n<h5>Le papier Pioneer est un papier de bureau ultra-blanc sp\u00e9cialement con\u00e7u pour fournir d\u2019excellents r\u00e9sultats.<\/h5>\n<p>Rien n\u2019est impossible avec un bon \u00e9tat d\u2019esprit et de bons outils.<\/p>\n","protected":false},"excerpt":{"rendered":"<p>Un papier pour chaque d\u00e9fi. Le papier Pioneer est un papier de bureau ultra-blanc sp\u00e9cialement con\u00e7u pour fournir d\u2019excellents r\u00e9sultats. Rien n\u2019est impossible avec un bon \u00e9tat d\u2019esprit et de bons outils.<\/p>\n","protected":false},"author":3,"featured_media":4025,"parent":8546,"menu_order":0,"comment_status":"closed","ping_status":"closed","template":"templates\/range.php","meta":{"inline_featured_image":false,"footnotes":""},"class_list":["post-11131","page","type-page","status-publish","has-post-thumbnail","hentry"],"acf":[],"yoast_head":"<!-- This site is optimized with the Yoast SEO plugin v26.8 - https:\/\/yoast.com\/product\/yoast-seo-wordpress\/ -->\n<title>Pioneer Office - Pioneer Paper<\/title>\n<meta name=\"description\" content=\"Vos meilleures id\u00e9es m\u00e9ritent le meilleur papier. La gamme de papiers Pioneer a \u00e9t\u00e9 sp\u00e9cialement d\u00e9velopp\u00e9e pour garantir d\u2019excellents r\u00e9sultats.\" \/>\n<meta name=\"robots\" content=\"index, follow, max-snippet:-1, max-image-preview:large, max-video-preview:-1\" \/>\n<link rel=\"canonical\" href=\"https:\/\/pioneer-paper.com\/fr\/produits\/pioneer-office\/\" \/>\n<meta property=\"og:locale\" content=\"fr_FR\" \/>\n<meta property=\"og:type\" content=\"article\" \/>\n<meta property=\"og:title\" content=\"Pioneer Office - Pioneer Paper\" \/>\n<meta property=\"og:description\" content=\"Vos meilleures id\u00e9es m\u00e9ritent le meilleur papier. La gamme de papiers Pioneer a \u00e9t\u00e9 sp\u00e9cialement d\u00e9velopp\u00e9e pour garantir d\u2019excellents r\u00e9sultats.\" \/>\n<meta property=\"og:url\" content=\"https:\/\/pioneer-paper.com\/fr\/produits\/pioneer-office\/\" \/>\n<meta property=\"og:site_name\" content=\"Pioneer Paper\" \/>\n<meta property=\"article:modified_time\" content=\"2023-09-13T15:59:56+00:00\" \/>\n<meta property=\"og:image\" content=\"https:\/\/pioneer-paper.com\/wp-content\/uploads\/2022\/11\/Pioneer-Website-Img-Ream-Range-comp-3.png\" \/>\n\t<meta property=\"og:image:width\" content=\"690\" \/>\n\t<meta property=\"og:image:height\" content=\"503\" \/>\n\t<meta property=\"og:image:type\" content=\"image\/png\" \/>\n<meta name=\"twitter:card\" content=\"summary_large_image\" \/>\n<meta name=\"twitter:label1\" content=\"Dur\u00e9e de lecture estim\u00e9e\" \/>\n\t<meta name=\"twitter:data1\" content=\"1 minute\" \/>\n<script type=\"application\/ld+json\" class=\"yoast-schema-graph\">{\"@context\":\"https:\/\/schema.org\",\"@graph\":[{\"@type\":\"WebPage\",\"@id\":\"https:\/\/pioneer-paper.com\/fr\/produits\/pioneer-office\/\",\"url\":\"https:\/\/pioneer-paper.com\/fr\/produits\/pioneer-office\/\",\"name\":\"Pioneer Office - Pioneer Paper\",\"isPartOf\":{\"@id\":\"https:\/\/pioneer-paper.com\/fr\/#website\"},\"primaryImageOfPage\":{\"@id\":\"https:\/\/pioneer-paper.com\/fr\/produits\/pioneer-office\/#primaryimage\"},\"image\":{\"@id\":\"https:\/\/pioneer-paper.com\/fr\/produits\/pioneer-office\/#primaryimage\"},\"thumbnailUrl\":\"https:\/\/pioneer-paper.com\/wp-content\/uploads\/2022\/11\/Pioneer-Website-Img-Ream-Range-comp-3.png\",\"datePublished\":\"2023-09-13T14:11:09+00:00\",\"dateModified\":\"2023-09-13T15:59:56+00:00\",\"description\":\"Vos meilleures id\u00e9es m\u00e9ritent le meilleur papier. La gamme de papiers Pioneer a \u00e9t\u00e9 sp\u00e9cialement d\u00e9velopp\u00e9e pour garantir d\u2019excellents r\u00e9sultats.\",\"breadcrumb\":{\"@id\":\"https:\/\/pioneer-paper.com\/fr\/produits\/pioneer-office\/#breadcrumb\"},\"inLanguage\":\"fr-FR\",\"potentialAction\":[{\"@type\":\"ReadAction\",\"target\":[\"https:\/\/pioneer-paper.com\/fr\/produits\/pioneer-office\/\"]}]},{\"@type\":\"ImageObject\",\"inLanguage\":\"fr-FR\",\"@id\":\"https:\/\/pioneer-paper.com\/fr\/produits\/pioneer-office\/#primaryimage\",\"url\":\"https:\/\/pioneer-paper.com\/wp-content\/uploads\/2022\/11\/Pioneer-Website-Img-Ream-Range-comp-3.png\",\"contentUrl\":\"https:\/\/pioneer-paper.com\/wp-content\/uploads\/2022\/11\/Pioneer-Website-Img-Ream-Range-comp-3.png\",\"width\":690,\"height\":503},{\"@type\":\"BreadcrumbList\",\"@id\":\"https:\/\/pioneer-paper.com\/fr\/produits\/pioneer-office\/#breadcrumb\",\"itemListElement\":[{\"@type\":\"ListItem\",\"position\":1,\"name\":\"Produits\",\"item\":\"https:\/\/pioneer-paper.com\/fr\/products\/\"},{\"@type\":\"ListItem\",\"position\":2,\"name\":\"Pioneer Office\"}]},{\"@type\":\"WebSite\",\"@id\":\"https:\/\/pioneer-paper.com\/fr\/#website\",\"url\":\"https:\/\/pioneer-paper.com\/fr\/\",\"name\":\"Pioneer Paper\",\"description\":\"Get Inspired\",\"potentialAction\":[{\"@type\":\"SearchAction\",\"target\":{\"@type\":\"EntryPoint\",\"urlTemplate\":\"https:\/\/pioneer-paper.com\/fr\/?s={search_term_string}\"},\"query-input\":{\"@type\":\"PropertyValueSpecification\",\"valueRequired\":true,\"valueName\":\"search_term_string\"}}],\"inLanguage\":\"fr-FR\"}]}<\/script>\n<!-- \/ Yoast SEO plugin. -->","yoast_head_json":{"title":"Pioneer Office - Pioneer Paper","description":"Vos meilleures id\u00e9es m\u00e9ritent le meilleur papier. La gamme de papiers Pioneer a \u00e9t\u00e9 sp\u00e9cialement d\u00e9velopp\u00e9e pour garantir d\u2019excellents r\u00e9sultats.","robots":{"index":"index","follow":"follow","max-snippet":"max-snippet:-1","max-image-preview":"max-image-preview:large","max-video-preview":"max-video-preview:-1"},"canonical":"https:\/\/pioneer-paper.com\/fr\/produits\/pioneer-office\/","og_locale":"fr_FR","og_type":"article","og_title":"Pioneer Office - Pioneer Paper","og_description":"Vos meilleures id\u00e9es m\u00e9ritent le meilleur papier. La gamme de papiers Pioneer a \u00e9t\u00e9 sp\u00e9cialement d\u00e9velopp\u00e9e pour garantir d\u2019excellents r\u00e9sultats.","og_url":"https:\/\/pioneer-paper.com\/fr\/produits\/pioneer-office\/","og_site_name":"Pioneer Paper","article_modified_time":"2023-09-13T15:59:56+00:00","og_image":[{"width":690,"height":503,"url":"https:\/\/pioneer-paper.com\/wp-content\/uploads\/2022\/11\/Pioneer-Website-Img-Ream-Range-comp-3.png","type":"image\/png"}],"twitter_card":"summary_large_image","twitter_misc":{"Dur\u00e9e de lecture estim\u00e9e":"1 minute"},"schema":{"@context":"https:\/\/schema.org","@graph":[{"@type":"WebPage","@id":"https:\/\/pioneer-paper.com\/fr\/produits\/pioneer-office\/","url":"https:\/\/pioneer-paper.com\/fr\/produits\/pioneer-office\/","name":"Pioneer Office - Pioneer Paper","isPartOf":{"@id":"https:\/\/pioneer-paper.com\/fr\/#website"},"primaryImageOfPage":{"@id":"https:\/\/pioneer-paper.com\/fr\/produits\/pioneer-office\/#primaryimage"},"image":{"@id":"https:\/\/pioneer-paper.com\/fr\/produits\/pioneer-office\/#primaryimage"},"thumbnailUrl":"https:\/\/pioneer-paper.com\/wp-content\/uploads\/2022\/11\/Pioneer-Website-Img-Ream-Range-comp-3.png","datePublished":"2023-09-13T14:11:09+00:00","dateModified":"2023-09-13T15:59:56+00:00","description":"Vos meilleures id\u00e9es m\u00e9ritent le meilleur papier. La gamme de papiers Pioneer a \u00e9t\u00e9 sp\u00e9cialement d\u00e9velopp\u00e9e pour garantir d\u2019excellents r\u00e9sultats.","breadcrumb":{"@id":"https:\/\/pioneer-paper.com\/fr\/produits\/pioneer-office\/#breadcrumb"},"inLanguage":"fr-FR","potentialAction":[{"@type":"ReadAction","target":["https:\/\/pioneer-paper.com\/fr\/produits\/pioneer-office\/"]}]},{"@type":"ImageObject","inLanguage":"fr-FR","@id":"https:\/\/pioneer-paper.com\/fr\/produits\/pioneer-office\/#primaryimage","url":"https:\/\/pioneer-paper.com\/wp-content\/uploads\/2022\/11\/Pioneer-Website-Img-Ream-Range-comp-3.png","contentUrl":"https:\/\/pioneer-paper.com\/wp-content\/uploads\/2022\/11\/Pioneer-Website-Img-Ream-Range-comp-3.png","width":690,"height":503},{"@type":"BreadcrumbList","@id":"https:\/\/pioneer-paper.com\/fr\/produits\/pioneer-office\/#breadcrumb","itemListElement":[{"@type":"ListItem","position":1,"name":"Produits","item":"https:\/\/pioneer-paper.com\/fr\/products\/"},{"@type":"ListItem","position":2,"name":"Pioneer Office"}]},{"@type":"WebSite","@id":"https:\/\/pioneer-paper.com\/fr\/#website","url":"https:\/\/pioneer-paper.com\/fr\/","name":"Pioneer Paper","description":"Get Inspired","potentialAction":[{"@type":"SearchAction","target":{"@type":"EntryPoint","urlTemplate":"https:\/\/pioneer-paper.com\/fr\/?s={search_term_string}"},"query-input":{"@type":"PropertyValueSpecification","valueRequired":true,"valueName":"search_term_string"}}],"inLanguage":"fr-FR"}]}},"_links":{"self":[{"href":"https:\/\/pioneer-paper.com\/fr\/wp-json\/wp\/v2\/pages\/11131","targetHints":{"allow":["GET"]}}],"collection":[{"href":"https:\/\/pioneer-paper.com\/fr\/wp-json\/wp\/v2\/pages"}],"about":[{"href":"https:\/\/pioneer-paper.com\/fr\/wp-json\/wp\/v2\/types\/page"}],"author":[{"embeddable":true,"href":"https:\/\/pioneer-paper.com\/fr\/wp-json\/wp\/v2\/users\/3"}],"replies":[{"embeddable":true,"href":"https:\/\/pioneer-paper.com\/fr\/wp-json\/wp\/v2\/comments?post=11131"}],"version-history":[{"count":4,"href":"https:\/\/pioneer-paper.com\/fr\/wp-json\/wp\/v2\/pages\/11131\/revisions"}],"predecessor-version":[{"id":11188,"href":"https:\/\/pioneer-paper.com\/fr\/wp-json\/wp\/v2\/pages\/11131\/revisions\/11188"}],"up":[{"embeddable":true,"href":"https:\/\/pioneer-paper.com\/fr\/wp-json\/wp\/v2\/pages\/8546"}],"wp:featuredmedia":[{"embeddable":true,"href":"https:\/\/pioneer-paper.com\/fr\/wp-json\/wp\/v2\/media\/4025"}],"wp:attachment":[{"href":"https:\/\/pioneer-paper.com\/fr\/wp-json\/wp\/v2\/media?parent=11131"}],"curies":[{"name":"wp","href":"https:\/\/api.w.org\/{rel}","templated":true}]}}