{"id":8597,"date":"2023-07-10T09:09:23","date_gmt":"2023-07-10T09:09:23","guid":{"rendered":"https:\/\/pioneer-paper.com\/?page_id=8597"},"modified":"2023-07-20T14:32:38","modified_gmt":"2023-07-20T14:32:38","slug":"graphic","status":"publish","type":"page","link":"https:\/\/pioneer-paper.com\/fr\/graphic\/","title":{"rendered":"Pioneer Graphic"},"content":{"rendered":"<p><center><\/p>\n<h1>Voici Pioneer\u00a0: une gamme diversifi\u00e9e et polyvalente, ax\u00e9e sur l\u2019essentiel.<\/h1>\n<h5>L\u2019excellence du papier, la perfection des r\u00e9sultats.<\/h5>\n<p><a class=\"btn\" href=\"\/fr\/graphic\/points-de-vente-2\/distributeurs\/\">Points de vente<\/a>\u00a0<a class=\"btn btn--outline\" href=\"\/fr\/graphic\/a-propos-2\/proposition-de-marque\/\">En savoir plus<\/a><br \/>\n<\/center><\/p>\n","protected":false},"excerpt":{"rendered":"<p>Voici Pioneer\u00a0: une gamme diversifi\u00e9e et polyvalente, ax\u00e9e sur l\u2019essentiel. L\u2019excellence du papier, la perfection des r\u00e9sultats. Points de vente\u00a0En savoir plus<\/p>\n","protected":false},"author":3,"featured_media":6737,"parent":0,"menu_order":0,"comment_status":"closed","ping_status":"closed","template":"","meta":{"inline_featured_image":false,"footnotes":""},"class_list":["post-8597","page","type-page","status-publish","has-post-thumbnail","hentry"],"acf":[],"yoast_head":"<!-- This site is optimized with the Yoast SEO plugin v26.8 - https:\/\/yoast.com\/product\/yoast-seo-wordpress\/ -->\n<title>Pioneer Graphic - Pioneer Paper<\/title>\n<meta name=\"description\" content=\"Le papier Pioneer Graphic offre des solutions id\u00e9ales et d\u2019excellentes performances \u00e0 toutes les \u00e9tapes : offset, pr\u00e9-impression et finitions.\" \/>\n<meta name=\"robots\" content=\"index, follow, max-snippet:-1, max-image-preview:large, max-video-preview:-1\" \/>\n<link rel=\"canonical\" href=\"https:\/\/pioneer-paper.com\/fr\/graphic\/\" \/>\n<meta property=\"og:locale\" content=\"fr_FR\" \/>\n<meta property=\"og:type\" content=\"article\" \/>\n<meta property=\"og:title\" content=\"Pioneer Graphic - Pioneer Paper\" \/>\n<meta property=\"og:description\" content=\"Le papier Pioneer Graphic offre des solutions id\u00e9ales et d\u2019excellentes performances \u00e0 toutes les \u00e9tapes : offset, pr\u00e9-impression et finitions.\" \/>\n<meta property=\"og:url\" content=\"https:\/\/pioneer-paper.com\/fr\/graphic\/\" \/>\n<meta property=\"og:site_name\" content=\"Pioneer Paper\" \/>\n<meta property=\"article:modified_time\" content=\"2023-07-20T14:32:38+00:00\" \/>\n<meta property=\"og:image\" content=\"https:\/\/pioneer-paper.com\/wp-content\/uploads\/2023\/01\/Pioneer-Website-Img-Graphic-Hero.jpg\" \/>\n\t<meta property=\"og:image:width\" content=\"1920\" \/>\n\t<meta property=\"og:image:height\" content=\"1273\" \/>\n\t<meta property=\"og:image:type\" content=\"image\/jpeg\" \/>\n<meta name=\"twitter:card\" content=\"summary_large_image\" \/>\n<meta name=\"twitter:label1\" content=\"Dur\u00e9e de lecture estim\u00e9e\" \/>\n\t<meta name=\"twitter:data1\" content=\"1 minute\" \/>\n<script type=\"application\/ld+json\" class=\"yoast-schema-graph\">{\"@context\":\"https:\/\/schema.org\",\"@graph\":[{\"@type\":\"WebPage\",\"@id\":\"https:\/\/pioneer-paper.com\/fr\/graphic\/\",\"url\":\"https:\/\/pioneer-paper.com\/fr\/graphic\/\",\"name\":\"Pioneer Graphic - Pioneer Paper\",\"isPartOf\":{\"@id\":\"https:\/\/pioneer-paper.com\/fr\/#website\"},\"primaryImageOfPage\":{\"@id\":\"https:\/\/pioneer-paper.com\/fr\/graphic\/#primaryimage\"},\"image\":{\"@id\":\"https:\/\/pioneer-paper.com\/fr\/graphic\/#primaryimage\"},\"thumbnailUrl\":\"https:\/\/pioneer-paper.com\/wp-content\/uploads\/2023\/01\/Pioneer-Website-Img-Graphic-Hero.jpg\",\"datePublished\":\"2023-07-10T09:09:23+00:00\",\"dateModified\":\"2023-07-20T14:32:38+00:00\",\"description\":\"Le papier Pioneer Graphic offre des solutions id\u00e9ales et d\u2019excellentes performances \u00e0 toutes les \u00e9tapes : offset, pr\u00e9-impression et finitions.\",\"inLanguage\":\"fr-FR\",\"potentialAction\":[{\"@type\":\"ReadAction\",\"target\":[\"https:\/\/pioneer-paper.com\/fr\/graphic\/\"]}]},{\"@type\":\"ImageObject\",\"inLanguage\":\"fr-FR\",\"@id\":\"https:\/\/pioneer-paper.com\/fr\/graphic\/#primaryimage\",\"url\":\"https:\/\/pioneer-paper.com\/wp-content\/uploads\/2023\/01\/Pioneer-Website-Img-Graphic-Hero.jpg\",\"contentUrl\":\"https:\/\/pioneer-paper.com\/wp-content\/uploads\/2023\/01\/Pioneer-Website-Img-Graphic-Hero.jpg\",\"width\":1920,\"height\":1273},{\"@type\":\"WebSite\",\"@id\":\"https:\/\/pioneer-paper.com\/fr\/#website\",\"url\":\"https:\/\/pioneer-paper.com\/fr\/\",\"name\":\"Pioneer Paper\",\"description\":\"Get Inspired\",\"potentialAction\":[{\"@type\":\"SearchAction\",\"target\":{\"@type\":\"EntryPoint\",\"urlTemplate\":\"https:\/\/pioneer-paper.com\/fr\/?s={search_term_string}\"},\"query-input\":{\"@type\":\"PropertyValueSpecification\",\"valueRequired\":true,\"valueName\":\"search_term_string\"}}],\"inLanguage\":\"fr-FR\"}]}<\/script>\n<!-- \/ Yoast SEO plugin. -->","yoast_head_json":{"title":"Pioneer Graphic - Pioneer Paper","description":"Le papier Pioneer Graphic offre des solutions id\u00e9ales et d\u2019excellentes performances \u00e0 toutes les \u00e9tapes : offset, pr\u00e9-impression et finitions.","robots":{"index":"index","follow":"follow","max-snippet":"max-snippet:-1","max-image-preview":"max-image-preview:large","max-video-preview":"max-video-preview:-1"},"canonical":"https:\/\/pioneer-paper.com\/fr\/graphic\/","og_locale":"fr_FR","og_type":"article","og_title":"Pioneer Graphic - Pioneer Paper","og_description":"Le papier Pioneer Graphic offre des solutions id\u00e9ales et d\u2019excellentes performances \u00e0 toutes les \u00e9tapes : offset, pr\u00e9-impression et finitions.","og_url":"https:\/\/pioneer-paper.com\/fr\/graphic\/","og_site_name":"Pioneer Paper","article_modified_time":"2023-07-20T14:32:38+00:00","og_image":[{"width":1920,"height":1273,"url":"https:\/\/pioneer-paper.com\/wp-content\/uploads\/2023\/01\/Pioneer-Website-Img-Graphic-Hero.jpg","type":"image\/jpeg"}],"twitter_card":"summary_large_image","twitter_misc":{"Dur\u00e9e de lecture estim\u00e9e":"1 minute"},"schema":{"@context":"https:\/\/schema.org","@graph":[{"@type":"WebPage","@id":"https:\/\/pioneer-paper.com\/fr\/graphic\/","url":"https:\/\/pioneer-paper.com\/fr\/graphic\/","name":"Pioneer Graphic - Pioneer Paper","isPartOf":{"@id":"https:\/\/pioneer-paper.com\/fr\/#website"},"primaryImageOfPage":{"@id":"https:\/\/pioneer-paper.com\/fr\/graphic\/#primaryimage"},"image":{"@id":"https:\/\/pioneer-paper.com\/fr\/graphic\/#primaryimage"},"thumbnailUrl":"https:\/\/pioneer-paper.com\/wp-content\/uploads\/2023\/01\/Pioneer-Website-Img-Graphic-Hero.jpg","datePublished":"2023-07-10T09:09:23+00:00","dateModified":"2023-07-20T14:32:38+00:00","description":"Le papier Pioneer Graphic offre des solutions id\u00e9ales et d\u2019excellentes performances \u00e0 toutes les \u00e9tapes : offset, pr\u00e9-impression et finitions.","inLanguage":"fr-FR","potentialAction":[{"@type":"ReadAction","target":["https:\/\/pioneer-paper.com\/fr\/graphic\/"]}]},{"@type":"ImageObject","inLanguage":"fr-FR","@id":"https:\/\/pioneer-paper.com\/fr\/graphic\/#primaryimage","url":"https:\/\/pioneer-paper.com\/wp-content\/uploads\/2023\/01\/Pioneer-Website-Img-Graphic-Hero.jpg","contentUrl":"https:\/\/pioneer-paper.com\/wp-content\/uploads\/2023\/01\/Pioneer-Website-Img-Graphic-Hero.jpg","width":1920,"height":1273},{"@type":"WebSite","@id":"https:\/\/pioneer-paper.com\/fr\/#website","url":"https:\/\/pioneer-paper.com\/fr\/","name":"Pioneer Paper","description":"Get Inspired","potentialAction":[{"@type":"SearchAction","target":{"@type":"EntryPoint","urlTemplate":"https:\/\/pioneer-paper.com\/fr\/?s={search_term_string}"},"query-input":{"@type":"PropertyValueSpecification","valueRequired":true,"valueName":"search_term_string"}}],"inLanguage":"fr-FR"}]}},"_links":{"self":[{"href":"https:\/\/pioneer-paper.com\/fr\/wp-json\/wp\/v2\/pages\/8597","targetHints":{"allow":["GET"]}}],"collection":[{"href":"https:\/\/pioneer-paper.com\/fr\/wp-json\/wp\/v2\/pages"}],"about":[{"href":"https:\/\/pioneer-paper.com\/fr\/wp-json\/wp\/v2\/types\/page"}],"author":[{"embeddable":true,"href":"https:\/\/pioneer-paper.com\/fr\/wp-json\/wp\/v2\/users\/3"}],"replies":[{"embeddable":true,"href":"https:\/\/pioneer-paper.com\/fr\/wp-json\/wp\/v2\/comments?post=8597"}],"version-history":[{"count":3,"href":"https:\/\/pioneer-paper.com\/fr\/wp-json\/wp\/v2\/pages\/8597\/revisions"}],"predecessor-version":[{"id":9458,"href":"https:\/\/pioneer-paper.com\/fr\/wp-json\/wp\/v2\/pages\/8597\/revisions\/9458"}],"wp:featuredmedia":[{"embeddable":true,"href":"https:\/\/pioneer-paper.com\/fr\/wp-json\/wp\/v2\/media\/6737"}],"wp:attachment":[{"href":"https:\/\/pioneer-paper.com\/fr\/wp-json\/wp\/v2\/media?parent=8597"}],"curies":[{"name":"wp","href":"https:\/\/api.w.org\/{rel}","templated":true}]}}