{"id":8727,"date":"2023-07-11T11:15:05","date_gmt":"2023-07-11T11:15:05","guid":{"rendered":"https:\/\/pioneer-paper.com\/?page_id=8727"},"modified":"2023-09-14T11:40:45","modified_gmt":"2023-09-14T11:40:45","slug":"performances-et-resultats","status":"publish","type":"page","link":"https:\/\/pioneer-paper.com\/fr\/graphic\/a-propos\/performances-et-resultats\/","title":{"rendered":"Performances et r\u00e9sultats"},"content":{"rendered":"<h2>Performances et r\u00e9sultats.<\/h2>\n<h5>Qu\u2019est-ce que tous les produits Pioneer ont en commun ?<\/h5>\n<p>Quels que soient les besoins de votre entreprise, vous obtiendrez syst\u00e9matiquement des performances de qualit\u00e9 optimale et d\u2019excellents r\u00e9sultats d\u2019impression. Une gamme compl\u00e8te et polyvalente offrant de nombreux avantages.<\/p>\n","protected":false},"excerpt":{"rendered":"<p>Performances et r\u00e9sultats. Qu\u2019est-ce que tous les produits Pioneer ont en commun ? Quels que soient les besoins de votre entreprise, vous obtiendrez syst\u00e9matiquement des performances de qualit\u00e9 optimale et d\u2019excellents r\u00e9sultats d\u2019impression. Une gamme compl\u00e8te et polyvalente offrant de nombreux avantages.<\/p>\n","protected":false},"author":3,"featured_media":0,"parent":8586,"menu_order":0,"comment_status":"closed","ping_status":"closed","template":"","meta":{"inline_featured_image":false,"footnotes":""},"class_list":["post-8727","page","type-page","status-publish","hentry"],"acf":[],"yoast_head":"<!-- This site is optimized with the Yoast SEO plugin v26.8 - https:\/\/yoast.com\/product\/yoast-seo-wordpress\/ -->\n<title>Performances et r\u00e9sultats - Pioneer Paper<\/title>\n<meta name=\"description\" content=\"Avec le papier Pioneer, vous b\u00e9n\u00e9ficierez toujours d\u2019excellentes performances et des meilleurs r\u00e9sultats, quels que soient vos besoins.\" \/>\n<meta name=\"robots\" content=\"index, follow, max-snippet:-1, max-image-preview:large, max-video-preview:-1\" \/>\n<link rel=\"canonical\" href=\"https:\/\/pioneer-paper.com\/fr\/graphic\/a-propos\/performances-et-resultats\/\" \/>\n<meta property=\"og:locale\" content=\"fr_FR\" \/>\n<meta property=\"og:type\" content=\"article\" \/>\n<meta property=\"og:title\" content=\"Performances et r\u00e9sultats - Pioneer Paper\" \/>\n<meta property=\"og:description\" content=\"Avec le papier Pioneer, vous b\u00e9n\u00e9ficierez toujours d\u2019excellentes performances et des meilleurs r\u00e9sultats, quels que soient vos besoins.\" \/>\n<meta property=\"og:url\" content=\"https:\/\/pioneer-paper.com\/fr\/graphic\/a-propos\/performances-et-resultats\/\" \/>\n<meta property=\"og:site_name\" content=\"Pioneer Paper\" \/>\n<meta property=\"article:modified_time\" content=\"2023-09-14T11:40:45+00:00\" \/>\n<meta name=\"twitter:card\" content=\"summary_large_image\" \/>\n<meta name=\"twitter:label1\" content=\"Dur\u00e9e de lecture estim\u00e9e\" \/>\n\t<meta name=\"twitter:data1\" content=\"1 minute\" \/>\n<script type=\"application\/ld+json\" class=\"yoast-schema-graph\">{\"@context\":\"https:\/\/schema.org\",\"@graph\":[{\"@type\":\"WebPage\",\"@id\":\"https:\/\/pioneer-paper.com\/fr\/graphic\/a-propos\/performances-et-resultats\/\",\"url\":\"https:\/\/pioneer-paper.com\/fr\/graphic\/a-propos\/performances-et-resultats\/\",\"name\":\"Performances et r\u00e9sultats - Pioneer Paper\",\"isPartOf\":{\"@id\":\"https:\/\/pioneer-paper.com\/fr\/#website\"},\"datePublished\":\"2023-07-11T11:15:05+00:00\",\"dateModified\":\"2023-09-14T11:40:45+00:00\",\"description\":\"Avec le papier Pioneer, vous b\u00e9n\u00e9ficierez toujours d\u2019excellentes performances et des meilleurs r\u00e9sultats, quels que soient vos besoins.\",\"breadcrumb\":{\"@id\":\"https:\/\/pioneer-paper.com\/fr\/graphic\/a-propos\/performances-et-resultats\/#breadcrumb\"},\"inLanguage\":\"fr-FR\",\"potentialAction\":[{\"@type\":\"ReadAction\",\"target\":[\"https:\/\/pioneer-paper.com\/fr\/graphic\/a-propos\/performances-et-resultats\/\"]}]},{\"@type\":\"BreadcrumbList\",\"@id\":\"https:\/\/pioneer-paper.com\/fr\/graphic\/a-propos\/performances-et-resultats\/#breadcrumb\",\"itemListElement\":[{\"@type\":\"ListItem\",\"position\":1,\"name\":\"Pioneer Graphic\",\"item\":\"https:\/\/pioneer-paper.com\/fr\/graphic\/\"},{\"@type\":\"ListItem\",\"position\":2,\"name\":\"\u00c0 propos\",\"item\":\"https:\/\/pioneer-paper.com\/fr\/graphic\/about\/\"},{\"@type\":\"ListItem\",\"position\":3,\"name\":\"Performances et r\u00e9sultats\"}]},{\"@type\":\"WebSite\",\"@id\":\"https:\/\/pioneer-paper.com\/fr\/#website\",\"url\":\"https:\/\/pioneer-paper.com\/fr\/\",\"name\":\"Pioneer Paper\",\"description\":\"Get Inspired\",\"potentialAction\":[{\"@type\":\"SearchAction\",\"target\":{\"@type\":\"EntryPoint\",\"urlTemplate\":\"https:\/\/pioneer-paper.com\/fr\/?s={search_term_string}\"},\"query-input\":{\"@type\":\"PropertyValueSpecification\",\"valueRequired\":true,\"valueName\":\"search_term_string\"}}],\"inLanguage\":\"fr-FR\"}]}<\/script>\n<!-- \/ Yoast SEO plugin. -->","yoast_head_json":{"title":"Performances et r\u00e9sultats - Pioneer Paper","description":"Avec le papier Pioneer, vous b\u00e9n\u00e9ficierez toujours d\u2019excellentes performances et des meilleurs r\u00e9sultats, quels que soient vos besoins.","robots":{"index":"index","follow":"follow","max-snippet":"max-snippet:-1","max-image-preview":"max-image-preview:large","max-video-preview":"max-video-preview:-1"},"canonical":"https:\/\/pioneer-paper.com\/fr\/graphic\/a-propos\/performances-et-resultats\/","og_locale":"fr_FR","og_type":"article","og_title":"Performances et r\u00e9sultats - Pioneer Paper","og_description":"Avec le papier Pioneer, vous b\u00e9n\u00e9ficierez toujours d\u2019excellentes performances et des meilleurs r\u00e9sultats, quels que soient vos besoins.","og_url":"https:\/\/pioneer-paper.com\/fr\/graphic\/a-propos\/performances-et-resultats\/","og_site_name":"Pioneer Paper","article_modified_time":"2023-09-14T11:40:45+00:00","twitter_card":"summary_large_image","twitter_misc":{"Dur\u00e9e de lecture estim\u00e9e":"1 minute"},"schema":{"@context":"https:\/\/schema.org","@graph":[{"@type":"WebPage","@id":"https:\/\/pioneer-paper.com\/fr\/graphic\/a-propos\/performances-et-resultats\/","url":"https:\/\/pioneer-paper.com\/fr\/graphic\/a-propos\/performances-et-resultats\/","name":"Performances et r\u00e9sultats - Pioneer Paper","isPartOf":{"@id":"https:\/\/pioneer-paper.com\/fr\/#website"},"datePublished":"2023-07-11T11:15:05+00:00","dateModified":"2023-09-14T11:40:45+00:00","description":"Avec le papier Pioneer, vous b\u00e9n\u00e9ficierez toujours d\u2019excellentes performances et des meilleurs r\u00e9sultats, quels que soient vos besoins.","breadcrumb":{"@id":"https:\/\/pioneer-paper.com\/fr\/graphic\/a-propos\/performances-et-resultats\/#breadcrumb"},"inLanguage":"fr-FR","potentialAction":[{"@type":"ReadAction","target":["https:\/\/pioneer-paper.com\/fr\/graphic\/a-propos\/performances-et-resultats\/"]}]},{"@type":"BreadcrumbList","@id":"https:\/\/pioneer-paper.com\/fr\/graphic\/a-propos\/performances-et-resultats\/#breadcrumb","itemListElement":[{"@type":"ListItem","position":1,"name":"Pioneer Graphic","item":"https:\/\/pioneer-paper.com\/fr\/graphic\/"},{"@type":"ListItem","position":2,"name":"\u00c0 propos","item":"https:\/\/pioneer-paper.com\/fr\/graphic\/about\/"},{"@type":"ListItem","position":3,"name":"Performances et r\u00e9sultats"}]},{"@type":"WebSite","@id":"https:\/\/pioneer-paper.com\/fr\/#website","url":"https:\/\/pioneer-paper.com\/fr\/","name":"Pioneer Paper","description":"Get Inspired","potentialAction":[{"@type":"SearchAction","target":{"@type":"EntryPoint","urlTemplate":"https:\/\/pioneer-paper.com\/fr\/?s={search_term_string}"},"query-input":{"@type":"PropertyValueSpecification","valueRequired":true,"valueName":"search_term_string"}}],"inLanguage":"fr-FR"}]}},"_links":{"self":[{"href":"https:\/\/pioneer-paper.com\/fr\/wp-json\/wp\/v2\/pages\/8727","targetHints":{"allow":["GET"]}}],"collection":[{"href":"https:\/\/pioneer-paper.com\/fr\/wp-json\/wp\/v2\/pages"}],"about":[{"href":"https:\/\/pioneer-paper.com\/fr\/wp-json\/wp\/v2\/types\/page"}],"author":[{"embeddable":true,"href":"https:\/\/pioneer-paper.com\/fr\/wp-json\/wp\/v2\/users\/3"}],"replies":[{"embeddable":true,"href":"https:\/\/pioneer-paper.com\/fr\/wp-json\/wp\/v2\/comments?post=8727"}],"version-history":[{"count":3,"href":"https:\/\/pioneer-paper.com\/fr\/wp-json\/wp\/v2\/pages\/8727\/revisions"}],"predecessor-version":[{"id":11212,"href":"https:\/\/pioneer-paper.com\/fr\/wp-json\/wp\/v2\/pages\/8727\/revisions\/11212"}],"up":[{"embeddable":true,"href":"https:\/\/pioneer-paper.com\/fr\/wp-json\/wp\/v2\/pages\/8586"}],"wp:attachment":[{"href":"https:\/\/pioneer-paper.com\/fr\/wp-json\/wp\/v2\/media?parent=8727"}],"curies":[{"name":"wp","href":"https:\/\/api.w.org\/{rel}","templated":true}]}}