{"id":8744,"date":"2023-07-14T01:02:19","date_gmt":"2023-07-14T01:02:19","guid":{"rendered":"https:\/\/pioneer-paper.com\/?page_id=8744"},"modified":"2023-09-13T11:18:10","modified_gmt":"2023-09-13T11:18:10","slug":"75gm2","status":"publish","type":"page","link":"https:\/\/pioneer-paper.com\/fr\/produits\/pioneer-office\/75gm2\/","title":{"rendered":"Pioneer 75 g.m\u207b\u00b2"},"content":{"rendered":"<h1>fresh inspiration<\/h1>\n<h5>Papier de bureau ultra-blanc pour les rapports, les brouillons et les copies.<\/h5>\n","protected":false},"excerpt":{"rendered":"<p>fresh inspiration Papier de bureau ultra-blanc pour les rapports, les brouillons et les copies.<\/p>\n","protected":false},"author":3,"featured_media":3856,"parent":11131,"menu_order":1,"comment_status":"closed","ping_status":"closed","template":"templates\/product.php","meta":{"inline_featured_image":false,"footnotes":""},"class_list":["post-8744","page","type-page","status-publish","has-post-thumbnail","hentry"],"acf":[],"yoast_head":"<!-- This site is optimized with the Yoast SEO plugin v26.8 - https:\/\/yoast.com\/product\/yoast-seo-wordpress\/ -->\n<title>Pioneer 75 g.m\u207b\u00b2 - Pioneer Paper<\/title>\n<meta name=\"description\" content=\"Le papier Fresh Inspiration 75 g.m\u207b\u00b2, con\u00e7u pour une meilleure performance sur tous les \u00e9quipements de bureau, poss\u00e8de d\u2019excellents niveaux de rigidit\u00e9 et d\u2019\u00e9paisseur.\" \/>\n<meta name=\"robots\" content=\"index, follow, max-snippet:-1, max-image-preview:large, max-video-preview:-1\" \/>\n<link rel=\"canonical\" href=\"https:\/\/pioneer-paper.com\/fr\/produits\/pioneer-office\/75gm2\/\" \/>\n<meta property=\"og:locale\" content=\"fr_FR\" \/>\n<meta property=\"og:type\" content=\"article\" \/>\n<meta property=\"og:title\" content=\"Pioneer 75 g.m\u207b\u00b2 - Pioneer Paper\" \/>\n<meta property=\"og:description\" content=\"Le papier Fresh Inspiration 75 g.m\u207b\u00b2, con\u00e7u pour une meilleure performance sur tous les \u00e9quipements de bureau, poss\u00e8de d\u2019excellents niveaux de rigidit\u00e9 et d\u2019\u00e9paisseur.\" \/>\n<meta property=\"og:url\" content=\"https:\/\/pioneer-paper.com\/fr\/produits\/pioneer-office\/75gm2\/\" \/>\n<meta property=\"og:site_name\" content=\"Pioneer Paper\" \/>\n<meta property=\"article:modified_time\" content=\"2023-09-13T11:18:10+00:00\" \/>\n<meta property=\"og:image\" content=\"https:\/\/pioneer-paper.com\/wp-content\/uploads\/2022\/11\/Pioneer-Website-Img-Ream-75-comp.png\" \/>\n\t<meta property=\"og:image:width\" content=\"549\" \/>\n\t<meta property=\"og:image:height\" content=\"755\" \/>\n\t<meta property=\"og:image:type\" content=\"image\/png\" \/>\n<meta name=\"twitter:card\" content=\"summary_large_image\" \/>\n<meta name=\"twitter:label1\" content=\"Dur\u00e9e de lecture estim\u00e9e\" \/>\n\t<meta name=\"twitter:data1\" content=\"1 minute\" \/>\n<script type=\"application\/ld+json\" class=\"yoast-schema-graph\">{\"@context\":\"https:\/\/schema.org\",\"@graph\":[{\"@type\":\"WebPage\",\"@id\":\"https:\/\/pioneer-paper.com\/fr\/produits\/pioneer-office\/75gm2\/\",\"url\":\"https:\/\/pioneer-paper.com\/fr\/produits\/pioneer-office\/75gm2\/\",\"name\":\"Pioneer 75 g.m\u207b\u00b2 - Pioneer Paper\",\"isPartOf\":{\"@id\":\"https:\/\/pioneer-paper.com\/fr\/#website\"},\"primaryImageOfPage\":{\"@id\":\"https:\/\/pioneer-paper.com\/fr\/produits\/pioneer-office\/75gm2\/#primaryimage\"},\"image\":{\"@id\":\"https:\/\/pioneer-paper.com\/fr\/produits\/pioneer-office\/75gm2\/#primaryimage\"},\"thumbnailUrl\":\"https:\/\/pioneer-paper.com\/wp-content\/uploads\/2022\/11\/Pioneer-Website-Img-Ream-75-comp.png\",\"datePublished\":\"2023-07-14T01:02:19+00:00\",\"dateModified\":\"2023-09-13T11:18:10+00:00\",\"description\":\"Le papier Fresh Inspiration 75 g.m\u207b\u00b2, con\u00e7u pour une meilleure performance sur tous les \u00e9quipements de bureau, poss\u00e8de d\u2019excellents niveaux de rigidit\u00e9 et d\u2019\u00e9paisseur.\",\"breadcrumb\":{\"@id\":\"https:\/\/pioneer-paper.com\/fr\/produits\/pioneer-office\/75gm2\/#breadcrumb\"},\"inLanguage\":\"fr-FR\",\"potentialAction\":[{\"@type\":\"ReadAction\",\"target\":[\"https:\/\/pioneer-paper.com\/fr\/produits\/pioneer-office\/75gm2\/\"]}]},{\"@type\":\"ImageObject\",\"inLanguage\":\"fr-FR\",\"@id\":\"https:\/\/pioneer-paper.com\/fr\/produits\/pioneer-office\/75gm2\/#primaryimage\",\"url\":\"https:\/\/pioneer-paper.com\/wp-content\/uploads\/2022\/11\/Pioneer-Website-Img-Ream-75-comp.png\",\"contentUrl\":\"https:\/\/pioneer-paper.com\/wp-content\/uploads\/2022\/11\/Pioneer-Website-Img-Ream-75-comp.png\",\"width\":549,\"height\":755},{\"@type\":\"BreadcrumbList\",\"@id\":\"https:\/\/pioneer-paper.com\/fr\/produits\/pioneer-office\/75gm2\/#breadcrumb\",\"itemListElement\":[{\"@type\":\"ListItem\",\"position\":1,\"name\":\"Produits\",\"item\":\"https:\/\/pioneer-paper.com\/fr\/products\/\"},{\"@type\":\"ListItem\",\"position\":2,\"name\":\"Pioneer Office\",\"item\":\"https:\/\/pioneer-paper.com\/fr\/products\/pioneer-office\/\"},{\"@type\":\"ListItem\",\"position\":3,\"name\":\"Pioneer 75 g.m\u207b\u00b2\"}]},{\"@type\":\"WebSite\",\"@id\":\"https:\/\/pioneer-paper.com\/fr\/#website\",\"url\":\"https:\/\/pioneer-paper.com\/fr\/\",\"name\":\"Pioneer Paper\",\"description\":\"Get Inspired\",\"potentialAction\":[{\"@type\":\"SearchAction\",\"target\":{\"@type\":\"EntryPoint\",\"urlTemplate\":\"https:\/\/pioneer-paper.com\/fr\/?s={search_term_string}\"},\"query-input\":{\"@type\":\"PropertyValueSpecification\",\"valueRequired\":true,\"valueName\":\"search_term_string\"}}],\"inLanguage\":\"fr-FR\"}]}<\/script>\n<!-- \/ Yoast SEO plugin. -->","yoast_head_json":{"title":"Pioneer 75 g.m\u207b\u00b2 - Pioneer Paper","description":"Le papier Fresh Inspiration 75 g.m\u207b\u00b2, con\u00e7u pour une meilleure performance sur tous les \u00e9quipements de bureau, poss\u00e8de d\u2019excellents niveaux de rigidit\u00e9 et d\u2019\u00e9paisseur.","robots":{"index":"index","follow":"follow","max-snippet":"max-snippet:-1","max-image-preview":"max-image-preview:large","max-video-preview":"max-video-preview:-1"},"canonical":"https:\/\/pioneer-paper.com\/fr\/produits\/pioneer-office\/75gm2\/","og_locale":"fr_FR","og_type":"article","og_title":"Pioneer 75 g.m\u207b\u00b2 - Pioneer Paper","og_description":"Le papier Fresh Inspiration 75 g.m\u207b\u00b2, con\u00e7u pour une meilleure performance sur tous les \u00e9quipements de bureau, poss\u00e8de d\u2019excellents niveaux de rigidit\u00e9 et d\u2019\u00e9paisseur.","og_url":"https:\/\/pioneer-paper.com\/fr\/produits\/pioneer-office\/75gm2\/","og_site_name":"Pioneer Paper","article_modified_time":"2023-09-13T11:18:10+00:00","og_image":[{"width":549,"height":755,"url":"https:\/\/pioneer-paper.com\/wp-content\/uploads\/2022\/11\/Pioneer-Website-Img-Ream-75-comp.png","type":"image\/png"}],"twitter_card":"summary_large_image","twitter_misc":{"Dur\u00e9e de lecture estim\u00e9e":"1 minute"},"schema":{"@context":"https:\/\/schema.org","@graph":[{"@type":"WebPage","@id":"https:\/\/pioneer-paper.com\/fr\/produits\/pioneer-office\/75gm2\/","url":"https:\/\/pioneer-paper.com\/fr\/produits\/pioneer-office\/75gm2\/","name":"Pioneer 75 g.m\u207b\u00b2 - Pioneer Paper","isPartOf":{"@id":"https:\/\/pioneer-paper.com\/fr\/#website"},"primaryImageOfPage":{"@id":"https:\/\/pioneer-paper.com\/fr\/produits\/pioneer-office\/75gm2\/#primaryimage"},"image":{"@id":"https:\/\/pioneer-paper.com\/fr\/produits\/pioneer-office\/75gm2\/#primaryimage"},"thumbnailUrl":"https:\/\/pioneer-paper.com\/wp-content\/uploads\/2022\/11\/Pioneer-Website-Img-Ream-75-comp.png","datePublished":"2023-07-14T01:02:19+00:00","dateModified":"2023-09-13T11:18:10+00:00","description":"Le papier Fresh Inspiration 75 g.m\u207b\u00b2, con\u00e7u pour une meilleure performance sur tous les \u00e9quipements de bureau, poss\u00e8de d\u2019excellents niveaux de rigidit\u00e9 et d\u2019\u00e9paisseur.","breadcrumb":{"@id":"https:\/\/pioneer-paper.com\/fr\/produits\/pioneer-office\/75gm2\/#breadcrumb"},"inLanguage":"fr-FR","potentialAction":[{"@type":"ReadAction","target":["https:\/\/pioneer-paper.com\/fr\/produits\/pioneer-office\/75gm2\/"]}]},{"@type":"ImageObject","inLanguage":"fr-FR","@id":"https:\/\/pioneer-paper.com\/fr\/produits\/pioneer-office\/75gm2\/#primaryimage","url":"https:\/\/pioneer-paper.com\/wp-content\/uploads\/2022\/11\/Pioneer-Website-Img-Ream-75-comp.png","contentUrl":"https:\/\/pioneer-paper.com\/wp-content\/uploads\/2022\/11\/Pioneer-Website-Img-Ream-75-comp.png","width":549,"height":755},{"@type":"BreadcrumbList","@id":"https:\/\/pioneer-paper.com\/fr\/produits\/pioneer-office\/75gm2\/#breadcrumb","itemListElement":[{"@type":"ListItem","position":1,"name":"Produits","item":"https:\/\/pioneer-paper.com\/fr\/products\/"},{"@type":"ListItem","position":2,"name":"Pioneer Office","item":"https:\/\/pioneer-paper.com\/fr\/products\/pioneer-office\/"},{"@type":"ListItem","position":3,"name":"Pioneer 75 g.m\u207b\u00b2"}]},{"@type":"WebSite","@id":"https:\/\/pioneer-paper.com\/fr\/#website","url":"https:\/\/pioneer-paper.com\/fr\/","name":"Pioneer Paper","description":"Get Inspired","potentialAction":[{"@type":"SearchAction","target":{"@type":"EntryPoint","urlTemplate":"https:\/\/pioneer-paper.com\/fr\/?s={search_term_string}"},"query-input":{"@type":"PropertyValueSpecification","valueRequired":true,"valueName":"search_term_string"}}],"inLanguage":"fr-FR"}]}},"_links":{"self":[{"href":"https:\/\/pioneer-paper.com\/fr\/wp-json\/wp\/v2\/pages\/8744","targetHints":{"allow":["GET"]}}],"collection":[{"href":"https:\/\/pioneer-paper.com\/fr\/wp-json\/wp\/v2\/pages"}],"about":[{"href":"https:\/\/pioneer-paper.com\/fr\/wp-json\/wp\/v2\/types\/page"}],"author":[{"embeddable":true,"href":"https:\/\/pioneer-paper.com\/fr\/wp-json\/wp\/v2\/users\/3"}],"replies":[{"embeddable":true,"href":"https:\/\/pioneer-paper.com\/fr\/wp-json\/wp\/v2\/comments?post=8744"}],"version-history":[{"count":5,"href":"https:\/\/pioneer-paper.com\/fr\/wp-json\/wp\/v2\/pages\/8744\/revisions"}],"predecessor-version":[{"id":11089,"href":"https:\/\/pioneer-paper.com\/fr\/wp-json\/wp\/v2\/pages\/8744\/revisions\/11089"}],"up":[{"embeddable":true,"href":"https:\/\/pioneer-paper.com\/fr\/wp-json\/wp\/v2\/pages\/11131"}],"wp:featuredmedia":[{"embeddable":true,"href":"https:\/\/pioneer-paper.com\/fr\/wp-json\/wp\/v2\/media\/3856"}],"wp:attachment":[{"href":"https:\/\/pioneer-paper.com\/fr\/wp-json\/wp\/v2\/media?parent=8744"}],"curies":[{"name":"wp","href":"https:\/\/api.w.org\/{rel}","templated":true}]}}