{"id":11194,"date":"2023-09-13T17:07:57","date_gmt":"2023-09-13T17:07:57","guid":{"rendered":"https:\/\/pioneer-paper.com\/?page_id=11194"},"modified":"2023-09-13T17:07:57","modified_gmt":"2023-09-13T17:07:57","slug":"pioneer-office","status":"publish","type":"page","link":"https:\/\/pioneer-paper.com\/pt-pt\/produtos\/pioneer-office\/","title":{"rendered":"Pioneer Office"},"content":{"rendered":"<h2>Um papel para cada desafio.<\/h2>\n<h5>O papel Pioneer \u00e9 um papel de escrit\u00f3rio ultrabranco especialmente desenvolvido para fornecer sempre resultados excelentes.<\/h5>\n<p>N\u00e3o existem limites para o que pode alcan\u00e7ar com a mentalidade e as ferramentas certas.<\/p>\n","protected":false},"excerpt":{"rendered":"<p>Um papel para cada desafio. O papel Pioneer \u00e9 um papel de escrit\u00f3rio ultrabranco especialmente desenvolvido para fornecer sempre resultados excelentes. N\u00e3o existem limites para o que pode alcan\u00e7ar com a mentalidade e as ferramentas certas.<\/p>\n","protected":false},"author":3,"featured_media":4028,"parent":8695,"menu_order":0,"comment_status":"closed","ping_status":"closed","template":"templates\/range.php","meta":{"inline_featured_image":false,"footnotes":""},"class_list":["post-11194","page","type-page","status-publish","has-post-thumbnail","hentry"],"acf":[],"yoast_head":"<!-- This site is optimized with the Yoast SEO plugin v26.8 - https:\/\/yoast.com\/product\/yoast-seo-wordpress\/ -->\n<title>Pioneer Office - Pioneer Paper<\/title>\n<meta name=\"description\" content=\"As melhores ideias merecem o melhor papel. A gama de papel Pioneer foi especialmente concebida para fornecer sempre resultados excelentes.\" \/>\n<meta name=\"robots\" content=\"index, follow, max-snippet:-1, max-image-preview:large, max-video-preview:-1\" \/>\n<link rel=\"canonical\" href=\"https:\/\/pioneer-paper.com\/pt-pt\/produtos\/pioneer-office\/\" \/>\n<meta property=\"og:locale\" content=\"pt_PT\" \/>\n<meta property=\"og:type\" content=\"article\" \/>\n<meta property=\"og:title\" content=\"Pioneer Office - Pioneer Paper\" \/>\n<meta property=\"og:description\" content=\"As melhores ideias merecem o melhor papel. A gama de papel Pioneer foi especialmente concebida para fornecer sempre resultados excelentes.\" \/>\n<meta property=\"og:url\" content=\"https:\/\/pioneer-paper.com\/pt-pt\/produtos\/pioneer-office\/\" \/>\n<meta property=\"og:site_name\" content=\"Pioneer Paper\" \/>\n<meta property=\"og:image\" content=\"https:\/\/pioneer-paper.com\/wp-content\/uploads\/2022\/11\/Pioneer-Website-Img-Ream-Range-comp-3.png\" \/>\n\t<meta property=\"og:image:width\" content=\"690\" \/>\n\t<meta property=\"og:image:height\" content=\"503\" \/>\n\t<meta property=\"og:image:type\" content=\"image\/png\" \/>\n<meta name=\"twitter:card\" content=\"summary_large_image\" \/>\n<meta name=\"twitter:label1\" content=\"Tempo estimado de leitura\" \/>\n\t<meta name=\"twitter:data1\" content=\"1 minuto\" \/>\n<script type=\"application\/ld+json\" class=\"yoast-schema-graph\">{\"@context\":\"https:\/\/schema.org\",\"@graph\":[{\"@type\":\"WebPage\",\"@id\":\"https:\/\/pioneer-paper.com\/pt-pt\/produtos\/pioneer-office\/\",\"url\":\"https:\/\/pioneer-paper.com\/pt-pt\/produtos\/pioneer-office\/\",\"name\":\"Pioneer Office - Pioneer Paper\",\"isPartOf\":{\"@id\":\"https:\/\/pioneer-paper.com\/pt-pt\/#website\"},\"primaryImageOfPage\":{\"@id\":\"https:\/\/pioneer-paper.com\/pt-pt\/produtos\/pioneer-office\/#primaryimage\"},\"image\":{\"@id\":\"https:\/\/pioneer-paper.com\/pt-pt\/produtos\/pioneer-office\/#primaryimage\"},\"thumbnailUrl\":\"https:\/\/pioneer-paper.com\/wp-content\/uploads\/2022\/11\/Pioneer-Website-Img-Ream-Range-comp-3.png\",\"datePublished\":\"2023-09-13T17:07:57+00:00\",\"description\":\"As melhores ideias merecem o melhor papel. A gama de papel Pioneer foi especialmente concebida para fornecer sempre resultados excelentes.\",\"breadcrumb\":{\"@id\":\"https:\/\/pioneer-paper.com\/pt-pt\/produtos\/pioneer-office\/#breadcrumb\"},\"inLanguage\":\"pt-PT\",\"potentialAction\":[{\"@type\":\"ReadAction\",\"target\":[\"https:\/\/pioneer-paper.com\/pt-pt\/produtos\/pioneer-office\/\"]}]},{\"@type\":\"ImageObject\",\"inLanguage\":\"pt-PT\",\"@id\":\"https:\/\/pioneer-paper.com\/pt-pt\/produtos\/pioneer-office\/#primaryimage\",\"url\":\"https:\/\/pioneer-paper.com\/wp-content\/uploads\/2022\/11\/Pioneer-Website-Img-Ream-Range-comp-3.png\",\"contentUrl\":\"https:\/\/pioneer-paper.com\/wp-content\/uploads\/2022\/11\/Pioneer-Website-Img-Ream-Range-comp-3.png\",\"width\":690,\"height\":503},{\"@type\":\"BreadcrumbList\",\"@id\":\"https:\/\/pioneer-paper.com\/pt-pt\/produtos\/pioneer-office\/#breadcrumb\",\"itemListElement\":[{\"@type\":\"ListItem\",\"position\":1,\"name\":\"Produtos\",\"item\":\"https:\/\/pioneer-paper.com\/pt-pt\/products\/\"},{\"@type\":\"ListItem\",\"position\":2,\"name\":\"Pioneer Office\"}]},{\"@type\":\"WebSite\",\"@id\":\"https:\/\/pioneer-paper.com\/pt-pt\/#website\",\"url\":\"https:\/\/pioneer-paper.com\/pt-pt\/\",\"name\":\"Pioneer Paper\",\"description\":\"Get Inspired\",\"potentialAction\":[{\"@type\":\"SearchAction\",\"target\":{\"@type\":\"EntryPoint\",\"urlTemplate\":\"https:\/\/pioneer-paper.com\/pt-pt\/?s={search_term_string}\"},\"query-input\":{\"@type\":\"PropertyValueSpecification\",\"valueRequired\":true,\"valueName\":\"search_term_string\"}}],\"inLanguage\":\"pt-PT\"}]}<\/script>\n<!-- \/ Yoast SEO plugin. -->","yoast_head_json":{"title":"Pioneer Office - Pioneer Paper","description":"As melhores ideias merecem o melhor papel. A gama de papel Pioneer foi especialmente concebida para fornecer sempre resultados excelentes.","robots":{"index":"index","follow":"follow","max-snippet":"max-snippet:-1","max-image-preview":"max-image-preview:large","max-video-preview":"max-video-preview:-1"},"canonical":"https:\/\/pioneer-paper.com\/pt-pt\/produtos\/pioneer-office\/","og_locale":"pt_PT","og_type":"article","og_title":"Pioneer Office - Pioneer Paper","og_description":"As melhores ideias merecem o melhor papel. A gama de papel Pioneer foi especialmente concebida para fornecer sempre resultados excelentes.","og_url":"https:\/\/pioneer-paper.com\/pt-pt\/produtos\/pioneer-office\/","og_site_name":"Pioneer Paper","og_image":[{"width":690,"height":503,"url":"https:\/\/pioneer-paper.com\/wp-content\/uploads\/2022\/11\/Pioneer-Website-Img-Ream-Range-comp-3.png","type":"image\/png"}],"twitter_card":"summary_large_image","twitter_misc":{"Tempo estimado de leitura":"1 minuto"},"schema":{"@context":"https:\/\/schema.org","@graph":[{"@type":"WebPage","@id":"https:\/\/pioneer-paper.com\/pt-pt\/produtos\/pioneer-office\/","url":"https:\/\/pioneer-paper.com\/pt-pt\/produtos\/pioneer-office\/","name":"Pioneer Office - Pioneer Paper","isPartOf":{"@id":"https:\/\/pioneer-paper.com\/pt-pt\/#website"},"primaryImageOfPage":{"@id":"https:\/\/pioneer-paper.com\/pt-pt\/produtos\/pioneer-office\/#primaryimage"},"image":{"@id":"https:\/\/pioneer-paper.com\/pt-pt\/produtos\/pioneer-office\/#primaryimage"},"thumbnailUrl":"https:\/\/pioneer-paper.com\/wp-content\/uploads\/2022\/11\/Pioneer-Website-Img-Ream-Range-comp-3.png","datePublished":"2023-09-13T17:07:57+00:00","description":"As melhores ideias merecem o melhor papel. A gama de papel Pioneer foi especialmente concebida para fornecer sempre resultados excelentes.","breadcrumb":{"@id":"https:\/\/pioneer-paper.com\/pt-pt\/produtos\/pioneer-office\/#breadcrumb"},"inLanguage":"pt-PT","potentialAction":[{"@type":"ReadAction","target":["https:\/\/pioneer-paper.com\/pt-pt\/produtos\/pioneer-office\/"]}]},{"@type":"ImageObject","inLanguage":"pt-PT","@id":"https:\/\/pioneer-paper.com\/pt-pt\/produtos\/pioneer-office\/#primaryimage","url":"https:\/\/pioneer-paper.com\/wp-content\/uploads\/2022\/11\/Pioneer-Website-Img-Ream-Range-comp-3.png","contentUrl":"https:\/\/pioneer-paper.com\/wp-content\/uploads\/2022\/11\/Pioneer-Website-Img-Ream-Range-comp-3.png","width":690,"height":503},{"@type":"BreadcrumbList","@id":"https:\/\/pioneer-paper.com\/pt-pt\/produtos\/pioneer-office\/#breadcrumb","itemListElement":[{"@type":"ListItem","position":1,"name":"Produtos","item":"https:\/\/pioneer-paper.com\/pt-pt\/products\/"},{"@type":"ListItem","position":2,"name":"Pioneer Office"}]},{"@type":"WebSite","@id":"https:\/\/pioneer-paper.com\/pt-pt\/#website","url":"https:\/\/pioneer-paper.com\/pt-pt\/","name":"Pioneer Paper","description":"Get Inspired","potentialAction":[{"@type":"SearchAction","target":{"@type":"EntryPoint","urlTemplate":"https:\/\/pioneer-paper.com\/pt-pt\/?s={search_term_string}"},"query-input":{"@type":"PropertyValueSpecification","valueRequired":true,"valueName":"search_term_string"}}],"inLanguage":"pt-PT"}]}},"_links":{"self":[{"href":"https:\/\/pioneer-paper.com\/pt-pt\/wp-json\/wp\/v2\/pages\/11194","targetHints":{"allow":["GET"]}}],"collection":[{"href":"https:\/\/pioneer-paper.com\/pt-pt\/wp-json\/wp\/v2\/pages"}],"about":[{"href":"https:\/\/pioneer-paper.com\/pt-pt\/wp-json\/wp\/v2\/types\/page"}],"author":[{"embeddable":true,"href":"https:\/\/pioneer-paper.com\/pt-pt\/wp-json\/wp\/v2\/users\/3"}],"replies":[{"embeddable":true,"href":"https:\/\/pioneer-paper.com\/pt-pt\/wp-json\/wp\/v2\/comments?post=11194"}],"version-history":[{"count":2,"href":"https:\/\/pioneer-paper.com\/pt-pt\/wp-json\/wp\/v2\/pages\/11194\/revisions"}],"predecessor-version":[{"id":11204,"href":"https:\/\/pioneer-paper.com\/pt-pt\/wp-json\/wp\/v2\/pages\/11194\/revisions\/11204"}],"up":[{"embeddable":true,"href":"https:\/\/pioneer-paper.com\/pt-pt\/wp-json\/wp\/v2\/pages\/8695"}],"wp:featuredmedia":[{"embeddable":true,"href":"https:\/\/pioneer-paper.com\/pt-pt\/wp-json\/wp\/v2\/media\/4028"}],"wp:attachment":[{"href":"https:\/\/pioneer-paper.com\/pt-pt\/wp-json\/wp\/v2\/media?parent=11194"}],"curies":[{"name":"wp","href":"https:\/\/api.w.org\/{rel}","templated":true}]}}