{"id":8609,"date":"2023-07-10T13:44:32","date_gmt":"2023-07-10T13:44:32","guid":{"rendered":"https:\/\/pioneer-paper.com\/?page_id=8609"},"modified":"2023-09-13T09:32:06","modified_gmt":"2023-09-13T09:32:06","slug":"proposito-da-marca","status":"publish","type":"page","link":"https:\/\/pioneer-paper.com\/pt-pt\/sobre\/proposito-da-marca\/","title":{"rendered":"Prop\u00f3sito da marca"},"content":{"rendered":"<p>&nbsp;<\/p>\n<h2>Deixe-se inspirar. Fa\u00e7a.<\/h2>\n<h5>A marca Pioneer tem como foco a valoriza\u00e7\u00e3o das mulheres e dos feitos extraordin\u00e1rios que consegue alcan\u00e7ar quando transforma as aspira\u00e7\u00f5es em realidade.<\/h5>\n<p>Com a Pioneer, o futuro \u00e9 brilhante. V\u00e1 em frente!<\/p>\n","protected":false},"excerpt":{"rendered":"<p>&nbsp; Deixe-se inspirar. Fa\u00e7a. A marca Pioneer tem como foco a valoriza\u00e7\u00e3o das mulheres e dos feitos extraordin\u00e1rios que consegue alcan\u00e7ar quando transforma as aspira\u00e7\u00f5es em realidade. Com a Pioneer, o futuro \u00e9 brilhante. V\u00e1 em frente!<\/p>\n","protected":false},"author":3,"featured_media":0,"parent":8655,"menu_order":0,"comment_status":"closed","ping_status":"closed","template":"","meta":{"inline_featured_image":false,"footnotes":""},"class_list":["post-8609","page","type-page","status-publish","hentry"],"acf":[],"yoast_head":"<!-- This site is optimized with the Yoast SEO plugin v26.8 - https:\/\/yoast.com\/product\/yoast-seo-wordpress\/ -->\n<title>Prop\u00f3sito da marca - Pioneer Paper<\/title>\n<meta name=\"description\" content=\"A marca Pioneer tem como foco a valoriza\u00e7\u00e3o das mulheres e dos feitos que consegue alcan\u00e7ar quando transforma as aspira\u00e7\u00f5es em realidade.\" \/>\n<meta name=\"robots\" content=\"index, follow, max-snippet:-1, max-image-preview:large, max-video-preview:-1\" \/>\n<link rel=\"canonical\" href=\"https:\/\/pioneer-paper.com\/pt-pt\/sobre\/proposito-da-marca\/\" \/>\n<meta property=\"og:locale\" content=\"pt_PT\" \/>\n<meta property=\"og:type\" content=\"article\" \/>\n<meta property=\"og:title\" content=\"Prop\u00f3sito da marca - Pioneer Paper\" \/>\n<meta property=\"og:description\" content=\"A marca Pioneer tem como foco a valoriza\u00e7\u00e3o das mulheres e dos feitos que consegue alcan\u00e7ar quando transforma as aspira\u00e7\u00f5es em realidade.\" \/>\n<meta property=\"og:url\" content=\"https:\/\/pioneer-paper.com\/pt-pt\/sobre\/proposito-da-marca\/\" \/>\n<meta property=\"og:site_name\" content=\"Pioneer Paper\" \/>\n<meta property=\"article:modified_time\" content=\"2023-09-13T09:32:06+00:00\" \/>\n<meta name=\"twitter:card\" content=\"summary_large_image\" \/>\n<meta name=\"twitter:label1\" content=\"Tempo estimado de leitura\" \/>\n\t<meta name=\"twitter:data1\" content=\"1 minuto\" \/>\n<script type=\"application\/ld+json\" class=\"yoast-schema-graph\">{\"@context\":\"https:\/\/schema.org\",\"@graph\":[{\"@type\":\"WebPage\",\"@id\":\"https:\/\/pioneer-paper.com\/pt-pt\/sobre\/proposito-da-marca\/\",\"url\":\"https:\/\/pioneer-paper.com\/pt-pt\/sobre\/proposito-da-marca\/\",\"name\":\"Prop\u00f3sito da marca - Pioneer Paper\",\"isPartOf\":{\"@id\":\"https:\/\/pioneer-paper.com\/pt-pt\/#website\"},\"datePublished\":\"2023-07-10T13:44:32+00:00\",\"dateModified\":\"2023-09-13T09:32:06+00:00\",\"description\":\"A marca Pioneer tem como foco a valoriza\u00e7\u00e3o das mulheres e dos feitos que consegue alcan\u00e7ar quando transforma as aspira\u00e7\u00f5es em realidade.\",\"breadcrumb\":{\"@id\":\"https:\/\/pioneer-paper.com\/pt-pt\/sobre\/proposito-da-marca\/#breadcrumb\"},\"inLanguage\":\"pt-PT\",\"potentialAction\":[{\"@type\":\"ReadAction\",\"target\":[\"https:\/\/pioneer-paper.com\/pt-pt\/sobre\/proposito-da-marca\/\"]}]},{\"@type\":\"BreadcrumbList\",\"@id\":\"https:\/\/pioneer-paper.com\/pt-pt\/sobre\/proposito-da-marca\/#breadcrumb\",\"itemListElement\":[{\"@type\":\"ListItem\",\"position\":1,\"name\":\"Sobre\",\"item\":\"https:\/\/pioneer-paper.com\/pt-pt\/about\/\"},{\"@type\":\"ListItem\",\"position\":2,\"name\":\"Prop\u00f3sito da marca\"}]},{\"@type\":\"WebSite\",\"@id\":\"https:\/\/pioneer-paper.com\/pt-pt\/#website\",\"url\":\"https:\/\/pioneer-paper.com\/pt-pt\/\",\"name\":\"Pioneer Paper\",\"description\":\"Get Inspired\",\"potentialAction\":[{\"@type\":\"SearchAction\",\"target\":{\"@type\":\"EntryPoint\",\"urlTemplate\":\"https:\/\/pioneer-paper.com\/pt-pt\/?s={search_term_string}\"},\"query-input\":{\"@type\":\"PropertyValueSpecification\",\"valueRequired\":true,\"valueName\":\"search_term_string\"}}],\"inLanguage\":\"pt-PT\"}]}<\/script>\n<!-- \/ Yoast SEO plugin. -->","yoast_head_json":{"title":"Prop\u00f3sito da marca - Pioneer Paper","description":"A marca Pioneer tem como foco a valoriza\u00e7\u00e3o das mulheres e dos feitos que consegue alcan\u00e7ar quando transforma as aspira\u00e7\u00f5es em realidade.","robots":{"index":"index","follow":"follow","max-snippet":"max-snippet:-1","max-image-preview":"max-image-preview:large","max-video-preview":"max-video-preview:-1"},"canonical":"https:\/\/pioneer-paper.com\/pt-pt\/sobre\/proposito-da-marca\/","og_locale":"pt_PT","og_type":"article","og_title":"Prop\u00f3sito da marca - Pioneer Paper","og_description":"A marca Pioneer tem como foco a valoriza\u00e7\u00e3o das mulheres e dos feitos que consegue alcan\u00e7ar quando transforma as aspira\u00e7\u00f5es em realidade.","og_url":"https:\/\/pioneer-paper.com\/pt-pt\/sobre\/proposito-da-marca\/","og_site_name":"Pioneer Paper","article_modified_time":"2023-09-13T09:32:06+00:00","twitter_card":"summary_large_image","twitter_misc":{"Tempo estimado de leitura":"1 minuto"},"schema":{"@context":"https:\/\/schema.org","@graph":[{"@type":"WebPage","@id":"https:\/\/pioneer-paper.com\/pt-pt\/sobre\/proposito-da-marca\/","url":"https:\/\/pioneer-paper.com\/pt-pt\/sobre\/proposito-da-marca\/","name":"Prop\u00f3sito da marca - Pioneer Paper","isPartOf":{"@id":"https:\/\/pioneer-paper.com\/pt-pt\/#website"},"datePublished":"2023-07-10T13:44:32+00:00","dateModified":"2023-09-13T09:32:06+00:00","description":"A marca Pioneer tem como foco a valoriza\u00e7\u00e3o das mulheres e dos feitos que consegue alcan\u00e7ar quando transforma as aspira\u00e7\u00f5es em realidade.","breadcrumb":{"@id":"https:\/\/pioneer-paper.com\/pt-pt\/sobre\/proposito-da-marca\/#breadcrumb"},"inLanguage":"pt-PT","potentialAction":[{"@type":"ReadAction","target":["https:\/\/pioneer-paper.com\/pt-pt\/sobre\/proposito-da-marca\/"]}]},{"@type":"BreadcrumbList","@id":"https:\/\/pioneer-paper.com\/pt-pt\/sobre\/proposito-da-marca\/#breadcrumb","itemListElement":[{"@type":"ListItem","position":1,"name":"Sobre","item":"https:\/\/pioneer-paper.com\/pt-pt\/about\/"},{"@type":"ListItem","position":2,"name":"Prop\u00f3sito da marca"}]},{"@type":"WebSite","@id":"https:\/\/pioneer-paper.com\/pt-pt\/#website","url":"https:\/\/pioneer-paper.com\/pt-pt\/","name":"Pioneer Paper","description":"Get Inspired","potentialAction":[{"@type":"SearchAction","target":{"@type":"EntryPoint","urlTemplate":"https:\/\/pioneer-paper.com\/pt-pt\/?s={search_term_string}"},"query-input":{"@type":"PropertyValueSpecification","valueRequired":true,"valueName":"search_term_string"}}],"inLanguage":"pt-PT"}]}},"_links":{"self":[{"href":"https:\/\/pioneer-paper.com\/pt-pt\/wp-json\/wp\/v2\/pages\/8609","targetHints":{"allow":["GET"]}}],"collection":[{"href":"https:\/\/pioneer-paper.com\/pt-pt\/wp-json\/wp\/v2\/pages"}],"about":[{"href":"https:\/\/pioneer-paper.com\/pt-pt\/wp-json\/wp\/v2\/types\/page"}],"author":[{"embeddable":true,"href":"https:\/\/pioneer-paper.com\/pt-pt\/wp-json\/wp\/v2\/users\/3"}],"replies":[{"embeddable":true,"href":"https:\/\/pioneer-paper.com\/pt-pt\/wp-json\/wp\/v2\/comments?post=8609"}],"version-history":[{"count":5,"href":"https:\/\/pioneer-paper.com\/pt-pt\/wp-json\/wp\/v2\/pages\/8609\/revisions"}],"predecessor-version":[{"id":11055,"href":"https:\/\/pioneer-paper.com\/pt-pt\/wp-json\/wp\/v2\/pages\/8609\/revisions\/11055"}],"up":[{"embeddable":true,"href":"https:\/\/pioneer-paper.com\/pt-pt\/wp-json\/wp\/v2\/pages\/8655"}],"wp:attachment":[{"href":"https:\/\/pioneer-paper.com\/pt-pt\/wp-json\/wp\/v2\/media?parent=8609"}],"curies":[{"name":"wp","href":"https:\/\/api.w.org\/{rel}","templated":true}]}}