{"id":8625,"date":"2023-07-10T14:59:35","date_gmt":"2023-07-10T14:59:35","guid":{"rendered":"https:\/\/pioneer-paper.com\/?page_id=8625"},"modified":"2023-09-13T11:09:35","modified_gmt":"2023-09-13T11:09:35","slug":"graphic","status":"publish","type":"page","link":"https:\/\/pioneer-paper.com\/pt-pt\/graphic\/","title":{"rendered":"Pioneer Graphic"},"content":{"rendered":"<p><center><\/p>\n<h1>Isto \u00e9 a Pioneer: uma gama diversificada e vers\u00e1til, focada no essencial.<\/h1>\n<h5>A excel\u00eancia do papel, a perfei\u00e7\u00e3o dos resultados.<\/h5>\n<p><a class=\"btn\" href=\"\/pt-pt\/graphic\/onde-comprar\/distribuidores\/\">Onde comprar<\/a>\u00a0<a class=\"btn btn--outline\" href=\"\/pt-pt\/graphic\/sobre\/proposito-da-marca\/\">Saber mais<\/a><br \/>\n<\/center><\/p>\n","protected":false},"excerpt":{"rendered":"<p>Isto \u00e9 a Pioneer: uma gama diversificada e vers\u00e1til, focada no essencial. A excel\u00eancia do papel, a perfei\u00e7\u00e3o dos resultados. Onde comprar\u00a0Saber mais<\/p>\n","protected":false},"author":3,"featured_media":6740,"parent":0,"menu_order":0,"comment_status":"closed","ping_status":"closed","template":"","meta":{"inline_featured_image":false,"footnotes":""},"class_list":["post-8625","page","type-page","status-publish","has-post-thumbnail","hentry"],"acf":[],"yoast_head":"<!-- This site is optimized with the Yoast SEO plugin v26.8 - https:\/\/yoast.com\/product\/yoast-seo-wordpress\/ -->\n<title>Pioneer Graphic - Pioneer Paper<\/title>\n<meta name=\"description\" content=\"O papel Pioneer Graphic fornece sempre solu\u00e7\u00f5es perfeitas e um desempenho excelente: offset, pr\u00e9-impress\u00e3o e acabamento.\" \/>\n<meta name=\"robots\" content=\"index, follow, max-snippet:-1, max-image-preview:large, max-video-preview:-1\" \/>\n<link rel=\"canonical\" href=\"https:\/\/pioneer-paper.com\/pt-pt\/graphic\/\" \/>\n<meta property=\"og:locale\" content=\"pt_PT\" \/>\n<meta property=\"og:type\" content=\"article\" \/>\n<meta property=\"og:title\" content=\"Pioneer Graphic - Pioneer Paper\" \/>\n<meta property=\"og:description\" content=\"O papel Pioneer Graphic fornece sempre solu\u00e7\u00f5es perfeitas e um desempenho excelente: offset, pr\u00e9-impress\u00e3o e acabamento.\" \/>\n<meta property=\"og:url\" content=\"https:\/\/pioneer-paper.com\/pt-pt\/graphic\/\" \/>\n<meta property=\"og:site_name\" content=\"Pioneer Paper\" \/>\n<meta property=\"article:modified_time\" content=\"2023-09-13T11:09:35+00:00\" \/>\n<meta property=\"og:image\" content=\"https:\/\/pioneer-paper.com\/wp-content\/uploads\/2023\/01\/Pioneer-Website-Img-Graphic-Hero.jpg\" \/>\n\t<meta property=\"og:image:width\" content=\"1920\" \/>\n\t<meta property=\"og:image:height\" content=\"1273\" \/>\n\t<meta property=\"og:image:type\" content=\"image\/jpeg\" \/>\n<meta name=\"twitter:card\" content=\"summary_large_image\" \/>\n<meta name=\"twitter:label1\" content=\"Tempo estimado de leitura\" \/>\n\t<meta name=\"twitter:data1\" content=\"1 minuto\" \/>\n<script type=\"application\/ld+json\" class=\"yoast-schema-graph\">{\"@context\":\"https:\/\/schema.org\",\"@graph\":[{\"@type\":\"WebPage\",\"@id\":\"https:\/\/pioneer-paper.com\/pt-pt\/graphic\/\",\"url\":\"https:\/\/pioneer-paper.com\/pt-pt\/graphic\/\",\"name\":\"Pioneer Graphic - Pioneer Paper\",\"isPartOf\":{\"@id\":\"https:\/\/pioneer-paper.com\/pt-pt\/#website\"},\"primaryImageOfPage\":{\"@id\":\"https:\/\/pioneer-paper.com\/pt-pt\/graphic\/#primaryimage\"},\"image\":{\"@id\":\"https:\/\/pioneer-paper.com\/pt-pt\/graphic\/#primaryimage\"},\"thumbnailUrl\":\"https:\/\/pioneer-paper.com\/wp-content\/uploads\/2023\/01\/Pioneer-Website-Img-Graphic-Hero.jpg\",\"datePublished\":\"2023-07-10T14:59:35+00:00\",\"dateModified\":\"2023-09-13T11:09:35+00:00\",\"description\":\"O papel Pioneer Graphic fornece sempre solu\u00e7\u00f5es perfeitas e um desempenho excelente: offset, pr\u00e9-impress\u00e3o e acabamento.\",\"inLanguage\":\"pt-PT\",\"potentialAction\":[{\"@type\":\"ReadAction\",\"target\":[\"https:\/\/pioneer-paper.com\/pt-pt\/graphic\/\"]}]},{\"@type\":\"ImageObject\",\"inLanguage\":\"pt-PT\",\"@id\":\"https:\/\/pioneer-paper.com\/pt-pt\/graphic\/#primaryimage\",\"url\":\"https:\/\/pioneer-paper.com\/wp-content\/uploads\/2023\/01\/Pioneer-Website-Img-Graphic-Hero.jpg\",\"contentUrl\":\"https:\/\/pioneer-paper.com\/wp-content\/uploads\/2023\/01\/Pioneer-Website-Img-Graphic-Hero.jpg\",\"width\":1920,\"height\":1273},{\"@type\":\"WebSite\",\"@id\":\"https:\/\/pioneer-paper.com\/pt-pt\/#website\",\"url\":\"https:\/\/pioneer-paper.com\/pt-pt\/\",\"name\":\"Pioneer Paper\",\"description\":\"Get Inspired\",\"potentialAction\":[{\"@type\":\"SearchAction\",\"target\":{\"@type\":\"EntryPoint\",\"urlTemplate\":\"https:\/\/pioneer-paper.com\/pt-pt\/?s={search_term_string}\"},\"query-input\":{\"@type\":\"PropertyValueSpecification\",\"valueRequired\":true,\"valueName\":\"search_term_string\"}}],\"inLanguage\":\"pt-PT\"}]}<\/script>\n<!-- \/ Yoast SEO plugin. -->","yoast_head_json":{"title":"Pioneer Graphic - Pioneer Paper","description":"O papel Pioneer Graphic fornece sempre solu\u00e7\u00f5es perfeitas e um desempenho excelente: offset, pr\u00e9-impress\u00e3o e acabamento.","robots":{"index":"index","follow":"follow","max-snippet":"max-snippet:-1","max-image-preview":"max-image-preview:large","max-video-preview":"max-video-preview:-1"},"canonical":"https:\/\/pioneer-paper.com\/pt-pt\/graphic\/","og_locale":"pt_PT","og_type":"article","og_title":"Pioneer Graphic - Pioneer Paper","og_description":"O papel Pioneer Graphic fornece sempre solu\u00e7\u00f5es perfeitas e um desempenho excelente: offset, pr\u00e9-impress\u00e3o e acabamento.","og_url":"https:\/\/pioneer-paper.com\/pt-pt\/graphic\/","og_site_name":"Pioneer Paper","article_modified_time":"2023-09-13T11:09:35+00:00","og_image":[{"width":1920,"height":1273,"url":"https:\/\/pioneer-paper.com\/wp-content\/uploads\/2023\/01\/Pioneer-Website-Img-Graphic-Hero.jpg","type":"image\/jpeg"}],"twitter_card":"summary_large_image","twitter_misc":{"Tempo estimado de leitura":"1 minuto"},"schema":{"@context":"https:\/\/schema.org","@graph":[{"@type":"WebPage","@id":"https:\/\/pioneer-paper.com\/pt-pt\/graphic\/","url":"https:\/\/pioneer-paper.com\/pt-pt\/graphic\/","name":"Pioneer Graphic - Pioneer Paper","isPartOf":{"@id":"https:\/\/pioneer-paper.com\/pt-pt\/#website"},"primaryImageOfPage":{"@id":"https:\/\/pioneer-paper.com\/pt-pt\/graphic\/#primaryimage"},"image":{"@id":"https:\/\/pioneer-paper.com\/pt-pt\/graphic\/#primaryimage"},"thumbnailUrl":"https:\/\/pioneer-paper.com\/wp-content\/uploads\/2023\/01\/Pioneer-Website-Img-Graphic-Hero.jpg","datePublished":"2023-07-10T14:59:35+00:00","dateModified":"2023-09-13T11:09:35+00:00","description":"O papel Pioneer Graphic fornece sempre solu\u00e7\u00f5es perfeitas e um desempenho excelente: offset, pr\u00e9-impress\u00e3o e acabamento.","inLanguage":"pt-PT","potentialAction":[{"@type":"ReadAction","target":["https:\/\/pioneer-paper.com\/pt-pt\/graphic\/"]}]},{"@type":"ImageObject","inLanguage":"pt-PT","@id":"https:\/\/pioneer-paper.com\/pt-pt\/graphic\/#primaryimage","url":"https:\/\/pioneer-paper.com\/wp-content\/uploads\/2023\/01\/Pioneer-Website-Img-Graphic-Hero.jpg","contentUrl":"https:\/\/pioneer-paper.com\/wp-content\/uploads\/2023\/01\/Pioneer-Website-Img-Graphic-Hero.jpg","width":1920,"height":1273},{"@type":"WebSite","@id":"https:\/\/pioneer-paper.com\/pt-pt\/#website","url":"https:\/\/pioneer-paper.com\/pt-pt\/","name":"Pioneer Paper","description":"Get Inspired","potentialAction":[{"@type":"SearchAction","target":{"@type":"EntryPoint","urlTemplate":"https:\/\/pioneer-paper.com\/pt-pt\/?s={search_term_string}"},"query-input":{"@type":"PropertyValueSpecification","valueRequired":true,"valueName":"search_term_string"}}],"inLanguage":"pt-PT"}]}},"_links":{"self":[{"href":"https:\/\/pioneer-paper.com\/pt-pt\/wp-json\/wp\/v2\/pages\/8625","targetHints":{"allow":["GET"]}}],"collection":[{"href":"https:\/\/pioneer-paper.com\/pt-pt\/wp-json\/wp\/v2\/pages"}],"about":[{"href":"https:\/\/pioneer-paper.com\/pt-pt\/wp-json\/wp\/v2\/types\/page"}],"author":[{"embeddable":true,"href":"https:\/\/pioneer-paper.com\/pt-pt\/wp-json\/wp\/v2\/users\/3"}],"replies":[{"embeddable":true,"href":"https:\/\/pioneer-paper.com\/pt-pt\/wp-json\/wp\/v2\/comments?post=8625"}],"version-history":[{"count":3,"href":"https:\/\/pioneer-paper.com\/pt-pt\/wp-json\/wp\/v2\/pages\/8625\/revisions"}],"predecessor-version":[{"id":11084,"href":"https:\/\/pioneer-paper.com\/pt-pt\/wp-json\/wp\/v2\/pages\/8625\/revisions\/11084"}],"wp:featuredmedia":[{"embeddable":true,"href":"https:\/\/pioneer-paper.com\/pt-pt\/wp-json\/wp\/v2\/media\/6740"}],"wp:attachment":[{"href":"https:\/\/pioneer-paper.com\/pt-pt\/wp-json\/wp\/v2\/media?parent=8625"}],"curies":[{"name":"wp","href":"https:\/\/api.w.org\/{rel}","templated":true}]}}