{"id":8639,"date":"2023-07-10T15:26:26","date_gmt":"2023-07-10T15:26:26","guid":{"rendered":"https:\/\/pioneer-paper.com\/?page_id=8639"},"modified":"2023-09-14T10:29:13","modified_gmt":"2023-09-14T10:29:13","slug":"desempenho-e-resultados","status":"publish","type":"page","link":"https:\/\/pioneer-paper.com\/pt-pt\/graphic\/sobre\/desempenho-e-resultados\/","title":{"rendered":"Desempenho e resultados"},"content":{"rendered":"<h2>Desempenho e resultados.<\/h2>\n<h5>O que \u00e9 que todos os produtos Pioneer t\u00eam em comum?<br \/>\n<\/h5>\n<p>Quaisquer que sejam as necessidades da sua empresa, obter\u00e1 sempre um desempenho de elevada qualidade e \u00f3timos resultados de impress\u00e3o. \u00c9 uma carteira completa e multifuncional com in\u00fameras vantagens.<\/p>\n","protected":false},"excerpt":{"rendered":"<p>Desempenho e resultados. O que \u00e9 que todos os produtos Pioneer t\u00eam em comum? Quaisquer que sejam as necessidades da sua empresa, obter\u00e1 sempre um desempenho de elevada qualidade e \u00f3timos resultados de impress\u00e3o. \u00c9 uma carteira completa e multifuncional com in\u00fameras vantagens.<\/p>\n","protected":false},"author":3,"featured_media":0,"parent":8659,"menu_order":0,"comment_status":"closed","ping_status":"closed","template":"","meta":{"inline_featured_image":false,"footnotes":""},"class_list":["post-8639","page","type-page","status-publish","hentry"],"acf":[],"yoast_head":"<!-- This site is optimized with the Yoast SEO plugin v26.8 - https:\/\/yoast.com\/product\/yoast-seo-wordpress\/ -->\n<title>Desempenho e resultados - Pioneer Paper<\/title>\n<meta name=\"description\" content=\"Com o papel da Pioneer, ir\u00e1 sempre obter um desempenho excelente e os melhores resultados, quaisquer que sejam as suas necessidades.\" \/>\n<meta name=\"robots\" content=\"index, follow, max-snippet:-1, max-image-preview:large, max-video-preview:-1\" \/>\n<link rel=\"canonical\" href=\"https:\/\/pioneer-paper.com\/pt-pt\/graphic\/sobre\/desempenho-e-resultados\/\" \/>\n<meta property=\"og:locale\" content=\"pt_PT\" \/>\n<meta property=\"og:type\" content=\"article\" \/>\n<meta property=\"og:title\" content=\"Desempenho e resultados - Pioneer Paper\" \/>\n<meta property=\"og:description\" content=\"Com o papel da Pioneer, ir\u00e1 sempre obter um desempenho excelente e os melhores resultados, quaisquer que sejam as suas necessidades.\" \/>\n<meta property=\"og:url\" content=\"https:\/\/pioneer-paper.com\/pt-pt\/graphic\/sobre\/desempenho-e-resultados\/\" \/>\n<meta property=\"og:site_name\" content=\"Pioneer Paper\" \/>\n<meta property=\"article:modified_time\" content=\"2023-09-14T10:29:13+00:00\" \/>\n<meta name=\"twitter:card\" content=\"summary_large_image\" \/>\n<meta name=\"twitter:label1\" content=\"Tempo estimado de leitura\" \/>\n\t<meta name=\"twitter:data1\" content=\"1 minuto\" \/>\n<script type=\"application\/ld+json\" class=\"yoast-schema-graph\">{\"@context\":\"https:\/\/schema.org\",\"@graph\":[{\"@type\":\"WebPage\",\"@id\":\"https:\/\/pioneer-paper.com\/pt-pt\/graphic\/sobre\/desempenho-e-resultados\/\",\"url\":\"https:\/\/pioneer-paper.com\/pt-pt\/graphic\/sobre\/desempenho-e-resultados\/\",\"name\":\"Desempenho e resultados - Pioneer Paper\",\"isPartOf\":{\"@id\":\"https:\/\/pioneer-paper.com\/pt-pt\/#website\"},\"datePublished\":\"2023-07-10T15:26:26+00:00\",\"dateModified\":\"2023-09-14T10:29:13+00:00\",\"description\":\"Com o papel da Pioneer, ir\u00e1 sempre obter um desempenho excelente e os melhores resultados, quaisquer que sejam as suas necessidades.\",\"breadcrumb\":{\"@id\":\"https:\/\/pioneer-paper.com\/pt-pt\/graphic\/sobre\/desempenho-e-resultados\/#breadcrumb\"},\"inLanguage\":\"pt-PT\",\"potentialAction\":[{\"@type\":\"ReadAction\",\"target\":[\"https:\/\/pioneer-paper.com\/pt-pt\/graphic\/sobre\/desempenho-e-resultados\/\"]}]},{\"@type\":\"BreadcrumbList\",\"@id\":\"https:\/\/pioneer-paper.com\/pt-pt\/graphic\/sobre\/desempenho-e-resultados\/#breadcrumb\",\"itemListElement\":[{\"@type\":\"ListItem\",\"position\":1,\"name\":\"Pioneer Graphic\",\"item\":\"https:\/\/pioneer-paper.com\/pt-pt\/graphic\/\"},{\"@type\":\"ListItem\",\"position\":2,\"name\":\"Sobre\",\"item\":\"https:\/\/pioneer-paper.com\/pt-pt\/graphic\/about\/\"},{\"@type\":\"ListItem\",\"position\":3,\"name\":\"Desempenho e resultados\"}]},{\"@type\":\"WebSite\",\"@id\":\"https:\/\/pioneer-paper.com\/pt-pt\/#website\",\"url\":\"https:\/\/pioneer-paper.com\/pt-pt\/\",\"name\":\"Pioneer Paper\",\"description\":\"Get Inspired\",\"potentialAction\":[{\"@type\":\"SearchAction\",\"target\":{\"@type\":\"EntryPoint\",\"urlTemplate\":\"https:\/\/pioneer-paper.com\/pt-pt\/?s={search_term_string}\"},\"query-input\":{\"@type\":\"PropertyValueSpecification\",\"valueRequired\":true,\"valueName\":\"search_term_string\"}}],\"inLanguage\":\"pt-PT\"}]}<\/script>\n<!-- \/ Yoast SEO plugin. -->","yoast_head_json":{"title":"Desempenho e resultados - Pioneer Paper","description":"Com o papel da Pioneer, ir\u00e1 sempre obter um desempenho excelente e os melhores resultados, quaisquer que sejam as suas necessidades.","robots":{"index":"index","follow":"follow","max-snippet":"max-snippet:-1","max-image-preview":"max-image-preview:large","max-video-preview":"max-video-preview:-1"},"canonical":"https:\/\/pioneer-paper.com\/pt-pt\/graphic\/sobre\/desempenho-e-resultados\/","og_locale":"pt_PT","og_type":"article","og_title":"Desempenho e resultados - Pioneer Paper","og_description":"Com o papel da Pioneer, ir\u00e1 sempre obter um desempenho excelente e os melhores resultados, quaisquer que sejam as suas necessidades.","og_url":"https:\/\/pioneer-paper.com\/pt-pt\/graphic\/sobre\/desempenho-e-resultados\/","og_site_name":"Pioneer Paper","article_modified_time":"2023-09-14T10:29:13+00:00","twitter_card":"summary_large_image","twitter_misc":{"Tempo estimado de leitura":"1 minuto"},"schema":{"@context":"https:\/\/schema.org","@graph":[{"@type":"WebPage","@id":"https:\/\/pioneer-paper.com\/pt-pt\/graphic\/sobre\/desempenho-e-resultados\/","url":"https:\/\/pioneer-paper.com\/pt-pt\/graphic\/sobre\/desempenho-e-resultados\/","name":"Desempenho e resultados - Pioneer Paper","isPartOf":{"@id":"https:\/\/pioneer-paper.com\/pt-pt\/#website"},"datePublished":"2023-07-10T15:26:26+00:00","dateModified":"2023-09-14T10:29:13+00:00","description":"Com o papel da Pioneer, ir\u00e1 sempre obter um desempenho excelente e os melhores resultados, quaisquer que sejam as suas necessidades.","breadcrumb":{"@id":"https:\/\/pioneer-paper.com\/pt-pt\/graphic\/sobre\/desempenho-e-resultados\/#breadcrumb"},"inLanguage":"pt-PT","potentialAction":[{"@type":"ReadAction","target":["https:\/\/pioneer-paper.com\/pt-pt\/graphic\/sobre\/desempenho-e-resultados\/"]}]},{"@type":"BreadcrumbList","@id":"https:\/\/pioneer-paper.com\/pt-pt\/graphic\/sobre\/desempenho-e-resultados\/#breadcrumb","itemListElement":[{"@type":"ListItem","position":1,"name":"Pioneer Graphic","item":"https:\/\/pioneer-paper.com\/pt-pt\/graphic\/"},{"@type":"ListItem","position":2,"name":"Sobre","item":"https:\/\/pioneer-paper.com\/pt-pt\/graphic\/about\/"},{"@type":"ListItem","position":3,"name":"Desempenho e resultados"}]},{"@type":"WebSite","@id":"https:\/\/pioneer-paper.com\/pt-pt\/#website","url":"https:\/\/pioneer-paper.com\/pt-pt\/","name":"Pioneer Paper","description":"Get Inspired","potentialAction":[{"@type":"SearchAction","target":{"@type":"EntryPoint","urlTemplate":"https:\/\/pioneer-paper.com\/pt-pt\/?s={search_term_string}"},"query-input":{"@type":"PropertyValueSpecification","valueRequired":true,"valueName":"search_term_string"}}],"inLanguage":"pt-PT"}]}},"_links":{"self":[{"href":"https:\/\/pioneer-paper.com\/pt-pt\/wp-json\/wp\/v2\/pages\/8639","targetHints":{"allow":["GET"]}}],"collection":[{"href":"https:\/\/pioneer-paper.com\/pt-pt\/wp-json\/wp\/v2\/pages"}],"about":[{"href":"https:\/\/pioneer-paper.com\/pt-pt\/wp-json\/wp\/v2\/types\/page"}],"author":[{"embeddable":true,"href":"https:\/\/pioneer-paper.com\/pt-pt\/wp-json\/wp\/v2\/users\/3"}],"replies":[{"embeddable":true,"href":"https:\/\/pioneer-paper.com\/pt-pt\/wp-json\/wp\/v2\/comments?post=8639"}],"version-history":[{"count":4,"href":"https:\/\/pioneer-paper.com\/pt-pt\/wp-json\/wp\/v2\/pages\/8639\/revisions"}],"predecessor-version":[{"id":11211,"href":"https:\/\/pioneer-paper.com\/pt-pt\/wp-json\/wp\/v2\/pages\/8639\/revisions\/11211"}],"up":[{"embeddable":true,"href":"https:\/\/pioneer-paper.com\/pt-pt\/wp-json\/wp\/v2\/pages\/8659"}],"wp:attachment":[{"href":"https:\/\/pioneer-paper.com\/pt-pt\/wp-json\/wp\/v2\/media?parent=8639"}],"curies":[{"name":"wp","href":"https:\/\/api.w.org\/{rel}","templated":true}]}}