{"id":8641,"date":"2023-07-10T15:32:45","date_gmt":"2023-07-10T15:32:45","guid":{"rendered":"https:\/\/pioneer-paper.com\/?page_id=8641"},"modified":"2023-09-15T00:09:15","modified_gmt":"2023-09-15T00:09:15","slug":"producao-e-certificacoes","status":"publish","type":"page","link":"https:\/\/pioneer-paper.com\/pt-pt\/graphic\/sobre\/producao-e-certificacoes\/","title":{"rendered":"Produ\u00e7\u00e3o e certifica\u00e7\u00f5es"},"content":{"rendered":"<h2>Produ\u00e7\u00e3o e certifica\u00e7\u00f5es.<\/h2>\n<h5>O papel Pioneer pode ser definido em duas palavras simples: inova\u00e7\u00e3o e sustentabilidade.<\/h5>\n<p>O uso de tecnologia avan\u00e7ada, de mat\u00e9rias-primas \u00fanicas e de processos de produ\u00e7\u00e3o otimizados funcionam em conjunto para proporcionar os melhores resultados de impress\u00e3o. Gra\u00e7as a um forte sentido de responsabilidade ambiental e a um compromisso com a qualidade, o papel Pioneer recebeu diversas certifica\u00e7\u00f5es.<\/p>\n","protected":false},"excerpt":{"rendered":"<p>Produ\u00e7\u00e3o e certifica\u00e7\u00f5es. O papel Pioneer pode ser definido em duas palavras simples: inova\u00e7\u00e3o e sustentabilidade. O uso de tecnologia avan\u00e7ada, de mat\u00e9rias-primas \u00fanicas e de processos de produ\u00e7\u00e3o otimizados funcionam em conjunto para proporcionar os melhores resultados de impress\u00e3o. Gra\u00e7as a um forte sentido de responsabilidade ambiental e a um compromisso com a qualidade, [&hellip;]<\/p>\n","protected":false},"author":3,"featured_media":0,"parent":8659,"menu_order":0,"comment_status":"closed","ping_status":"closed","template":"","meta":{"inline_featured_image":false,"footnotes":""},"class_list":["post-8641","page","type-page","status-publish","hentry"],"acf":[],"yoast_head":"<!-- This site is optimized with the Yoast SEO plugin v26.8 - https:\/\/yoast.com\/product\/yoast-seo-wordpress\/ -->\n<title>Produ\u00e7\u00e3o e certifica\u00e7\u00f5es - Pioneer Paper<\/title>\n<meta name=\"description\" content=\"As v\u00e1rias certifica\u00e7\u00f5es do papel Pioneer atestam um forte compromisso com a qualidade e a responsabilidade ambiental.\" \/>\n<meta name=\"robots\" content=\"index, follow, max-snippet:-1, max-image-preview:large, max-video-preview:-1\" \/>\n<link rel=\"canonical\" href=\"https:\/\/pioneer-paper.com\/pt-pt\/graphic\/sobre\/producao-e-certificacoes\/\" \/>\n<meta property=\"og:locale\" content=\"pt_PT\" \/>\n<meta property=\"og:type\" content=\"article\" \/>\n<meta property=\"og:title\" content=\"Produ\u00e7\u00e3o e certifica\u00e7\u00f5es - Pioneer Paper\" \/>\n<meta property=\"og:description\" content=\"As v\u00e1rias certifica\u00e7\u00f5es do papel Pioneer atestam um forte compromisso com a qualidade e a responsabilidade ambiental.\" \/>\n<meta property=\"og:url\" content=\"https:\/\/pioneer-paper.com\/pt-pt\/graphic\/sobre\/producao-e-certificacoes\/\" \/>\n<meta property=\"og:site_name\" content=\"Pioneer Paper\" \/>\n<meta property=\"article:modified_time\" content=\"2023-09-15T00:09:15+00:00\" \/>\n<meta name=\"twitter:card\" content=\"summary_large_image\" \/>\n<meta name=\"twitter:label1\" content=\"Tempo estimado de leitura\" \/>\n\t<meta name=\"twitter:data1\" content=\"1 minuto\" \/>\n<script type=\"application\/ld+json\" class=\"yoast-schema-graph\">{\"@context\":\"https:\/\/schema.org\",\"@graph\":[{\"@type\":\"WebPage\",\"@id\":\"https:\/\/pioneer-paper.com\/pt-pt\/graphic\/sobre\/producao-e-certificacoes\/\",\"url\":\"https:\/\/pioneer-paper.com\/pt-pt\/graphic\/sobre\/producao-e-certificacoes\/\",\"name\":\"Produ\u00e7\u00e3o e certifica\u00e7\u00f5es - Pioneer Paper\",\"isPartOf\":{\"@id\":\"https:\/\/pioneer-paper.com\/pt-pt\/#website\"},\"datePublished\":\"2023-07-10T15:32:45+00:00\",\"dateModified\":\"2023-09-15T00:09:15+00:00\",\"description\":\"As v\u00e1rias certifica\u00e7\u00f5es do papel Pioneer atestam um forte compromisso com a qualidade e a responsabilidade ambiental.\",\"breadcrumb\":{\"@id\":\"https:\/\/pioneer-paper.com\/pt-pt\/graphic\/sobre\/producao-e-certificacoes\/#breadcrumb\"},\"inLanguage\":\"pt-PT\",\"potentialAction\":[{\"@type\":\"ReadAction\",\"target\":[\"https:\/\/pioneer-paper.com\/pt-pt\/graphic\/sobre\/producao-e-certificacoes\/\"]}]},{\"@type\":\"BreadcrumbList\",\"@id\":\"https:\/\/pioneer-paper.com\/pt-pt\/graphic\/sobre\/producao-e-certificacoes\/#breadcrumb\",\"itemListElement\":[{\"@type\":\"ListItem\",\"position\":1,\"name\":\"Pioneer Graphic\",\"item\":\"https:\/\/pioneer-paper.com\/pt-pt\/graphic\/\"},{\"@type\":\"ListItem\",\"position\":2,\"name\":\"Sobre\",\"item\":\"https:\/\/pioneer-paper.com\/pt-pt\/graphic\/about\/\"},{\"@type\":\"ListItem\",\"position\":3,\"name\":\"Produ\u00e7\u00e3o e certifica\u00e7\u00f5es\"}]},{\"@type\":\"WebSite\",\"@id\":\"https:\/\/pioneer-paper.com\/pt-pt\/#website\",\"url\":\"https:\/\/pioneer-paper.com\/pt-pt\/\",\"name\":\"Pioneer Paper\",\"description\":\"Get Inspired\",\"potentialAction\":[{\"@type\":\"SearchAction\",\"target\":{\"@type\":\"EntryPoint\",\"urlTemplate\":\"https:\/\/pioneer-paper.com\/pt-pt\/?s={search_term_string}\"},\"query-input\":{\"@type\":\"PropertyValueSpecification\",\"valueRequired\":true,\"valueName\":\"search_term_string\"}}],\"inLanguage\":\"pt-PT\"}]}<\/script>\n<!-- \/ Yoast SEO plugin. -->","yoast_head_json":{"title":"Produ\u00e7\u00e3o e certifica\u00e7\u00f5es - Pioneer Paper","description":"As v\u00e1rias certifica\u00e7\u00f5es do papel Pioneer atestam um forte compromisso com a qualidade e a responsabilidade ambiental.","robots":{"index":"index","follow":"follow","max-snippet":"max-snippet:-1","max-image-preview":"max-image-preview:large","max-video-preview":"max-video-preview:-1"},"canonical":"https:\/\/pioneer-paper.com\/pt-pt\/graphic\/sobre\/producao-e-certificacoes\/","og_locale":"pt_PT","og_type":"article","og_title":"Produ\u00e7\u00e3o e certifica\u00e7\u00f5es - Pioneer Paper","og_description":"As v\u00e1rias certifica\u00e7\u00f5es do papel Pioneer atestam um forte compromisso com a qualidade e a responsabilidade ambiental.","og_url":"https:\/\/pioneer-paper.com\/pt-pt\/graphic\/sobre\/producao-e-certificacoes\/","og_site_name":"Pioneer Paper","article_modified_time":"2023-09-15T00:09:15+00:00","twitter_card":"summary_large_image","twitter_misc":{"Tempo estimado de leitura":"1 minuto"},"schema":{"@context":"https:\/\/schema.org","@graph":[{"@type":"WebPage","@id":"https:\/\/pioneer-paper.com\/pt-pt\/graphic\/sobre\/producao-e-certificacoes\/","url":"https:\/\/pioneer-paper.com\/pt-pt\/graphic\/sobre\/producao-e-certificacoes\/","name":"Produ\u00e7\u00e3o e certifica\u00e7\u00f5es - Pioneer Paper","isPartOf":{"@id":"https:\/\/pioneer-paper.com\/pt-pt\/#website"},"datePublished":"2023-07-10T15:32:45+00:00","dateModified":"2023-09-15T00:09:15+00:00","description":"As v\u00e1rias certifica\u00e7\u00f5es do papel Pioneer atestam um forte compromisso com a qualidade e a responsabilidade ambiental.","breadcrumb":{"@id":"https:\/\/pioneer-paper.com\/pt-pt\/graphic\/sobre\/producao-e-certificacoes\/#breadcrumb"},"inLanguage":"pt-PT","potentialAction":[{"@type":"ReadAction","target":["https:\/\/pioneer-paper.com\/pt-pt\/graphic\/sobre\/producao-e-certificacoes\/"]}]},{"@type":"BreadcrumbList","@id":"https:\/\/pioneer-paper.com\/pt-pt\/graphic\/sobre\/producao-e-certificacoes\/#breadcrumb","itemListElement":[{"@type":"ListItem","position":1,"name":"Pioneer Graphic","item":"https:\/\/pioneer-paper.com\/pt-pt\/graphic\/"},{"@type":"ListItem","position":2,"name":"Sobre","item":"https:\/\/pioneer-paper.com\/pt-pt\/graphic\/about\/"},{"@type":"ListItem","position":3,"name":"Produ\u00e7\u00e3o e certifica\u00e7\u00f5es"}]},{"@type":"WebSite","@id":"https:\/\/pioneer-paper.com\/pt-pt\/#website","url":"https:\/\/pioneer-paper.com\/pt-pt\/","name":"Pioneer Paper","description":"Get Inspired","potentialAction":[{"@type":"SearchAction","target":{"@type":"EntryPoint","urlTemplate":"https:\/\/pioneer-paper.com\/pt-pt\/?s={search_term_string}"},"query-input":{"@type":"PropertyValueSpecification","valueRequired":true,"valueName":"search_term_string"}}],"inLanguage":"pt-PT"}]}},"_links":{"self":[{"href":"https:\/\/pioneer-paper.com\/pt-pt\/wp-json\/wp\/v2\/pages\/8641","targetHints":{"allow":["GET"]}}],"collection":[{"href":"https:\/\/pioneer-paper.com\/pt-pt\/wp-json\/wp\/v2\/pages"}],"about":[{"href":"https:\/\/pioneer-paper.com\/pt-pt\/wp-json\/wp\/v2\/types\/page"}],"author":[{"embeddable":true,"href":"https:\/\/pioneer-paper.com\/pt-pt\/wp-json\/wp\/v2\/users\/3"}],"replies":[{"embeddable":true,"href":"https:\/\/pioneer-paper.com\/pt-pt\/wp-json\/wp\/v2\/comments?post=8641"}],"version-history":[{"count":5,"href":"https:\/\/pioneer-paper.com\/pt-pt\/wp-json\/wp\/v2\/pages\/8641\/revisions"}],"predecessor-version":[{"id":11230,"href":"https:\/\/pioneer-paper.com\/pt-pt\/wp-json\/wp\/v2\/pages\/8641\/revisions\/11230"}],"up":[{"embeddable":true,"href":"https:\/\/pioneer-paper.com\/pt-pt\/wp-json\/wp\/v2\/pages\/8659"}],"wp:attachment":[{"href":"https:\/\/pioneer-paper.com\/pt-pt\/wp-json\/wp\/v2\/media?parent=8641"}],"curies":[{"name":"wp","href":"https:\/\/api.w.org\/{rel}","templated":true}]}}