{"id":8663,"date":"2023-07-10T16:13:33","date_gmt":"2023-07-10T16:13:33","guid":{"rendered":"https:\/\/pioneer-paper.com\/?page_id=8663"},"modified":"2024-09-14T15:28:48","modified_gmt":"2024-09-14T15:28:48","slug":"papel-pioneer","status":"publish","type":"page","link":"https:\/\/pioneer-paper.com\/pt-pt\/","title":{"rendered":"Papel Pioneer"},"content":{"rendered":"<h1>Tal como o papel Pioneer, n\u00e3o h\u00e1 nada que n\u00e3o consiga fazer.<\/h1>\n<h5>Deixe-se inspirar e alcance a excel\u00eancia em todas as \u00e1reas da vida com um papel ao n\u00edvel da sua versatilidade. Com o papel Pioneer, o vulgar torna-se excelente. O normal torna-se marcante.<\/h5>\n<p><a class=\"btn\" href=\"\/pt-pt\/onde-comprar\/distribuidores\/\">Onde comprar<\/a>\u00a0<a class=\"btn btn--outline\" href=\"\/pt-pt\/sobre\/desempenho-e-resultados\/\">Saber mais<\/a><\/p>\n","protected":false},"excerpt":{"rendered":"<p>Tal como o papel Pioneer, n\u00e3o h\u00e1 nada que n\u00e3o consiga fazer. Deixe-se inspirar e alcance a excel\u00eancia em todas as \u00e1reas da vida com um papel ao n\u00edvel da sua versatilidade. Com o papel Pioneer, o vulgar torna-se excelente. O normal torna-se marcante. Onde comprar\u00a0Saber mais<\/p>\n","protected":false},"author":3,"featured_media":6617,"parent":0,"menu_order":0,"comment_status":"closed","ping_status":"closed","template":"","meta":{"inline_featured_image":false,"footnotes":""},"class_list":["post-8663","page","type-page","status-publish","has-post-thumbnail","hentry"],"acf":[],"yoast_head":"<!-- This site is optimized with the Yoast SEO plugin v26.8 - https:\/\/yoast.com\/product\/yoast-seo-wordpress\/ -->\n<title>Papel Pioneer - Deixe-se inspirar<\/title>\n<meta name=\"description\" content=\"O papel Pioneer oferece uma gama completa de solu\u00e7\u00f5es de elevada qualidade para as necessidades do dia-a-dia e aplica\u00e7\u00f5es exigentes.\" \/>\n<meta name=\"robots\" content=\"index, follow, max-snippet:-1, max-image-preview:large, max-video-preview:-1\" \/>\n<link rel=\"canonical\" href=\"https:\/\/pioneer-paper.com\/pt-pt\/\" \/>\n<meta property=\"og:locale\" content=\"pt_PT\" \/>\n<meta property=\"og:type\" content=\"article\" \/>\n<meta property=\"og:title\" content=\"Papel Pioneer - Deixe-se inspirar\" \/>\n<meta property=\"og:description\" content=\"O papel Pioneer oferece uma gama completa de solu\u00e7\u00f5es de elevada qualidade para as necessidades do dia-a-dia e aplica\u00e7\u00f5es exigentes.\" \/>\n<meta property=\"og:url\" content=\"https:\/\/pioneer-paper.com\/pt-pt\/\" \/>\n<meta property=\"og:site_name\" content=\"Pioneer Paper\" \/>\n<meta property=\"article:modified_time\" content=\"2024-09-14T15:28:48+00:00\" \/>\n<meta property=\"og:image\" content=\"https:\/\/pioneer-paper.com\/wp-content\/uploads\/2023\/01\/Pioneer-Website-Img-Home-Hero-WomanBusiness.jpg\" \/>\n\t<meta property=\"og:image:width\" content=\"1920\" \/>\n\t<meta property=\"og:image:height\" content=\"970\" \/>\n\t<meta property=\"og:image:type\" content=\"image\/jpeg\" \/>\n<meta name=\"twitter:card\" content=\"summary_large_image\" \/>\n<meta name=\"twitter:label1\" content=\"Tempo estimado de leitura\" \/>\n\t<meta name=\"twitter:data1\" content=\"1 minuto\" \/>\n<script type=\"application\/ld+json\" class=\"yoast-schema-graph\">{\"@context\":\"https:\/\/schema.org\",\"@graph\":[{\"@type\":\"WebPage\",\"@id\":\"https:\/\/pioneer-paper.com\/pt-pt\/\",\"url\":\"https:\/\/pioneer-paper.com\/pt-pt\/\",\"name\":\"Papel Pioneer - Deixe-se inspirar\",\"isPartOf\":{\"@id\":\"https:\/\/pioneer-paper.com\/pt-pt\/#website\"},\"primaryImageOfPage\":{\"@id\":\"https:\/\/pioneer-paper.com\/pt-pt\/#primaryimage\"},\"image\":{\"@id\":\"https:\/\/pioneer-paper.com\/pt-pt\/#primaryimage\"},\"thumbnailUrl\":\"https:\/\/pioneer-paper.com\/wp-content\/uploads\/2023\/01\/Pioneer-Website-Img-Home-Hero-WomanBusiness.jpg\",\"datePublished\":\"2023-07-10T16:13:33+00:00\",\"dateModified\":\"2024-09-14T15:28:48+00:00\",\"description\":\"O papel Pioneer oferece uma gama completa de solu\u00e7\u00f5es de elevada qualidade para as necessidades do dia-a-dia e aplica\u00e7\u00f5es exigentes.\",\"inLanguage\":\"pt-PT\",\"potentialAction\":[{\"@type\":\"ReadAction\",\"target\":[\"https:\/\/pioneer-paper.com\/pt-pt\/\"]}]},{\"@type\":\"ImageObject\",\"inLanguage\":\"pt-PT\",\"@id\":\"https:\/\/pioneer-paper.com\/pt-pt\/#primaryimage\",\"url\":\"https:\/\/pioneer-paper.com\/wp-content\/uploads\/2023\/01\/Pioneer-Website-Img-Home-Hero-WomanBusiness.jpg\",\"contentUrl\":\"https:\/\/pioneer-paper.com\/wp-content\/uploads\/2023\/01\/Pioneer-Website-Img-Home-Hero-WomanBusiness.jpg\",\"width\":1920,\"height\":970},{\"@type\":\"WebSite\",\"@id\":\"https:\/\/pioneer-paper.com\/pt-pt\/#website\",\"url\":\"https:\/\/pioneer-paper.com\/pt-pt\/\",\"name\":\"Pioneer Paper\",\"description\":\"Get Inspired\",\"potentialAction\":[{\"@type\":\"SearchAction\",\"target\":{\"@type\":\"EntryPoint\",\"urlTemplate\":\"https:\/\/pioneer-paper.com\/pt-pt\/?s={search_term_string}\"},\"query-input\":{\"@type\":\"PropertyValueSpecification\",\"valueRequired\":true,\"valueName\":\"search_term_string\"}}],\"inLanguage\":\"pt-PT\"}]}<\/script>\n<!-- \/ Yoast SEO plugin. -->","yoast_head_json":{"title":"Papel Pioneer - Deixe-se inspirar","description":"O papel Pioneer oferece uma gama completa de solu\u00e7\u00f5es de elevada qualidade para as necessidades do dia-a-dia e aplica\u00e7\u00f5es exigentes.","robots":{"index":"index","follow":"follow","max-snippet":"max-snippet:-1","max-image-preview":"max-image-preview:large","max-video-preview":"max-video-preview:-1"},"canonical":"https:\/\/pioneer-paper.com\/pt-pt\/","og_locale":"pt_PT","og_type":"article","og_title":"Papel Pioneer - Deixe-se inspirar","og_description":"O papel Pioneer oferece uma gama completa de solu\u00e7\u00f5es de elevada qualidade para as necessidades do dia-a-dia e aplica\u00e7\u00f5es exigentes.","og_url":"https:\/\/pioneer-paper.com\/pt-pt\/","og_site_name":"Pioneer Paper","article_modified_time":"2024-09-14T15:28:48+00:00","og_image":[{"width":1920,"height":970,"url":"https:\/\/pioneer-paper.com\/wp-content\/uploads\/2023\/01\/Pioneer-Website-Img-Home-Hero-WomanBusiness.jpg","type":"image\/jpeg"}],"twitter_card":"summary_large_image","twitter_misc":{"Tempo estimado de leitura":"1 minuto"},"schema":{"@context":"https:\/\/schema.org","@graph":[{"@type":"WebPage","@id":"https:\/\/pioneer-paper.com\/pt-pt\/","url":"https:\/\/pioneer-paper.com\/pt-pt\/","name":"Papel Pioneer - Deixe-se inspirar","isPartOf":{"@id":"https:\/\/pioneer-paper.com\/pt-pt\/#website"},"primaryImageOfPage":{"@id":"https:\/\/pioneer-paper.com\/pt-pt\/#primaryimage"},"image":{"@id":"https:\/\/pioneer-paper.com\/pt-pt\/#primaryimage"},"thumbnailUrl":"https:\/\/pioneer-paper.com\/wp-content\/uploads\/2023\/01\/Pioneer-Website-Img-Home-Hero-WomanBusiness.jpg","datePublished":"2023-07-10T16:13:33+00:00","dateModified":"2024-09-14T15:28:48+00:00","description":"O papel Pioneer oferece uma gama completa de solu\u00e7\u00f5es de elevada qualidade para as necessidades do dia-a-dia e aplica\u00e7\u00f5es exigentes.","inLanguage":"pt-PT","potentialAction":[{"@type":"ReadAction","target":["https:\/\/pioneer-paper.com\/pt-pt\/"]}]},{"@type":"ImageObject","inLanguage":"pt-PT","@id":"https:\/\/pioneer-paper.com\/pt-pt\/#primaryimage","url":"https:\/\/pioneer-paper.com\/wp-content\/uploads\/2023\/01\/Pioneer-Website-Img-Home-Hero-WomanBusiness.jpg","contentUrl":"https:\/\/pioneer-paper.com\/wp-content\/uploads\/2023\/01\/Pioneer-Website-Img-Home-Hero-WomanBusiness.jpg","width":1920,"height":970},{"@type":"WebSite","@id":"https:\/\/pioneer-paper.com\/pt-pt\/#website","url":"https:\/\/pioneer-paper.com\/pt-pt\/","name":"Pioneer Paper","description":"Get Inspired","potentialAction":[{"@type":"SearchAction","target":{"@type":"EntryPoint","urlTemplate":"https:\/\/pioneer-paper.com\/pt-pt\/?s={search_term_string}"},"query-input":{"@type":"PropertyValueSpecification","valueRequired":true,"valueName":"search_term_string"}}],"inLanguage":"pt-PT"}]}},"_links":{"self":[{"href":"https:\/\/pioneer-paper.com\/pt-pt\/wp-json\/wp\/v2\/pages\/8663","targetHints":{"allow":["GET"]}}],"collection":[{"href":"https:\/\/pioneer-paper.com\/pt-pt\/wp-json\/wp\/v2\/pages"}],"about":[{"href":"https:\/\/pioneer-paper.com\/pt-pt\/wp-json\/wp\/v2\/types\/page"}],"author":[{"embeddable":true,"href":"https:\/\/pioneer-paper.com\/pt-pt\/wp-json\/wp\/v2\/users\/3"}],"replies":[{"embeddable":true,"href":"https:\/\/pioneer-paper.com\/pt-pt\/wp-json\/wp\/v2\/comments?post=8663"}],"version-history":[{"count":5,"href":"https:\/\/pioneer-paper.com\/pt-pt\/wp-json\/wp\/v2\/pages\/8663\/revisions"}],"predecessor-version":[{"id":11276,"href":"https:\/\/pioneer-paper.com\/pt-pt\/wp-json\/wp\/v2\/pages\/8663\/revisions\/11276"}],"wp:featuredmedia":[{"embeddable":true,"href":"https:\/\/pioneer-paper.com\/pt-pt\/wp-json\/wp\/v2\/media\/6617"}],"wp:attachment":[{"href":"https:\/\/pioneer-paper.com\/pt-pt\/wp-json\/wp\/v2\/media?parent=8663"}],"curies":[{"name":"wp","href":"https:\/\/api.w.org\/{rel}","templated":true}]}}