{"id":8687,"date":"2023-07-10T16:38:31","date_gmt":"2023-07-10T16:38:31","guid":{"rendered":"https:\/\/pioneer-paper.com\/?page_id=8687"},"modified":"2023-07-20T14:20:37","modified_gmt":"2023-07-20T14:20:37","slug":"pontos-de-venda","status":"publish","type":"page","link":"https:\/\/pioneer-paper.com\/pt-pt\/onde-comprar\/pontos-de-venda\/","title":{"rendered":"Pontos de venda"},"content":{"rendered":"<h2>Pontos de venda<\/h2>\n<h5>O papel Pioneer \u00e9 vendido em mais de 60 pa\u00edses em todo o mundo!<\/h5>\n<p>Selecione um local e encontre o ponto de venda mais pr\u00f3ximo.<\/p>\n","protected":false},"excerpt":{"rendered":"<p>Pontos de venda O papel Pioneer \u00e9 vendido em mais de 60 pa\u00edses em todo o mundo! Selecione um local e encontre o ponto de venda mais pr\u00f3ximo.<\/p>\n","protected":false},"author":3,"featured_media":0,"parent":8680,"menu_order":0,"comment_status":"closed","ping_status":"closed","template":"","meta":{"inline_featured_image":false,"footnotes":""},"class_list":["post-8687","page","type-page","status-publish","hentry"],"acf":[],"yoast_head":"<!-- This site is optimized with the Yoast SEO plugin v26.8 - https:\/\/yoast.com\/product\/yoast-seo-wordpress\/ -->\n<title>Pontos de venda - Pioneer Paper<\/title>\n<meta name=\"description\" content=\"O papel Pioneer \u00e9 vendido em mais de 60 pa\u00edses em todo o mundo. Selecione um local e encontre os pontos de venda mais pr\u00f3ximos.\" \/>\n<meta name=\"robots\" content=\"index, follow, max-snippet:-1, max-image-preview:large, max-video-preview:-1\" \/>\n<link rel=\"canonical\" href=\"https:\/\/pioneer-paper.com\/pt-pt\/onde-comprar\/pontos-de-venda\/\" \/>\n<meta property=\"og:locale\" content=\"pt_PT\" \/>\n<meta property=\"og:type\" content=\"article\" \/>\n<meta property=\"og:title\" content=\"Pontos de venda - Pioneer Paper\" \/>\n<meta property=\"og:description\" content=\"O papel Pioneer \u00e9 vendido em mais de 60 pa\u00edses em todo o mundo. Selecione um local e encontre os pontos de venda mais pr\u00f3ximos.\" \/>\n<meta property=\"og:url\" content=\"https:\/\/pioneer-paper.com\/pt-pt\/onde-comprar\/pontos-de-venda\/\" \/>\n<meta property=\"og:site_name\" content=\"Pioneer Paper\" \/>\n<meta property=\"article:modified_time\" content=\"2023-07-20T14:20:37+00:00\" \/>\n<meta name=\"twitter:card\" content=\"summary_large_image\" \/>\n<meta name=\"twitter:label1\" content=\"Tempo estimado de leitura\" \/>\n\t<meta name=\"twitter:data1\" content=\"1 minuto\" \/>\n<script type=\"application\/ld+json\" class=\"yoast-schema-graph\">{\"@context\":\"https:\/\/schema.org\",\"@graph\":[{\"@type\":\"WebPage\",\"@id\":\"https:\/\/pioneer-paper.com\/pt-pt\/onde-comprar\/pontos-de-venda\/\",\"url\":\"https:\/\/pioneer-paper.com\/pt-pt\/onde-comprar\/pontos-de-venda\/\",\"name\":\"Pontos de venda - Pioneer Paper\",\"isPartOf\":{\"@id\":\"https:\/\/pioneer-paper.com\/pt-pt\/#website\"},\"datePublished\":\"2023-07-10T16:38:31+00:00\",\"dateModified\":\"2023-07-20T14:20:37+00:00\",\"description\":\"O papel Pioneer \u00e9 vendido em mais de 60 pa\u00edses em todo o mundo. Selecione um local e encontre os pontos de venda mais pr\u00f3ximos.\",\"breadcrumb\":{\"@id\":\"https:\/\/pioneer-paper.com\/pt-pt\/onde-comprar\/pontos-de-venda\/#breadcrumb\"},\"inLanguage\":\"pt-PT\",\"potentialAction\":[{\"@type\":\"ReadAction\",\"target\":[\"https:\/\/pioneer-paper.com\/pt-pt\/onde-comprar\/pontos-de-venda\/\"]}]},{\"@type\":\"BreadcrumbList\",\"@id\":\"https:\/\/pioneer-paper.com\/pt-pt\/onde-comprar\/pontos-de-venda\/#breadcrumb\",\"itemListElement\":[{\"@type\":\"ListItem\",\"position\":1,\"name\":\"Onde comprar\",\"item\":\"https:\/\/pioneer-paper.com\/pt-pt\/where-to-buy\/\"},{\"@type\":\"ListItem\",\"position\":2,\"name\":\"Pontos de venda\"}]},{\"@type\":\"WebSite\",\"@id\":\"https:\/\/pioneer-paper.com\/pt-pt\/#website\",\"url\":\"https:\/\/pioneer-paper.com\/pt-pt\/\",\"name\":\"Pioneer Paper\",\"description\":\"Get Inspired\",\"potentialAction\":[{\"@type\":\"SearchAction\",\"target\":{\"@type\":\"EntryPoint\",\"urlTemplate\":\"https:\/\/pioneer-paper.com\/pt-pt\/?s={search_term_string}\"},\"query-input\":{\"@type\":\"PropertyValueSpecification\",\"valueRequired\":true,\"valueName\":\"search_term_string\"}}],\"inLanguage\":\"pt-PT\"}]}<\/script>\n<!-- \/ Yoast SEO plugin. -->","yoast_head_json":{"title":"Pontos de venda - Pioneer Paper","description":"O papel Pioneer \u00e9 vendido em mais de 60 pa\u00edses em todo o mundo. Selecione um local e encontre os pontos de venda mais pr\u00f3ximos.","robots":{"index":"index","follow":"follow","max-snippet":"max-snippet:-1","max-image-preview":"max-image-preview:large","max-video-preview":"max-video-preview:-1"},"canonical":"https:\/\/pioneer-paper.com\/pt-pt\/onde-comprar\/pontos-de-venda\/","og_locale":"pt_PT","og_type":"article","og_title":"Pontos de venda - Pioneer Paper","og_description":"O papel Pioneer \u00e9 vendido em mais de 60 pa\u00edses em todo o mundo. Selecione um local e encontre os pontos de venda mais pr\u00f3ximos.","og_url":"https:\/\/pioneer-paper.com\/pt-pt\/onde-comprar\/pontos-de-venda\/","og_site_name":"Pioneer Paper","article_modified_time":"2023-07-20T14:20:37+00:00","twitter_card":"summary_large_image","twitter_misc":{"Tempo estimado de leitura":"1 minuto"},"schema":{"@context":"https:\/\/schema.org","@graph":[{"@type":"WebPage","@id":"https:\/\/pioneer-paper.com\/pt-pt\/onde-comprar\/pontos-de-venda\/","url":"https:\/\/pioneer-paper.com\/pt-pt\/onde-comprar\/pontos-de-venda\/","name":"Pontos de venda - Pioneer Paper","isPartOf":{"@id":"https:\/\/pioneer-paper.com\/pt-pt\/#website"},"datePublished":"2023-07-10T16:38:31+00:00","dateModified":"2023-07-20T14:20:37+00:00","description":"O papel Pioneer \u00e9 vendido em mais de 60 pa\u00edses em todo o mundo. Selecione um local e encontre os pontos de venda mais pr\u00f3ximos.","breadcrumb":{"@id":"https:\/\/pioneer-paper.com\/pt-pt\/onde-comprar\/pontos-de-venda\/#breadcrumb"},"inLanguage":"pt-PT","potentialAction":[{"@type":"ReadAction","target":["https:\/\/pioneer-paper.com\/pt-pt\/onde-comprar\/pontos-de-venda\/"]}]},{"@type":"BreadcrumbList","@id":"https:\/\/pioneer-paper.com\/pt-pt\/onde-comprar\/pontos-de-venda\/#breadcrumb","itemListElement":[{"@type":"ListItem","position":1,"name":"Onde comprar","item":"https:\/\/pioneer-paper.com\/pt-pt\/where-to-buy\/"},{"@type":"ListItem","position":2,"name":"Pontos de venda"}]},{"@type":"WebSite","@id":"https:\/\/pioneer-paper.com\/pt-pt\/#website","url":"https:\/\/pioneer-paper.com\/pt-pt\/","name":"Pioneer Paper","description":"Get Inspired","potentialAction":[{"@type":"SearchAction","target":{"@type":"EntryPoint","urlTemplate":"https:\/\/pioneer-paper.com\/pt-pt\/?s={search_term_string}"},"query-input":{"@type":"PropertyValueSpecification","valueRequired":true,"valueName":"search_term_string"}}],"inLanguage":"pt-PT"}]}},"_links":{"self":[{"href":"https:\/\/pioneer-paper.com\/pt-pt\/wp-json\/wp\/v2\/pages\/8687","targetHints":{"allow":["GET"]}}],"collection":[{"href":"https:\/\/pioneer-paper.com\/pt-pt\/wp-json\/wp\/v2\/pages"}],"about":[{"href":"https:\/\/pioneer-paper.com\/pt-pt\/wp-json\/wp\/v2\/types\/page"}],"author":[{"embeddable":true,"href":"https:\/\/pioneer-paper.com\/pt-pt\/wp-json\/wp\/v2\/users\/3"}],"replies":[{"embeddable":true,"href":"https:\/\/pioneer-paper.com\/pt-pt\/wp-json\/wp\/v2\/comments?post=8687"}],"version-history":[{"count":2,"href":"https:\/\/pioneer-paper.com\/pt-pt\/wp-json\/wp\/v2\/pages\/8687\/revisions"}],"predecessor-version":[{"id":9412,"href":"https:\/\/pioneer-paper.com\/pt-pt\/wp-json\/wp\/v2\/pages\/8687\/revisions\/9412"}],"up":[{"embeddable":true,"href":"https:\/\/pioneer-paper.com\/pt-pt\/wp-json\/wp\/v2\/pages\/8680"}],"wp:attachment":[{"href":"https:\/\/pioneer-paper.com\/pt-pt\/wp-json\/wp\/v2\/media?parent=8687"}],"curies":[{"name":"wp","href":"https:\/\/api.w.org\/{rel}","templated":true}]}}