{"id":9101,"date":"2022-07-12T09:02:08","date_gmt":"2022-07-12T09:02:08","guid":{"rendered":"https:\/\/pioneer-paper.com\/produtos\/pioneer-office\/160gm2\/"},"modified":"2023-09-13T17:14:39","modified_gmt":"2023-09-13T17:14:39","slug":"160gm2","status":"publish","type":"page","link":"https:\/\/pioneer-paper.com\/pt-pt\/produtos\/pioneer-office\/160gm2\/","title":{"rendered":"Pioneer 160 g.m\u207b\u00b2"},"content":{"rendered":"<h1>exclusive inspiration<\/h1>\n<h5>Papel de escrit\u00f3rio ultrabranco para fotografias, capas e portef\u00f3lios de excel\u00eancia.<\/h5>\n","protected":false},"excerpt":{"rendered":"<p>exclusive inspiration Papel de escrit\u00f3rio ultrabranco para fotografias, capas e portef\u00f3lios de excel\u00eancia.<\/p>\n","protected":false},"author":3,"featured_media":3899,"parent":11194,"menu_order":6,"comment_status":"closed","ping_status":"closed","template":"templates\/product.php","meta":{"inline_featured_image":false,"footnotes":""},"class_list":["post-9101","page","type-page","status-publish","has-post-thumbnail","hentry"],"acf":[],"yoast_head":"<!-- This site is optimized with the Yoast SEO plugin v26.8 - https:\/\/yoast.com\/product\/yoast-seo-wordpress\/ -->\n<title>Pioneer 160 g.m\u207b\u00b2 - Pioneer Paper<\/title>\n<meta name=\"description\" content=\"O papel Exclusive Inspiration 160 g.m\u207b\u00b2 \u00e9 a escolha perfeita para documentos com muita cor que dependem da qualidade e desempenho, com excecional detalhe da imagem.\" \/>\n<meta name=\"robots\" content=\"index, follow, max-snippet:-1, max-image-preview:large, max-video-preview:-1\" \/>\n<link rel=\"canonical\" href=\"https:\/\/pioneer-paper.com\/pt-pt\/produtos\/pioneer-office\/160gm2\/\" \/>\n<meta property=\"og:locale\" content=\"pt_PT\" \/>\n<meta property=\"og:type\" content=\"article\" \/>\n<meta property=\"og:title\" content=\"Pioneer 160 g.m\u207b\u00b2 - Pioneer Paper\" \/>\n<meta property=\"og:description\" content=\"O papel Exclusive Inspiration 160 g.m\u207b\u00b2 \u00e9 a escolha perfeita para documentos com muita cor que dependem da qualidade e desempenho, com excecional detalhe da imagem.\" \/>\n<meta property=\"og:url\" content=\"https:\/\/pioneer-paper.com\/pt-pt\/produtos\/pioneer-office\/160gm2\/\" \/>\n<meta property=\"og:site_name\" content=\"Pioneer Paper\" \/>\n<meta property=\"article:modified_time\" content=\"2023-09-13T17:14:39+00:00\" \/>\n<meta property=\"og:image\" content=\"https:\/\/pioneer-paper.com\/wp-content\/uploads\/2022\/11\/Pioneer-Website-Img-Ream-160-comp.png\" \/>\n\t<meta property=\"og:image:width\" content=\"549\" \/>\n\t<meta property=\"og:image:height\" content=\"755\" \/>\n\t<meta property=\"og:image:type\" content=\"image\/png\" \/>\n<meta name=\"twitter:card\" content=\"summary_large_image\" \/>\n<meta name=\"twitter:label1\" content=\"Tempo estimado de leitura\" \/>\n\t<meta name=\"twitter:data1\" content=\"1 minuto\" \/>\n<script type=\"application\/ld+json\" class=\"yoast-schema-graph\">{\"@context\":\"https:\/\/schema.org\",\"@graph\":[{\"@type\":\"WebPage\",\"@id\":\"https:\/\/pioneer-paper.com\/pt-pt\/produtos\/pioneer-office\/160gm2\/\",\"url\":\"https:\/\/pioneer-paper.com\/pt-pt\/produtos\/pioneer-office\/160gm2\/\",\"name\":\"Pioneer 160 g.m\u207b\u00b2 - Pioneer Paper\",\"isPartOf\":{\"@id\":\"https:\/\/pioneer-paper.com\/pt-pt\/#website\"},\"primaryImageOfPage\":{\"@id\":\"https:\/\/pioneer-paper.com\/pt-pt\/produtos\/pioneer-office\/160gm2\/#primaryimage\"},\"image\":{\"@id\":\"https:\/\/pioneer-paper.com\/pt-pt\/produtos\/pioneer-office\/160gm2\/#primaryimage\"},\"thumbnailUrl\":\"https:\/\/pioneer-paper.com\/wp-content\/uploads\/2022\/11\/Pioneer-Website-Img-Ream-160-comp.png\",\"datePublished\":\"2022-07-12T09:02:08+00:00\",\"dateModified\":\"2023-09-13T17:14:39+00:00\",\"description\":\"O papel Exclusive Inspiration 160 g.m\u207b\u00b2 \u00e9 a escolha perfeita para documentos com muita cor que dependem da qualidade e desempenho, com excecional detalhe da imagem.\",\"breadcrumb\":{\"@id\":\"https:\/\/pioneer-paper.com\/pt-pt\/produtos\/pioneer-office\/160gm2\/#breadcrumb\"},\"inLanguage\":\"pt-PT\",\"potentialAction\":[{\"@type\":\"ReadAction\",\"target\":[\"https:\/\/pioneer-paper.com\/pt-pt\/produtos\/pioneer-office\/160gm2\/\"]}]},{\"@type\":\"ImageObject\",\"inLanguage\":\"pt-PT\",\"@id\":\"https:\/\/pioneer-paper.com\/pt-pt\/produtos\/pioneer-office\/160gm2\/#primaryimage\",\"url\":\"https:\/\/pioneer-paper.com\/wp-content\/uploads\/2022\/11\/Pioneer-Website-Img-Ream-160-comp.png\",\"contentUrl\":\"https:\/\/pioneer-paper.com\/wp-content\/uploads\/2022\/11\/Pioneer-Website-Img-Ream-160-comp.png\",\"width\":549,\"height\":755},{\"@type\":\"BreadcrumbList\",\"@id\":\"https:\/\/pioneer-paper.com\/pt-pt\/produtos\/pioneer-office\/160gm2\/#breadcrumb\",\"itemListElement\":[{\"@type\":\"ListItem\",\"position\":1,\"name\":\"Produtos\",\"item\":\"https:\/\/pioneer-paper.com\/pt-pt\/products\/\"},{\"@type\":\"ListItem\",\"position\":2,\"name\":\"Pioneer Office\",\"item\":\"https:\/\/pioneer-paper.com\/pt-pt\/products\/pioneer-office\/\"},{\"@type\":\"ListItem\",\"position\":3,\"name\":\"Pioneer 160 g.m\u207b\u00b2\"}]},{\"@type\":\"WebSite\",\"@id\":\"https:\/\/pioneer-paper.com\/pt-pt\/#website\",\"url\":\"https:\/\/pioneer-paper.com\/pt-pt\/\",\"name\":\"Pioneer Paper\",\"description\":\"Get Inspired\",\"potentialAction\":[{\"@type\":\"SearchAction\",\"target\":{\"@type\":\"EntryPoint\",\"urlTemplate\":\"https:\/\/pioneer-paper.com\/pt-pt\/?s={search_term_string}\"},\"query-input\":{\"@type\":\"PropertyValueSpecification\",\"valueRequired\":true,\"valueName\":\"search_term_string\"}}],\"inLanguage\":\"pt-PT\"}]}<\/script>\n<!-- \/ Yoast SEO plugin. -->","yoast_head_json":{"title":"Pioneer 160 g.m\u207b\u00b2 - Pioneer Paper","description":"O papel Exclusive Inspiration 160 g.m\u207b\u00b2 \u00e9 a escolha perfeita para documentos com muita cor que dependem da qualidade e desempenho, com excecional detalhe da imagem.","robots":{"index":"index","follow":"follow","max-snippet":"max-snippet:-1","max-image-preview":"max-image-preview:large","max-video-preview":"max-video-preview:-1"},"canonical":"https:\/\/pioneer-paper.com\/pt-pt\/produtos\/pioneer-office\/160gm2\/","og_locale":"pt_PT","og_type":"article","og_title":"Pioneer 160 g.m\u207b\u00b2 - Pioneer Paper","og_description":"O papel Exclusive Inspiration 160 g.m\u207b\u00b2 \u00e9 a escolha perfeita para documentos com muita cor que dependem da qualidade e desempenho, com excecional detalhe da imagem.","og_url":"https:\/\/pioneer-paper.com\/pt-pt\/produtos\/pioneer-office\/160gm2\/","og_site_name":"Pioneer Paper","article_modified_time":"2023-09-13T17:14:39+00:00","og_image":[{"width":549,"height":755,"url":"https:\/\/pioneer-paper.com\/wp-content\/uploads\/2022\/11\/Pioneer-Website-Img-Ream-160-comp.png","type":"image\/png"}],"twitter_card":"summary_large_image","twitter_misc":{"Tempo estimado de leitura":"1 minuto"},"schema":{"@context":"https:\/\/schema.org","@graph":[{"@type":"WebPage","@id":"https:\/\/pioneer-paper.com\/pt-pt\/produtos\/pioneer-office\/160gm2\/","url":"https:\/\/pioneer-paper.com\/pt-pt\/produtos\/pioneer-office\/160gm2\/","name":"Pioneer 160 g.m\u207b\u00b2 - Pioneer Paper","isPartOf":{"@id":"https:\/\/pioneer-paper.com\/pt-pt\/#website"},"primaryImageOfPage":{"@id":"https:\/\/pioneer-paper.com\/pt-pt\/produtos\/pioneer-office\/160gm2\/#primaryimage"},"image":{"@id":"https:\/\/pioneer-paper.com\/pt-pt\/produtos\/pioneer-office\/160gm2\/#primaryimage"},"thumbnailUrl":"https:\/\/pioneer-paper.com\/wp-content\/uploads\/2022\/11\/Pioneer-Website-Img-Ream-160-comp.png","datePublished":"2022-07-12T09:02:08+00:00","dateModified":"2023-09-13T17:14:39+00:00","description":"O papel Exclusive Inspiration 160 g.m\u207b\u00b2 \u00e9 a escolha perfeita para documentos com muita cor que dependem da qualidade e desempenho, com excecional detalhe da imagem.","breadcrumb":{"@id":"https:\/\/pioneer-paper.com\/pt-pt\/produtos\/pioneer-office\/160gm2\/#breadcrumb"},"inLanguage":"pt-PT","potentialAction":[{"@type":"ReadAction","target":["https:\/\/pioneer-paper.com\/pt-pt\/produtos\/pioneer-office\/160gm2\/"]}]},{"@type":"ImageObject","inLanguage":"pt-PT","@id":"https:\/\/pioneer-paper.com\/pt-pt\/produtos\/pioneer-office\/160gm2\/#primaryimage","url":"https:\/\/pioneer-paper.com\/wp-content\/uploads\/2022\/11\/Pioneer-Website-Img-Ream-160-comp.png","contentUrl":"https:\/\/pioneer-paper.com\/wp-content\/uploads\/2022\/11\/Pioneer-Website-Img-Ream-160-comp.png","width":549,"height":755},{"@type":"BreadcrumbList","@id":"https:\/\/pioneer-paper.com\/pt-pt\/produtos\/pioneer-office\/160gm2\/#breadcrumb","itemListElement":[{"@type":"ListItem","position":1,"name":"Produtos","item":"https:\/\/pioneer-paper.com\/pt-pt\/products\/"},{"@type":"ListItem","position":2,"name":"Pioneer Office","item":"https:\/\/pioneer-paper.com\/pt-pt\/products\/pioneer-office\/"},{"@type":"ListItem","position":3,"name":"Pioneer 160 g.m\u207b\u00b2"}]},{"@type":"WebSite","@id":"https:\/\/pioneer-paper.com\/pt-pt\/#website","url":"https:\/\/pioneer-paper.com\/pt-pt\/","name":"Pioneer Paper","description":"Get Inspired","potentialAction":[{"@type":"SearchAction","target":{"@type":"EntryPoint","urlTemplate":"https:\/\/pioneer-paper.com\/pt-pt\/?s={search_term_string}"},"query-input":{"@type":"PropertyValueSpecification","valueRequired":true,"valueName":"search_term_string"}}],"inLanguage":"pt-PT"}]}},"_links":{"self":[{"href":"https:\/\/pioneer-paper.com\/pt-pt\/wp-json\/wp\/v2\/pages\/9101","targetHints":{"allow":["GET"]}}],"collection":[{"href":"https:\/\/pioneer-paper.com\/pt-pt\/wp-json\/wp\/v2\/pages"}],"about":[{"href":"https:\/\/pioneer-paper.com\/pt-pt\/wp-json\/wp\/v2\/types\/page"}],"author":[{"embeddable":true,"href":"https:\/\/pioneer-paper.com\/pt-pt\/wp-json\/wp\/v2\/users\/3"}],"replies":[{"embeddable":true,"href":"https:\/\/pioneer-paper.com\/pt-pt\/wp-json\/wp\/v2\/comments?post=9101"}],"version-history":[{"count":5,"href":"https:\/\/pioneer-paper.com\/pt-pt\/wp-json\/wp\/v2\/pages\/9101\/revisions"}],"predecessor-version":[{"id":11203,"href":"https:\/\/pioneer-paper.com\/pt-pt\/wp-json\/wp\/v2\/pages\/9101\/revisions\/11203"}],"up":[{"embeddable":true,"href":"https:\/\/pioneer-paper.com\/pt-pt\/wp-json\/wp\/v2\/pages\/11194"}],"wp:featuredmedia":[{"embeddable":true,"href":"https:\/\/pioneer-paper.com\/pt-pt\/wp-json\/wp\/v2\/media\/3899"}],"wp:attachment":[{"href":"https:\/\/pioneer-paper.com\/pt-pt\/wp-json\/wp\/v2\/media?parent=9101"}],"curies":[{"name":"wp","href":"https:\/\/api.w.org\/{rel}","templated":true}]}}